{"id":102,"date":"2018-02-21T12:55:31","date_gmt":"2018-02-21T11:55:31","guid":{"rendered":"https:\/\/softvenceomega.com\/?page_id=102"},"modified":"2019-10-28T15:31:13","modified_gmt":"2019-10-28T14:31:13","slug":"privatfeier","status":"publish","type":"page","link":"https:\/\/softvenceomega.com\/?page_id=102","title":{"rendered":"Privatfeier"},"content":{"rendered":"[vc_row full_width=&#8221;stretch_row&#8221; content_placement=&#8221;bottom&#8221; parallax=&#8221;content-moving-fade&#8221; parallax_image=&#8221;1210&#8243; parallax_speed_bg=&#8221;2&#8243;][vc_column][vc_empty_space height=&#8221;400px&#8221;][\/vc_column][\/vc_row][vc_row css=&#8221;.vc_custom_1548505682277{padding-top: 30px !important;}&#8221;][vc_column][vc_column_text css=&#8221;.vc_custom_1548534836985{margin-top: 50px !important;margin-bottom: 50px !important;}&#8221;]\n<h1 style=\"text-align: center;\">Getr\u00e4nke Catering &amp; Unterhaltung f\u00fcr Privatfeiern<\/h1>\n[\/vc_column_text][\/vc_column][\/vc_row][vc_row][vc_column][vc_column_text]Sie planen einen Geburtstag, ein Fest zum Jahrestag oder eine Hochzeit? Sie w\u00fcnschen sich einen professionellen Ansprechpartner, der ein Ohr f\u00fcr Sie hat und Sie bei die Organisation unterst\u00fctzt? FLAIRLAB k\u00fcmmert sich. <a href=\"\/mobile-cocktailbar\/\">Mobile Bars<\/a>, <a href=\"\/flairlab-cocktailkarte\/\">Cocktails<\/a>, Barkeeper oder auch Animation mit unseren K\u00fcnstlern &#8211; wir finden auch f\u00fcr Ihr Fest das passende Angebot.[\/vc_column_text][\/vc_column][\/vc_row][vc_row full_width=&#8221;stretch_row&#8221; parallax=&#8221;content-moving&#8221; parallax_image=&#8221;1919&#8243; parallax_speed_bg=&#8221;2&#8243; el_id=&#8221;Hochszeitsfeier&#8221;][vc_column][vc_empty_space height=&#8221;400px&#8221;][\/vc_column][\/vc_row][vc_row el_id=&#8221;hochzeit&#8221;][vc_column][vc_column_text]\n<h2 style=\"text-align: center;\">Getr\u00e4nke Catering &amp; Unterhaltung f\u00fcr Hochzeitsfeier<\/h2>\n<p>Das JA-Wort haben Sie sich schon versprochen, jetzt m\u00fcssen Sie es nur noch vor Zeugen sagen! Sie sind gerade dabei eine der wichtigsten Veranstaltungen Ihres Lebens zu planen, bei der Ihre Freunde und Familie gemeinsam Ihre Liebe feiern. Die G\u00e4steliste steht fest, genauso wie das Datum sowie die Hochzeitslocation. Es ist schon mal vieles geschafft &#8230;Bravo!!!<\/p>\n<span class=\"collapseomatic \" id=\"id69e73919c9faa\"  tabindex=\"0\" title=\"Jetzt sind Sie auf der Suche, nach einem vertrauensw\u00fcrdigem Dienstleister, der Ihnen und Ihren G\u00e4sten am Hochzeitstag jeden Getr\u00e4nkewunsch von den Augen abliest...\"    >Jetzt sind Sie auf der Suche, nach einem vertrauensw\u00fcrdigem Dienstleister, der Ihnen und Ihren G\u00e4sten am Hochzeitstag jeden Getr\u00e4nkewunsch von den Augen abliest...<\/span><div id=\"target-id69e73919c9faa\" class=\"collapseomatic_content \">\nWir helfen Ihr Hochzeitsfest zu etwas ganz Besonderem zu machen. Eine professionelle Barista, die Ihren G\u00e4sten einen einzigartigen Kaffee zubereitet mit Latte Art serviert; ein Champagner Empfang vor der Kirche mit musikalischer Untermalung; eine Cocktailshow zur Einstimmung in das Abendprogramm, bei der unsere Showbarkeeper evtl. gemeinsam mit Ihren engsten Freunden eine B\u00fchneneinlage pr\u00e4sentieren und nat\u00fcrlich ein hochwertiges Cocktailcatering um Ihren G\u00e4sten den Abend zu vers\u00fc\u00dfen &#8211; das alles kann Ihnen FLAIRLAB bieten.<\/p>\n<p>Wenn es um Unterhaltung und anspruchvolles Getr\u00e4nke- &amp; Cocktailcatering geht ist FLAIRLAB der richtige Ansprechpartner &#8211; Sie k\u00f6nnen Ihre Suche nach dem passenden Dienstleister beenden, Sie haben uns gefunden!<br \/>\n<\/div>[\/vc_column_text][\/vc_column][\/vc_row][vc_row][vc_column width=&#8221;3\/4&#8243;][vc_column_text]Wir k\u00f6nnen Sie mit folgenden Dienstleistungen bei Ihrer Hochzeitsfeier unterst\u00fctzen:<\/p>\n<ul>\n<li>Getr\u00e4nke-&amp; <a href=\"https:\/\/softvenceomega.com\/cocktailcatering\/\">Cocktailcatering<\/a><\/li>\n<li><a href=\"https:\/\/softvenceomega.com\/showbarkeeper-cocktailshow\/\">Showbarkeeper unterhaltung<\/a> \/ <a href=\"https:\/\/softvenceomega.com\/cocktailshow\/\">Cocktailshow<\/a> mit G\u00e4steeinbindung<\/li>\n<li>Live Music &amp; DJ<\/li>\n<li>K\u00fcnstlerprogramm<\/li>\n<li><a href=\"\/kaffee-catering\/\">Kaffee Catering<\/a><\/li>\n<\/ul>\n[\/vc_column_text][\/vc_column][vc_column width=&#8221;1\/4&#8243;][vc_column_text]<iframe loading=\"lazy\" src=\"https:\/\/www.youtube.com\/embed\/19HtKPji5R4?rel=0\" width=\"255\" height=\"157\" frameborder=\"0\" allowfullscreen=\"allowfullscreen\"><\/iframe>[\/vc_column_text][\/vc_column][\/vc_row][vc_row full_width=&#8221;stretch_row&#8221; css=&#8221;.vc_custom_1523551153346{margin-bottom: 30px !important;}&#8221;][vc_column][vc_column_text]\n<div style=\"margin: 0 auto; text-align: center;\">\n<p><a href=\"\/kontakt-zum-flairlab-team\/\"><button style=\"background-color: #0abee9; text-align: center; color: white; border: none; border-radius: 6px; padding: 15px; box-shadow: 0 3px 8px 0 rgba(0,0,0,0.2), 0 1px 900px 0 rgba(0,0,0,0.19);\"><span style=\"font-size: 22px;\">\u00bb JETZT unverbindliche Anfrage stellen!<\/span><\/button><\/a><\/p>\n<\/div>\n[\/vc_column_text][\/vc_column][\/vc_row][vc_row full_width=&#8221;stretch_row&#8221; parallax=&#8221;content-moving&#8221; parallax_image=&#8221;2199&#8243; parallax_speed_bg=&#8221;2&#8243; el_id=&#8221;Privatfeier&#8221;][vc_column][vc_empty_space height=&#8221;400px&#8221;][\/vc_column][\/vc_row][vc_row][vc_column][vc_column_text]\n<h2 style=\"text-align: center;\">Getr\u00e4nke Catering &amp; Unterhaltung f\u00fcr Geburtstagsfeier\/ Familienfest<\/h2>\n<p>Eine Geburtstagsfeier, ein Jahrestag oder das j\u00e4hrliche Gro\u00dffamilientreffen? Es gibt genug gute Gr\u00fcnde um Familie und Freunde zusammen zu bringen. Sie sollten die Zeit nicht mit dem Servieren von Getr\u00e4nken verbringen sondern besser mitten im Kreise Ihrer Liebsten. Lassen Sie sich doch von einem professionellen Getr\u00e4nke Catering und Partyservice unterst\u00fctzen. Ob Workshop mit Kindern, Sektempfang oder der DJ am Abend &#8211; wir von FLAIRLAB k\u00f6nnen Sie auf Wunsch den ganzen Tag begleiten oder auch nur f\u00fcr Ihr Barcatering am Abend.<\/p>\n<p>Kontaktieren Sie uns und wir finden gemeinsam heraus, welche Art von Getr\u00e4nke Catering und Unterhaltung am besten zu Ihrem Feieranlass und Ihrem Budget passt.<\/p>\n<p>Die meisten unserer Kunden entscheiden sich f\u00fcr folgende Dienstleistungen:<\/p>\n<ul>\n<li>Cocktailcatering mit Showbarkeeper<\/li>\n<li>Sektempfang<\/li>\n<li>DJ<\/li>\n<\/ul>\n[\/vc_column_text][\/vc_column][\/vc_row][vc_row full_width=&#8221;stretch_row&#8221; css=&#8221;.vc_custom_1523551153346{margin-bottom: 30px !important;}&#8221;][vc_column][vc_column_text]\n<div style=\"margin: 0 auto; text-align: center;\">\n<p><a href=\"\/kontakt-zum-flairlab-team\/\"><button style=\"background-color: #0abee9; text-align: center; color: white; border: none; border-radius: 6px; padding: 15px; box-shadow: 0 3px 8px 0 rgba(0,0,0,0.2), 0 1px 900px 0 rgba(0,0,0,0.19);\"><span style=\"font-size: 22px;\">\u00bb JETZT unverbindliche Anfrage stellen!<\/span><\/button><\/a><\/p>\n<\/div>\n[\/vc_column_text][\/vc_column][\/vc_row][vc_row full_width=&#8221;stretch_row&#8221; parallax=&#8221;content-moving&#8221; parallax_image=&#8221;2203&#8243; parallax_speed_bg=&#8221;2&#8243;][vc_column][vc_empty_space height=&#8221;400px&#8221;][\/vc_column][\/vc_row][vc_row el_id=&#8221;Family&#8221;][vc_column][vc_column_text]\n<h2 style=\"text-align: center;\">Getr\u00e4nkecatering &amp; Unterhaltung f\u00fcr alle Generationen<\/h2>\n<p>Auf allen Privatfeiern die wir unterst\u00fctzen, begl\u00fccken wir nicht nur die Erwachsenen mit unseren leckeren Cocktails sondern sorgen auch daf\u00fcr, dass den Kindern nicht langweilig wird. Mit leuchtenden Eisw\u00fcrfeln, einer Show, bei der viele G\u00e4ste zu Hauptfiguren werden oder Spezial Workshops f\u00fcr Kinder &#8211; wir bringen alle Augen zum Leuchten. Unsere Showbarkeeper haben viel Erfahrung darin alle Art von G\u00e4sten jeden Alters zu unterhalten. Wir passen uns all Ihren Bed\u00fcrfnissen an und servieren Ihren G\u00e4sten leckere Smoothies, erlesenen Kaffee, Sekt oder nat\u00fcrlich die besten Cocktails mit und ohne Alkohol.<\/p>\n<p>Kontaktieren Sie uns und wir machen Ihnen das passende Angebot um Ihre G\u00e4ste jeden Alters zu unterhalten. Wir freuen uns darauf![\/vc_column_text][\/vc_column][\/vc_row][vc_row full_width=&#8221;stretch_row&#8221; css=&#8221;.vc_custom_1523551153346{margin-bottom: 30px !important;}&#8221;][vc_column][vc_column_text]\n<div style=\"margin: 0 auto; text-align: center;\">\n<p><a href=\"\/kontakt-zum-flairlab-team\/\"><button style=\"background-color: #0abee9; text-align: center; color: white; border: none; border-radius: 6px; padding: 15px; box-shadow: 0 3px 8px 0 rgba(0,0,0,0.2), 0 1px 900px 0 rgba(0,0,0,0.19);\"><span style=\"font-size: 22px;\">\u00bb JETZT unverbindliche Anfrage stellen!<\/span><\/button><\/a><\/p>\n<\/div>\n[\/vc_column_text][\/vc_column][\/vc_row][vc_row full_width=&#8221;stretch_row&#8221; css=&#8221;.vc_custom_1548544788348{margin-top: 50px !important;padding-top: 30px !important;padding-bottom: 30px !important;background-color: #f2f2f2 !important;}&#8221;][vc_column width=&#8221;1\/3&#8243;][vc_single_image image=&#8221;2179&#8243; img_size=&#8221;medium&#8221; style=&#8221;vc_box_shadow_border_circle_2&#8243;][vc_column_text]\n<h3>Jonas &amp; Jovita B.<\/h3>\n<p>Hochzeitspaar[\/vc_column_text][\/vc_column][vc_column width=&#8221;2\/3&#8243;][vc_column_text]\n<h3>Projekt : Hochzeit &#8211; Cocktailschow &amp; Cocktailcatering<\/h3>\n[\/vc_column_text][vc_column_text]100% zu empfehlen! Wir hatten Flairlab f\u00fcr unsere Hochzeitsparty auf einem Flo\u00df gebucht und waren begeistert. Flo hat sich um wirklich alles gek\u00fcmmert so das wir den Tag ohne Stress genie\u00dfen konnten. Die Cocktails waren super lecker und wurden mit kleine Showeinlagen gemixt. Sehr sympatisch und dabei absolut professionell! Danke :)[\/vc_column_text][vc_single_image image=&#8221;2132&#8243; img_size=&#8221;medium&#8221;][\/vc_column][\/vc_row]\n","protected":false},"excerpt":{"rendered":"<p>[vc_row full_width=&#8221;stretch_row&#8221; content_placement=&#8221;bottom&#8221; parallax=&#8221;content-moving-fade&#8221; parallax_image=&#8221;1210&#8243; parallax_speed_bg=&#8221;2&#8243;][vc_column][vc_empty_space height=&#8221;400px&#8221;][\/vc_column][\/vc_row][vc_row css=&#8221;.vc_custom_1548505682277{padding-top: 30px !important;}&#8221;][vc_column][vc_column_text css=&#8221;.vc_custom_1548534836985{margin-top: 50px !important;margin-bottom: 50px !important;}&#8221;] Getr\u00e4nke Catering &amp; Unterhaltung f\u00fcr Privatfeiern [\/vc_column_text][\/vc_column][\/vc_row][vc_row][vc_column][vc_column_text]Sie planen einen Geburtstag, ein Fest zum Jahrestag oder eine Hochzeit? Sie w\u00fcnschen sich einen professionellen Ansprechpartner, der ein Ohr f\u00fcr Sie hat und Sie bei die Organisation unterst\u00fctzt? FLAIRLAB k\u00fcmmert sich. Mobile Bars, [&hellip;]<\/p>\n","protected":false},"author":3,"featured_media":1210,"parent":0,"menu_order":0,"comment_status":"closed","ping_status":"closed","template":"","meta":{"content-type":"","footnotes":""},"class_list":["post-102","page","type-page","status-publish","has-post-thumbnail","hentry"],"yoast_head":"<!-- This site is optimized with the Yoast SEO Premium plugin v27.0 (Yoast SEO v27.1.1) - https:\/\/yoast.com\/product\/yoast-seo-premium-wordpress\/ -->\n<title>Privatfeier mit Flairlab - Hochzeiten, Geburtstage, Jubil\u00e4en<\/title>\n<meta name=\"description\" content=\"Privatfeier mit Flairlab - Hochzeiten, Geburtstage, Jubil\u00e4en - alles f\u00fcr Ihre Veranstaltung. Das Team von FLAIRLAB k\u00fcmmert sich\" \/>\n<meta name=\"robots\" content=\"index, follow, max-snippet:-1, max-image-preview:large, max-video-preview:-1\" \/>\n<link rel=\"canonical\" href=\"https:\/\/softvenceomega.com\/?page_id=102\" \/>\n<meta property=\"og:locale\" content=\"en_US\" \/>\n<meta property=\"og:type\" content=\"article\" \/>\n<meta property=\"og:title\" content=\"Privatfeier mit Flairlab - Hochzeiten, Geburtstage, Jubil\u00e4en\" \/>\n<meta property=\"og:description\" content=\"Privatfeier mit Flairlab - Hochzeiten, Geburtstage, Jubil\u00e4en\" \/>\n<meta property=\"og:url\" content=\"https:\/\/softvenceomega.com\/?page_id=102\" \/>\n<meta property=\"og:site_name\" content=\"FLAIRLAB\" \/>\n<meta property=\"article:publisher\" content=\"https:\/\/m.facebook.com\/flairlab\" \/>\n<meta property=\"article:modified_time\" content=\"2019-10-28T14:31:13+00:00\" \/>\n<meta property=\"og:image\" content=\"https:\/\/softvenceomega.com\/wp-content\/uploads\/2018\/05\/WM__MG_0379.jpg\" \/>\n\t<meta property=\"og:image:width\" content=\"1920\" \/>\n\t<meta property=\"og:image:height\" content=\"1280\" \/>\n\t<meta property=\"og:image:type\" content=\"image\/jpeg\" \/>\n<meta name=\"twitter:card\" content=\"summary_large_image\" \/>\n<meta name=\"twitter:title\" content=\"Privatfeier mit Flairlab - Hochzeiten, Geburtstage, Jubil\u00e4en\" \/>\n<meta name=\"twitter:description\" content=\"Privatfeier mit Flairlab - Hochzeiten, Geburtstage, Jubil\u00e4en\" \/>\n<meta name=\"twitter:image\" content=\"https:\/\/softvenceomega.com\/wp-content\/uploads\/2018\/05\/WM__MG_0379.jpg\" \/>\n<meta name=\"twitter:label1\" content=\"Est. reading time\" \/>\n\t<meta name=\"twitter:data1\" content=\"5 minutes\" \/>\n<script type=\"application\/ld+json\" class=\"yoast-schema-graph\">{\"@context\":\"https:\/\/schema.org\",\"@graph\":[{\"@type\":\"WebPage\",\"@id\":\"https:\/\/softvenceomega.com\/?page_id=102\",\"url\":\"https:\/\/softvenceomega.com\/?page_id=102\",\"name\":\"Privatfeier mit Flairlab - Hochzeiten, Geburtstage, Jubil\u00e4en\",\"isPartOf\":{\"@id\":\"https:\/\/softvenceomega.com\/#website\"},\"primaryImageOfPage\":{\"@id\":\"https:\/\/softvenceomega.com\/?page_id=102#primaryimage\"},\"image\":{\"@id\":\"https:\/\/softvenceomega.com\/?page_id=102#primaryimage\"},\"thumbnailUrl\":\"https:\/\/softvenceomega.com\/wp-content\/uploads\/2018\/05\/WM__MG_0379.jpg\",\"datePublished\":\"2018-02-21T11:55:31+00:00\",\"dateModified\":\"2019-10-28T14:31:13+00:00\",\"description\":\"Privatfeier mit Flairlab - Hochzeiten, Geburtstage, Jubil\u00e4en - alles f\u00fcr Ihre Veranstaltung. Das Team von FLAIRLAB k\u00fcmmert sich\",\"breadcrumb\":{\"@id\":\"https:\/\/softvenceomega.com\/?page_id=102#breadcrumb\"},\"inLanguage\":\"en-US\",\"potentialAction\":[{\"@type\":\"ReadAction\",\"target\":[\"https:\/\/softvenceomega.com\/?page_id=102\"]}]},{\"@type\":\"ImageObject\",\"inLanguage\":\"en-US\",\"@id\":\"https:\/\/softvenceomega.com\/?page_id=102#primaryimage\",\"url\":\"https:\/\/softvenceomega.com\/wp-content\/uploads\/2018\/05\/WM__MG_0379.jpg\",\"contentUrl\":\"https:\/\/softvenceomega.com\/wp-content\/uploads\/2018\/05\/WM__MG_0379.jpg\",\"width\":1920,\"height\":1280,\"caption\":\"Privatfeier mit Flairlab - Hochzeiten, Geburtstage, Jubil\u00e4en\"},{\"@type\":\"BreadcrumbList\",\"@id\":\"https:\/\/softvenceomega.com\/?page_id=102#breadcrumb\",\"itemListElement\":[{\"@type\":\"ListItem\",\"position\":1,\"name\":\"Startseite\",\"item\":\"https:\/\/softvenceomega.com\/\"},{\"@type\":\"ListItem\",\"position\":2,\"name\":\"Privatfeier\"}]},{\"@type\":\"WebSite\",\"@id\":\"https:\/\/softvenceomega.com\/#website\",\"url\":\"https:\/\/softvenceomega.com\/\",\"name\":\"FLAIRLAB\",\"description\":\"Cocktailshows &amp; Barcatering Berlin\",\"publisher\":{\"@id\":\"https:\/\/softvenceomega.com\/#organization\"},\"potentialAction\":[{\"@type\":\"SearchAction\",\"target\":{\"@type\":\"EntryPoint\",\"urlTemplate\":\"https:\/\/softvenceomega.com\/?s={search_term_string}\"},\"query-input\":{\"@type\":\"PropertyValueSpecification\",\"valueRequired\":true,\"valueName\":\"search_term_string\"}}],\"inLanguage\":\"en-US\"},{\"@type\":\"Organization\",\"@id\":\"https:\/\/softvenceomega.com\/#organization\",\"name\":\"FLAIRLAB\",\"url\":\"https:\/\/softvenceomega.com\/\",\"logo\":{\"@type\":\"ImageObject\",\"inLanguage\":\"en-US\",\"@id\":\"https:\/\/softvenceomega.com\/#\/schema\/logo\/image\/\",\"url\":\"https:\/\/softvenceomega.com\/wp-content\/uploads\/2018\/02\/flairlab_logo_footer.png\",\"contentUrl\":\"https:\/\/softvenceomega.com\/wp-content\/uploads\/2018\/02\/flairlab_logo_footer.png\",\"width\":140,\"height\":94,\"caption\":\"FLAIRLAB\"},\"image\":{\"@id\":\"https:\/\/softvenceomega.com\/#\/schema\/logo\/image\/\"},\"sameAs\":[\"https:\/\/m.facebook.com\/flairlab\",\"https:\/\/www.youtube.com\/channel\/UCbwwj0xCPRUalnWlgFs3l1A\"]}]}<\/script>\n<!-- \/ Yoast SEO Premium plugin. -->","yoast_head_json":{"title":"Privatfeier mit Flairlab - Hochzeiten, Geburtstage, Jubil\u00e4en","description":"Privatfeier mit Flairlab - Hochzeiten, Geburtstage, Jubil\u00e4en - alles f\u00fcr Ihre Veranstaltung. Das Team von FLAIRLAB k\u00fcmmert sich","robots":{"index":"index","follow":"follow","max-snippet":"max-snippet:-1","max-image-preview":"max-image-preview:large","max-video-preview":"max-video-preview:-1"},"canonical":"https:\/\/softvenceomega.com\/?page_id=102","og_locale":"en_US","og_type":"article","og_title":"Privatfeier mit Flairlab - Hochzeiten, Geburtstage, Jubil\u00e4en","og_description":"Privatfeier mit Flairlab - Hochzeiten, Geburtstage, Jubil\u00e4en","og_url":"https:\/\/softvenceomega.com\/?page_id=102","og_site_name":"FLAIRLAB","article_publisher":"https:\/\/m.facebook.com\/flairlab","article_modified_time":"2019-10-28T14:31:13+00:00","og_image":[{"width":1920,"height":1280,"url":"https:\/\/softvenceomega.com\/wp-content\/uploads\/2018\/05\/WM__MG_0379.jpg","type":"image\/jpeg"}],"twitter_card":"summary_large_image","twitter_title":"Privatfeier mit Flairlab - Hochzeiten, Geburtstage, Jubil\u00e4en","twitter_description":"Privatfeier mit Flairlab - Hochzeiten, Geburtstage, Jubil\u00e4en","twitter_image":"https:\/\/softvenceomega.com\/wp-content\/uploads\/2018\/05\/WM__MG_0379.jpg","twitter_misc":{"Est. reading time":"5 minutes"},"schema":{"@context":"https:\/\/schema.org","@graph":[{"@type":"WebPage","@id":"https:\/\/softvenceomega.com\/?page_id=102","url":"https:\/\/softvenceomega.com\/?page_id=102","name":"Privatfeier mit Flairlab - Hochzeiten, Geburtstage, Jubil\u00e4en","isPartOf":{"@id":"https:\/\/softvenceomega.com\/#website"},"primaryImageOfPage":{"@id":"https:\/\/softvenceomega.com\/?page_id=102#primaryimage"},"image":{"@id":"https:\/\/softvenceomega.com\/?page_id=102#primaryimage"},"thumbnailUrl":"https:\/\/softvenceomega.com\/wp-content\/uploads\/2018\/05\/WM__MG_0379.jpg","datePublished":"2018-02-21T11:55:31+00:00","dateModified":"2019-10-28T14:31:13+00:00","description":"Privatfeier mit Flairlab - Hochzeiten, Geburtstage, Jubil\u00e4en - alles f\u00fcr Ihre Veranstaltung. Das Team von FLAIRLAB k\u00fcmmert sich","breadcrumb":{"@id":"https:\/\/softvenceomega.com\/?page_id=102#breadcrumb"},"inLanguage":"en-US","potentialAction":[{"@type":"ReadAction","target":["https:\/\/softvenceomega.com\/?page_id=102"]}]},{"@type":"ImageObject","inLanguage":"en-US","@id":"https:\/\/softvenceomega.com\/?page_id=102#primaryimage","url":"https:\/\/softvenceomega.com\/wp-content\/uploads\/2018\/05\/WM__MG_0379.jpg","contentUrl":"https:\/\/softvenceomega.com\/wp-content\/uploads\/2018\/05\/WM__MG_0379.jpg","width":1920,"height":1280,"caption":"Privatfeier mit Flairlab - Hochzeiten, Geburtstage, Jubil\u00e4en"},{"@type":"BreadcrumbList","@id":"https:\/\/softvenceomega.com\/?page_id=102#breadcrumb","itemListElement":[{"@type":"ListItem","position":1,"name":"Startseite","item":"https:\/\/softvenceomega.com\/"},{"@type":"ListItem","position":2,"name":"Privatfeier"}]},{"@type":"WebSite","@id":"https:\/\/softvenceomega.com\/#website","url":"https:\/\/softvenceomega.com\/","name":"FLAIRLAB","description":"Cocktailshows &amp; Barcatering Berlin","publisher":{"@id":"https:\/\/softvenceomega.com\/#organization"},"potentialAction":[{"@type":"SearchAction","target":{"@type":"EntryPoint","urlTemplate":"https:\/\/softvenceomega.com\/?s={search_term_string}"},"query-input":{"@type":"PropertyValueSpecification","valueRequired":true,"valueName":"search_term_string"}}],"inLanguage":"en-US"},{"@type":"Organization","@id":"https:\/\/softvenceomega.com\/#organization","name":"FLAIRLAB","url":"https:\/\/softvenceomega.com\/","logo":{"@type":"ImageObject","inLanguage":"en-US","@id":"https:\/\/softvenceomega.com\/#\/schema\/logo\/image\/","url":"https:\/\/softvenceomega.com\/wp-content\/uploads\/2018\/02\/flairlab_logo_footer.png","contentUrl":"https:\/\/softvenceomega.com\/wp-content\/uploads\/2018\/02\/flairlab_logo_footer.png","width":140,"height":94,"caption":"FLAIRLAB"},"image":{"@id":"https:\/\/softvenceomega.com\/#\/schema\/logo\/image\/"},"sameAs":["https:\/\/m.facebook.com\/flairlab","https:\/\/www.youtube.com\/channel\/UCbwwj0xCPRUalnWlgFs3l1A"]}]}},"_links":{"self":[{"href":"https:\/\/softvenceomega.com\/index.php?rest_route=\/wp\/v2\/pages\/102","targetHints":{"allow":["GET"]}}],"collection":[{"href":"https:\/\/softvenceomega.com\/index.php?rest_route=\/wp\/v2\/pages"}],"about":[{"href":"https:\/\/softvenceomega.com\/index.php?rest_route=\/wp\/v2\/types\/page"}],"author":[{"embeddable":true,"href":"https:\/\/softvenceomega.com\/index.php?rest_route=\/wp\/v2\/users\/3"}],"replies":[{"embeddable":true,"href":"https:\/\/softvenceomega.com\/index.php?rest_route=%2Fwp%2Fv2%2Fcomments&post=102"}],"version-history":[{"count":0,"href":"https:\/\/softvenceomega.com\/index.php?rest_route=\/wp\/v2\/pages\/102\/revisions"}],"wp:featuredmedia":[{"embeddable":true,"href":"https:\/\/softvenceomega.com\/index.php?rest_route=\/wp\/v2\/media\/1210"}],"wp:attachment":[{"href":"https:\/\/softvenceomega.com\/index.php?rest_route=%2Fwp%2Fv2%2Fmedia&parent=102"}],"curies":[{"name":"wp","href":"https:\/\/api.w.org\/{rel}","templated":true}]}}