{"id":2360,"date":"2019-01-29T16:58:12","date_gmt":"2019-01-29T15:58:12","guid":{"rendered":"https:\/\/softvenceomega.com\/?page_id=2360"},"modified":"2020-01-20T16:41:58","modified_gmt":"2020-01-20T15:41:58","slug":"mehrsprachige-barkeeper","status":"publish","type":"page","link":"https:\/\/softvenceomega.com\/?page_id=2360","title":{"rendered":"Mehrsprachige Barkeeper"},"content":{"rendered":"[vc_row full_width=&#8221;stretch_row&#8221; parallax=&#8221;content-moving&#8221; parallax_image=&#8221;1560&#8243; parallax_speed_bg=&#8221;2&#8243;][vc_column][vc_empty_space height=&#8221;400px&#8221;][\/vc_column][\/vc_row][vc_row css=&#8221;.vc_custom_1548859911818{padding-top: 50px !important;}&#8221;][vc_column][vc_column_text]\n<h1 style=\"text-align: center;\">Mehrsprachige Barkeeper buchen<\/h1>\n<p>&nbsp;<\/p>\n<p>Sie sind auf der Suche nach einem besonderen Barpersonal? Einem Barkeeper oder Showbarkeeper, der nicht nur die Kunst des Mixen von Cocktails beherrscht, sondern auch die Kommunikation in mehreren Sprachen mit Ihren G\u00e4sten? Ein Barkeeper der die G\u00e4ste zusammenbringt und sogar am Tresen direkt \u00fcbersetzen kann? Unsere Barkeeper kommen aus vielen verschiedenen L\u00e4ndern. Englisch Bartender in Berlin, Barman Francais \u00e0 Berlin oder um barman portugu\u00eas?<\/p>\n<p>Wir unterst\u00fctzen Sie auch gerne an Ihrem Messestand (\u2794 <a href=\"\/messe-catering\/\">Messe Catering<\/a>) bei der Kommunikation mit Ihren anderssprachigen Besuchern. Teilen Sie uns mit, welche Sprache Sie ben\u00f6tigen und wir finden den richtigen Ansprechpartner f\u00fcr Ihren Messeauftritt oder jeden anderen internationalen Event. Er wird Ihnen nicht nur leckere Cocktails oder Smoothies zaubern sondern auch interessante Gespr\u00e4che in den richtigen Sprachen f\u00fchren k\u00f6nnen.[\/vc_column_text][vc_column_text]Kontaktieren Sie uns, wir k\u00f6nnen direkt mit Ihnen in folgenden Sprachen kommunizieren:[\/vc_column_text][\/vc_column][\/vc_row][vc_row css=&#8221;.vc_custom_1548859882777{padding-bottom: 50px !important;}&#8221;][vc_column width=&#8221;1\/3&#8243;][vc_single_image image=&#8221;2366&#8243; img_size=&#8221;200&#215;200&#8243; alignment=&#8221;center&#8221; style=&#8221;vc_box_shadow_border_circle_2&#8243;][\/vc_column][vc_column width=&#8221;1\/3&#8243;][vc_single_image image=&#8221;2368&#8243; img_size=&#8221;200&#215;200&#8243; alignment=&#8221;center&#8221; style=&#8221;vc_box_shadow_border_circle_2&#8243;][\/vc_column][vc_column width=&#8221;1\/3&#8243;][vc_single_image image=&#8221;2367&#8243; img_size=&#8221;200&#215;200&#8243; alignment=&#8221;center&#8221; style=&#8221;vc_box_shadow_border_circle_2&#8243;][\/vc_column][\/vc_row][vc_row full_width=&#8221;stretch_row&#8221; parallax=&#8221;content-moving&#8221; parallax_image=&#8221;2383&#8243; parallax_speed_bg=&#8221;2&#8243; el_id=&#8221;messeparty&#8221;][vc_column][vc_empty_space height=&#8221;400px&#8221;][\/vc_column][\/vc_row][vc_row css=&#8221;.vc_custom_1523529810978{padding-top: 50px !important;padding-bottom: 50px !important;}&#8221;][vc_column][vc_column_text]\n<h2 style=\"text-align: center;\">Barkeeper mit internationaler Erfahrung<\/h2>\n<p>Unsere Barkeeper haben viele Erfahrungen im Ausland sammeln k\u00f6nnen. In Frankreich, England, Portugal um nur einige zu nennen. Auch \u00fcber die europ\u00e4ischen Grenzen hinaus konnten unterschiedliche Barkulturen kennengelernt werden. In dem einen Land wird der Mojito mit Angostura gemixt, im Anderen mit braunem Zucker und im Dritten mit Rohrzuckersirup &#8211; wir passen uns allen Bed\u00fcrfnissen unserer Kunden an. Unsere mehrsprachigen Barkeeper aus Berlin sind bestimmt die Richtigen f\u00fcr z.B. Ihren Messestand oder Ihre internationalen G\u00e4ste.[\/vc_column_text][vc_btn title=&#8221;Direkt zur Anfrage&#8221; style=&#8221;outline-custom&#8221; outline_custom_color=&#8221;#666666&#8243; outline_custom_hover_background=&#8221;#666666&#8243; outline_custom_hover_text=&#8221;#ffffff&#8221; shape=&#8221;square&#8221; size=&#8221;lg&#8221; align=&#8221;center&#8221; i_icon_fontawesome=&#8221;fa fa-envelope-open-o&#8221; add_icon=&#8221;true&#8221; link=&#8221;url:https%3A%2F%2Fsoftvenceomega.com%2Fkontakt-zum-flairlab-team%2F|||&#8221;][\/vc_column][\/vc_row][vc_row full_width=&#8221;stretch_row&#8221; parallax=&#8221;content-moving&#8221; parallax_image=&#8221;2385&#8243; parallax_speed_bg=&#8221;2&#8243;][vc_column][vc_empty_space height=&#8221;400px&#8221;][\/vc_column][\/vc_row][vc_row el_id=&#8221;messeparty&#8221; css=&#8221;.vc_custom_1523529977384{padding-top: 50px !important;padding-bottom: 50px !important;}&#8221;][vc_column][vc_column_text]\n<h2 style=\"text-align: center;\">Wir sind flexibel!<\/h2>\n<p>Wir bringen nicht nur hohe Bartending- und Showbartending-F\u00e4higkeiten zu Ihrer Veranstaltung, sondern auch eine effiziente Kommunikation. Schon bei der Planung Ihres Messestandes bis zum Abbau der Veranstaltung, werden wir Ihnen einen Ansprechpartner zuteilen, der Ihre Sprache spricht und Ihre Bed\u00fcrfnisse versteht.\u00a0Der Kunde ist K\u00f6nig und spontane Sonderw\u00fcnsche sind keine Seltenheit im Veranstaltungsbereich. Mit unseren professionellen mehrsprachigen Barkeepern gehen Sie auf Nummer sicher um flexibel und bestm\u00f6glich auf Ihre G\u00e4ste einzugehen.<\/p>\n<p>Es kam zum Beispiel schon vor, dass auf einer Messe eine Show auf Deutsch gemacht werden sollte, am Ende aber nur franz\u00f6sischsprachiges Publikum am Stand war. Kein Problem, dann sprechen wir eben Franz\u00f6sisch. M\u00f6chten Sie mehr G\u00e4ste an Ihren Messestand locken? Wir k\u00fcmmern uns mit spektakul\u00e4ren Tricks darum. W\u00fcnschen Sie, dass wir vor oder nach der Show Ihr Produkt anpreisen? Kein Problem, wir bauen es in die Show ein. Wir sind anpassungsf\u00e4hig und stellen uns gerne auf alle Gegebenheiten ein![\/vc_column_text][vc_btn title=&#8221;Direkt zur Anfrage&#8221; style=&#8221;outline-custom&#8221; outline_custom_color=&#8221;#666666&#8243; outline_custom_hover_background=&#8221;#666666&#8243; outline_custom_hover_text=&#8221;#ffffff&#8221; shape=&#8221;square&#8221; size=&#8221;lg&#8221; align=&#8221;center&#8221; i_icon_fontawesome=&#8221;fa fa-envelope-open-o&#8221; add_icon=&#8221;true&#8221; link=&#8221;url:https%3A%2F%2Fsoftvenceomega.com%2Fkontakt-zum-flairlab-team%2F|||&#8221;][\/vc_column][\/vc_row]\n","protected":false},"excerpt":{"rendered":"<p>[vc_row full_width=&#8221;stretch_row&#8221; parallax=&#8221;content-moving&#8221; parallax_image=&#8221;1560&#8243; parallax_speed_bg=&#8221;2&#8243;][vc_column][vc_empty_space height=&#8221;400px&#8221;][\/vc_column][\/vc_row][vc_row css=&#8221;.vc_custom_1548859911818{padding-top: 50px !important;}&#8221;][vc_column][vc_column_text] Mehrsprachige Barkeeper buchen &nbsp; Sie sind auf der Suche nach einem besonderen Barpersonal? Einem Barkeeper oder Showbarkeeper, der nicht nur die Kunst des Mixen von Cocktails beherrscht, sondern auch die Kommunikation in mehreren Sprachen mit Ihren G\u00e4sten? Ein Barkeeper der die G\u00e4ste zusammenbringt und sogar am [&hellip;]<\/p>\n","protected":false},"author":3,"featured_media":1560,"parent":0,"menu_order":0,"comment_status":"closed","ping_status":"closed","template":"","meta":{"content-type":"","footnotes":""},"class_list":["post-2360","page","type-page","status-publish","has-post-thumbnail","hentry"],"yoast_head":"<!-- This site is optimized with the Yoast SEO Premium plugin v27.0 (Yoast SEO v27.1.1) - https:\/\/yoast.com\/product\/yoast-seo-premium-wordpress\/ -->\n<title>Mehrsprachige Barkeeper - FLAIRLAB<\/title>\n<meta name=\"description\" content=\"Kaffee Catering, Smoothie &amp; Alkoholfreie Cocktails Catering, Cocktail-Catering um die Atmosph\u00e4re zu lockern und neue Vereinbarung zu treffen.\" \/>\n<meta name=\"robots\" content=\"index, follow, max-snippet:-1, max-image-preview:large, max-video-preview:-1\" \/>\n<link rel=\"canonical\" href=\"https:\/\/softvenceomega.com\/?page_id=2360\" \/>\n<meta property=\"og:locale\" content=\"en_US\" \/>\n<meta property=\"og:type\" content=\"article\" \/>\n<meta property=\"og:title\" content=\"Messe - Messecatering\" \/>\n<meta property=\"og:description\" content=\"Kaffee Catering, Smoothie &amp; Alkoholfrei Cocktails Catering, Cocktail-Catering um die Atmosph\u00e4re zu lockern und neue Vereinbarung zu treffen.\" \/>\n<meta property=\"og:url\" content=\"https:\/\/softvenceomega.com\/?page_id=2360\" \/>\n<meta property=\"og:site_name\" content=\"FLAIRLAB\" \/>\n<meta property=\"article:publisher\" content=\"https:\/\/m.facebook.com\/flairlab\" \/>\n<meta property=\"article:modified_time\" content=\"2020-01-20T15:41:58+00:00\" \/>\n<meta property=\"og:image\" content=\"https:\/\/softvenceomega.com\/wp-content\/uploads\/2018\/08\/multiprachige-barkeeper-e1548867147497.jpg\" \/>\n\t<meta property=\"og:image:width\" content=\"1488\" \/>\n\t<meta property=\"og:image:height\" content=\"656\" \/>\n\t<meta property=\"og:image:type\" content=\"image\/jpeg\" \/>\n<meta name=\"twitter:card\" content=\"summary_large_image\" \/>\n<meta name=\"twitter:title\" content=\"Messe - Messecatering\" \/>\n<meta name=\"twitter:description\" content=\"Kaffee Catering, Smoothie &amp; Alkoholfrei Cocktails Catering, Cocktail-Catering um die Atmosph\u00e4re zu lockern und neue Vereinbarung zu treffen.\" \/>\n<meta name=\"twitter:image\" content=\"https:\/\/softvenceomega.com\/wp-content\/uploads\/2018\/08\/multiprachige-barkeeper-e1548867147497.jpg\" \/>\n<meta name=\"twitter:label1\" content=\"Est. reading time\" \/>\n\t<meta name=\"twitter:data1\" content=\"4 minutes\" \/>\n<script type=\"application\/ld+json\" class=\"yoast-schema-graph\">{\"@context\":\"https:\/\/schema.org\",\"@graph\":[{\"@type\":\"WebPage\",\"@id\":\"https:\/\/softvenceomega.com\/?page_id=2360\",\"url\":\"https:\/\/softvenceomega.com\/?page_id=2360\",\"name\":\"Mehrsprachige Barkeeper - FLAIRLAB\",\"isPartOf\":{\"@id\":\"https:\/\/softvenceomega.com\/#website\"},\"primaryImageOfPage\":{\"@id\":\"https:\/\/softvenceomega.com\/?page_id=2360#primaryimage\"},\"image\":{\"@id\":\"https:\/\/softvenceomega.com\/?page_id=2360#primaryimage\"},\"thumbnailUrl\":\"https:\/\/softvenceomega.com\/wp-content\/uploads\/2018\/08\/multiprachige-barkeeper-e1548867147497.jpg\",\"datePublished\":\"2019-01-29T15:58:12+00:00\",\"dateModified\":\"2020-01-20T15:41:58+00:00\",\"description\":\"Kaffee Catering, Smoothie & Alkoholfreie Cocktails Catering, Cocktail-Catering um die Atmosph\u00e4re zu lockern und neue Vereinbarung zu treffen.\",\"breadcrumb\":{\"@id\":\"https:\/\/softvenceomega.com\/?page_id=2360#breadcrumb\"},\"inLanguage\":\"en-US\",\"potentialAction\":[{\"@type\":\"ReadAction\",\"target\":[\"https:\/\/softvenceomega.com\/?page_id=2360\"]}]},{\"@type\":\"ImageObject\",\"inLanguage\":\"en-US\",\"@id\":\"https:\/\/softvenceomega.com\/?page_id=2360#primaryimage\",\"url\":\"https:\/\/softvenceomega.com\/wp-content\/uploads\/2018\/08\/multiprachige-barkeeper-e1548867147497.jpg\",\"contentUrl\":\"https:\/\/softvenceomega.com\/wp-content\/uploads\/2018\/08\/multiprachige-barkeeper-e1548867147497.jpg\",\"width\":1488,\"height\":656,\"caption\":\"Messe - Messecatering\"},{\"@type\":\"BreadcrumbList\",\"@id\":\"https:\/\/softvenceomega.com\/?page_id=2360#breadcrumb\",\"itemListElement\":[{\"@type\":\"ListItem\",\"position\":1,\"name\":\"Startseite\",\"item\":\"https:\/\/softvenceomega.com\/\"},{\"@type\":\"ListItem\",\"position\":2,\"name\":\"Mehrsprachige Barkeeper\"}]},{\"@type\":\"WebSite\",\"@id\":\"https:\/\/softvenceomega.com\/#website\",\"url\":\"https:\/\/softvenceomega.com\/\",\"name\":\"FLAIRLAB\",\"description\":\"Cocktailshows &amp; Barcatering Berlin\",\"publisher\":{\"@id\":\"https:\/\/softvenceomega.com\/#organization\"},\"potentialAction\":[{\"@type\":\"SearchAction\",\"target\":{\"@type\":\"EntryPoint\",\"urlTemplate\":\"https:\/\/softvenceomega.com\/?s={search_term_string}\"},\"query-input\":{\"@type\":\"PropertyValueSpecification\",\"valueRequired\":true,\"valueName\":\"search_term_string\"}}],\"inLanguage\":\"en-US\"},{\"@type\":\"Organization\",\"@id\":\"https:\/\/softvenceomega.com\/#organization\",\"name\":\"FLAIRLAB\",\"url\":\"https:\/\/softvenceomega.com\/\",\"logo\":{\"@type\":\"ImageObject\",\"inLanguage\":\"en-US\",\"@id\":\"https:\/\/softvenceomega.com\/#\/schema\/logo\/image\/\",\"url\":\"https:\/\/softvenceomega.com\/wp-content\/uploads\/2018\/02\/flairlab_logo_footer.png\",\"contentUrl\":\"https:\/\/softvenceomega.com\/wp-content\/uploads\/2018\/02\/flairlab_logo_footer.png\",\"width\":140,\"height\":94,\"caption\":\"FLAIRLAB\"},\"image\":{\"@id\":\"https:\/\/softvenceomega.com\/#\/schema\/logo\/image\/\"},\"sameAs\":[\"https:\/\/m.facebook.com\/flairlab\",\"https:\/\/www.youtube.com\/channel\/UCbwwj0xCPRUalnWlgFs3l1A\"]}]}<\/script>\n<!-- \/ Yoast SEO Premium plugin. -->","yoast_head_json":{"title":"Mehrsprachige Barkeeper - FLAIRLAB","description":"Kaffee Catering, Smoothie & Alkoholfreie Cocktails Catering, Cocktail-Catering um die Atmosph\u00e4re zu lockern und neue Vereinbarung zu treffen.","robots":{"index":"index","follow":"follow","max-snippet":"max-snippet:-1","max-image-preview":"max-image-preview:large","max-video-preview":"max-video-preview:-1"},"canonical":"https:\/\/softvenceomega.com\/?page_id=2360","og_locale":"en_US","og_type":"article","og_title":"Messe - Messecatering","og_description":"Kaffee Catering, Smoothie & Alkoholfrei Cocktails Catering, Cocktail-Catering um die Atmosph\u00e4re zu lockern und neue Vereinbarung zu treffen.","og_url":"https:\/\/softvenceomega.com\/?page_id=2360","og_site_name":"FLAIRLAB","article_publisher":"https:\/\/m.facebook.com\/flairlab","article_modified_time":"2020-01-20T15:41:58+00:00","og_image":[{"width":1488,"height":656,"url":"https:\/\/softvenceomega.com\/wp-content\/uploads\/2018\/08\/multiprachige-barkeeper-e1548867147497.jpg","type":"image\/jpeg"}],"twitter_card":"summary_large_image","twitter_title":"Messe - Messecatering","twitter_description":"Kaffee Catering, Smoothie & Alkoholfrei Cocktails Catering, Cocktail-Catering um die Atmosph\u00e4re zu lockern und neue Vereinbarung zu treffen.","twitter_image":"https:\/\/softvenceomega.com\/wp-content\/uploads\/2018\/08\/multiprachige-barkeeper-e1548867147497.jpg","twitter_misc":{"Est. reading time":"4 minutes"},"schema":{"@context":"https:\/\/schema.org","@graph":[{"@type":"WebPage","@id":"https:\/\/softvenceomega.com\/?page_id=2360","url":"https:\/\/softvenceomega.com\/?page_id=2360","name":"Mehrsprachige Barkeeper - FLAIRLAB","isPartOf":{"@id":"https:\/\/softvenceomega.com\/#website"},"primaryImageOfPage":{"@id":"https:\/\/softvenceomega.com\/?page_id=2360#primaryimage"},"image":{"@id":"https:\/\/softvenceomega.com\/?page_id=2360#primaryimage"},"thumbnailUrl":"https:\/\/softvenceomega.com\/wp-content\/uploads\/2018\/08\/multiprachige-barkeeper-e1548867147497.jpg","datePublished":"2019-01-29T15:58:12+00:00","dateModified":"2020-01-20T15:41:58+00:00","description":"Kaffee Catering, Smoothie & Alkoholfreie Cocktails Catering, Cocktail-Catering um die Atmosph\u00e4re zu lockern und neue Vereinbarung zu treffen.","breadcrumb":{"@id":"https:\/\/softvenceomega.com\/?page_id=2360#breadcrumb"},"inLanguage":"en-US","potentialAction":[{"@type":"ReadAction","target":["https:\/\/softvenceomega.com\/?page_id=2360"]}]},{"@type":"ImageObject","inLanguage":"en-US","@id":"https:\/\/softvenceomega.com\/?page_id=2360#primaryimage","url":"https:\/\/softvenceomega.com\/wp-content\/uploads\/2018\/08\/multiprachige-barkeeper-e1548867147497.jpg","contentUrl":"https:\/\/softvenceomega.com\/wp-content\/uploads\/2018\/08\/multiprachige-barkeeper-e1548867147497.jpg","width":1488,"height":656,"caption":"Messe - Messecatering"},{"@type":"BreadcrumbList","@id":"https:\/\/softvenceomega.com\/?page_id=2360#breadcrumb","itemListElement":[{"@type":"ListItem","position":1,"name":"Startseite","item":"https:\/\/softvenceomega.com\/"},{"@type":"ListItem","position":2,"name":"Mehrsprachige Barkeeper"}]},{"@type":"WebSite","@id":"https:\/\/softvenceomega.com\/#website","url":"https:\/\/softvenceomega.com\/","name":"FLAIRLAB","description":"Cocktailshows &amp; Barcatering Berlin","publisher":{"@id":"https:\/\/softvenceomega.com\/#organization"},"potentialAction":[{"@type":"SearchAction","target":{"@type":"EntryPoint","urlTemplate":"https:\/\/softvenceomega.com\/?s={search_term_string}"},"query-input":{"@type":"PropertyValueSpecification","valueRequired":true,"valueName":"search_term_string"}}],"inLanguage":"en-US"},{"@type":"Organization","@id":"https:\/\/softvenceomega.com\/#organization","name":"FLAIRLAB","url":"https:\/\/softvenceomega.com\/","logo":{"@type":"ImageObject","inLanguage":"en-US","@id":"https:\/\/softvenceomega.com\/#\/schema\/logo\/image\/","url":"https:\/\/softvenceomega.com\/wp-content\/uploads\/2018\/02\/flairlab_logo_footer.png","contentUrl":"https:\/\/softvenceomega.com\/wp-content\/uploads\/2018\/02\/flairlab_logo_footer.png","width":140,"height":94,"caption":"FLAIRLAB"},"image":{"@id":"https:\/\/softvenceomega.com\/#\/schema\/logo\/image\/"},"sameAs":["https:\/\/m.facebook.com\/flairlab","https:\/\/www.youtube.com\/channel\/UCbwwj0xCPRUalnWlgFs3l1A"]}]}},"_links":{"self":[{"href":"https:\/\/softvenceomega.com\/index.php?rest_route=\/wp\/v2\/pages\/2360","targetHints":{"allow":["GET"]}}],"collection":[{"href":"https:\/\/softvenceomega.com\/index.php?rest_route=\/wp\/v2\/pages"}],"about":[{"href":"https:\/\/softvenceomega.com\/index.php?rest_route=\/wp\/v2\/types\/page"}],"author":[{"embeddable":true,"href":"https:\/\/softvenceomega.com\/index.php?rest_route=\/wp\/v2\/users\/3"}],"replies":[{"embeddable":true,"href":"https:\/\/softvenceomega.com\/index.php?rest_route=%2Fwp%2Fv2%2Fcomments&post=2360"}],"version-history":[{"count":0,"href":"https:\/\/softvenceomega.com\/index.php?rest_route=\/wp\/v2\/pages\/2360\/revisions"}],"wp:featuredmedia":[{"embeddable":true,"href":"https:\/\/softvenceomega.com\/index.php?rest_route=\/wp\/v2\/media\/1560"}],"wp:attachment":[{"href":"https:\/\/softvenceomega.com\/index.php?rest_route=%2Fwp%2Fv2%2Fmedia&parent=2360"}],"curies":[{"name":"wp","href":"https:\/\/api.w.org\/{rel}","templated":true}]}}