{"id":2589,"date":"2019-03-12T06:50:17","date_gmt":"2019-03-12T05:50:17","guid":{"rendered":"https:\/\/softvenceomega.com\/?page_id=2589"},"modified":"2024-05-21T14:24:31","modified_gmt":"2024-05-21T12:24:31","slug":"teambuilding-event","status":"publish","type":"page","link":"https:\/\/softvenceomega.com\/?page_id=2589","title":{"rendered":"Team Event und Cocktailkurs in Berlin"},"content":{"rendered":"[vc_row full_width=&#8221;stretch_row&#8221; parallax=&#8221;content-moving&#8221; parallax_image=&#8221;1645&#8243; parallax_speed_bg=&#8221;2&#8243;][vc_column][vc_empty_space height=&#8221;370px&#8221;][\/vc_column][\/vc_row][vc_row css=&#8221;.vc_custom_1552370317598{margin-right: 10px !important;margin-left: 10px !important;}&#8221;][vc_column][vc_column_text]\n<h1 style=\"text-align: center;\"><strong>Teambuilding Event: &#8220;Cocktail Stationen&#8221;<\/strong><\/h1>\n[\/vc_column_text][\/vc_column][\/vc_row][vc_row css=&#8221;.vc_custom_1552074008397{margin-right: 10px !important;margin-left: 10px !important;}&#8221;][vc_column][vc_column_text]Die <i>&#8220;Cocktail-Stationen&#8221;<\/i> von Flairlab sind kein 08\/15 Teambuilding Event, denn bei uns steht der Spa\u00df im Vordergrund. <strong>Wir haben nicht vor, Ihre Mitarbeiter mit Psychospielchen oder R\u00e4tselraten zu langweilen<\/strong>.<\/p>\n<p>Bei unserem Teambuilding Event werden Ihre Mitarbeiter indirekt dazu motiviert, mit ihren KollegInnen zusammenzuarbeiten und <strong>gemeinsam f\u00fcr ein Ziel zu k\u00e4mpfen<\/strong>.<\/p>\n<p>Wir sind davon \u00fcberzeugt, dass sich unser Event f\u00fcr Ihre Mitarbeiter nicht nach typischem <i>&#8220;Teambuilding&#8221;<\/i> anf\u00fchlt! <strong>Kein Verdruss, kein Augenrollen.<\/strong> Es handelt sich vielmehr um eine spannende Erfahrung, an die sich die Mitarbeiter auch noch nach einem Jahr mit positiven &amp; motivierenden Gef\u00fchlen gerne erinnern.[\/vc_column_text][\/vc_column][\/vc_row][vc_row full_width=&#8221;stretch_row&#8221; content_placement=&#8221;middle&#8221; css=&#8221;.vc_custom_1552074017909{margin-right: 10px !important;margin-left: 10px !important;background-color: #f2f2f2 !important;}&#8221;][vc_column width=&#8221;1\/3&#8243;][vc_single_image image=&#8221;1625&#8243; img_size=&#8221;250&#215;250&#8243; alignment=&#8221;center&#8221; style=&#8221;vc_box_shadow_border_circle_2&#8243;][\/vc_column][vc_column width=&#8221;1\/3&#8243;][vc_single_image image=&#8221;1829&#8243; img_size=&#8221;250&#215;250&#8243; alignment=&#8221;center&#8221; style=&#8221;vc_box_shadow_border_circle_2&#8243;][\/vc_column][vc_column width=&#8221;1\/3&#8243;][vc_single_image image=&#8221;1826&#8243; img_size=&#8221;250&#215;250&#8243; alignment=&#8221;center&#8221; style=&#8221;vc_box_shadow_border_circle_2&#8243;][\/vc_column][\/vc_row][vc_row css=&#8221;.vc_custom_1552074043975{margin-right: 10px !important;margin-left: 10px !important;}&#8221;][vc_column][vc_column_text]\n<h2 style=\"text-align: center;\">Wie l\u00e4uft das Teambuilding Event &#8220;Cocktail-Stationen&#8221; ab?<\/h2>\n<p>Wie der Name schon offenbart, werden zun\u00e4chst mehrere Cocktail-Stationen aufgebaut. <strong>An jeder Station gibt es verschiedene Aufgaben.<\/strong> Das Team wird in kleinen Gruppen auf die Stationen aufgeteilt.<\/p>\n<p><strong>W\u00e4hrend des Team Events rotieren die Gruppen zwischen den einzelnen Stationen<\/strong>, bis jede Gruppe alle Stationen durchlaufen hat. Dann geht es richtig los: Ran an die Cocktails, jetzt wird gemixt![\/vc_column_text][\/vc_column][\/vc_row][vc_row full_width=&#8221;stretch_row&#8221; content_placement=&#8221;middle&#8221; css=&#8221;.vc_custom_1552081045148{margin-right: 10px !important;margin-left: 10px !important;}&#8221;][vc_column][vc_raw_html]JTNDZGl2JTIwc3R5bGUlM0QlMjJib3JkZXIlM0ElMjBzb2xpZCUyMDFweCUyMCUyMzBBQkVFOSUzQiUyMGJvcmRlci1yYWRpdXMlM0ElMjAxMHB4JTNCJTIwcGFkZGluZyUzQSUyMDEwcHglM0IlMjB0ZXh0LWFsaWduJTNBJTIwY2VudGVyJTNCJTIyJTNFJTBBJTNDaDQlM0VXaWNodGlnZXIlMjBIaW53ZWlzJTNDJTJGaDQlM0UlMEFVbnNlciUyMFRlYW1idWlsZGluZyUyMEV2ZW50JTIwJTIyQ29ja3RhaWwlMjBTdGF0aW9uZW4lMjIlMjBiaWV0ZW4lMjB3aXIlMjAlM0NiJTNFbmljaHQlMjBudXIlMjBpbiUyMEJlcmxpbiUyMCUyNiUyMEJyYW5kZW5idXJnJTNDJTJGYiUzRSUyMGFuLiUyMEdlcm5lJTIwa29tbWVuJTIwd2lyJTIwYXVjaCUyMGluJTIwSWhyZSUyME4lQzMlQTRoZSUyQyUyMHVtJTIwZ2VtZWluc2FtJTIwZGVuJTIwVGVhbWdlaXN0JTIwenUlMjB2ZXJiZXNzZXJuJTIxJTIwV2lyJTIwZnJldWVuJTIwdW5zJTIwYXVmJTIwSWhyZSUyMEFuZnJhZ2UlMjElMEElM0MlMkZkaXYlM0U=[\/vc_raw_html][\/vc_column][\/vc_row][vc_row css=&#8221;.vc_custom_1552074043975{margin-right: 10px !important;margin-left: 10px !important;}&#8221;][vc_column][vc_column_text]\n<h2 style=\"text-align: center;\">Wie Cocktails ein Team zusammenschwei\u00dfen k\u00f6nnen<\/h2>\n<p>Durch die verschiedenen Stationen und das Mixen von Cocktails werden <strong>Ihre Mitarbeiter unbewusst in verschiedenen Disziplinen geschult<\/strong>: Im Vordergrund stehen die effektive Zusammenarbeit, Aufgabenverteilung und das Treffen von Entscheidungen.<\/p>\n<p><strong>Zudem wird das Selbstbewusstsein gest\u00e4rkt<\/strong>, w\u00e4hrend man vor den Augen der gesamten Gruppe auf der &#8220;B\u00fchne&#8221; beweisen muss, wie gut man Cocktails mixen kann! Denn am Ende wird von der Jury ein Gewinner ernannt, der selbstverst\u00e4ndlich auch eine Sieg-Pr\u00e4mie erh\u00e4lt.[\/vc_column_text][\/vc_column][\/vc_row][vc_row full_width=&#8221;stretch_row&#8221; content_placement=&#8221;middle&#8221; css=&#8221;.vc_custom_1552074017909{margin-right: 10px !important;margin-left: 10px !important;background-color: #f2f2f2 !important;}&#8221;][vc_column width=&#8221;1\/3&#8243;][vc_single_image image=&#8221;1825&#8243; img_size=&#8221;250&#215;250&#8243; alignment=&#8221;center&#8221; style=&#8221;vc_box_shadow_border_circle_2&#8243;][\/vc_column][vc_column width=&#8221;1\/3&#8243;][vc_single_image image=&#8221;1830&#8243; img_size=&#8221;250&#215;250&#8243; alignment=&#8221;center&#8221; style=&#8221;vc_box_shadow_border_circle_2&#8243;][\/vc_column][vc_column width=&#8221;1\/3&#8243;][vc_single_image image=&#8221;1181&#8243; img_size=&#8221;250&#215;250&#8243; alignment=&#8221;center&#8221; style=&#8221;vc_box_shadow_border_circle_2&#8243;][\/vc_column][\/vc_row][vc_row css=&#8221;.vc_custom_1552074043975{margin-right: 10px !important;margin-left: 10px !important;}&#8221;][vc_column][vc_column_text]\n<h2 style=\"text-align: center;\">Warum eignen sich die &#8220;Cocktail Stationen&#8221; als Teambuilding Event?<\/h2>\n<p>Unser Ziel ist es, Ihren Mitarbeitern ein unvergessliches Erlebnis zu bereiten. <strong>Es handelt sich nicht um ein Hardcore-Training mit Assessment Center-Charakter.<\/strong> Wir vermitteln wichtige Eigenschaften f\u00fcr das Gesch\u00e4ftsleben auf spielerische Weise.<\/p>\n<p>Dadurch haben Sie die Chance, die F\u00e4higkeiten Ihrer Mitarbeiter indirekt zu st\u00e4rken und <strong>das Team noch mehr zusammen zu schwei\u00dfen<\/strong>. Und das, obwohl es sich anf\u00fchlt wie ein ganz normales, unaufdringliches Betriebs-Event.[\/vc_column_text][\/vc_column][\/vc_row][vc_row full_width=&#8221;stretch_row&#8221; content_placement=&#8221;middle&#8221; css=&#8221;.vc_custom_1552078074790{margin-right: 10px !important;margin-left: 10px !important;background-color: #f2f2f2 !important;}&#8221;][vc_column width=&#8221;1\/3&#8243;][vc_column_text]\n<h3 style=\"text-align: center; color: #0abee9;\">Showbarkeeper<\/h3>\n<p style=\"text-align: center;\">Ein Showbarkeeper wird Sie in die Welt des &#8220;Flair-Bartending&#8221; einf\u00fchren und Ihnen <strong>verschiedene Tricks und Techniken zeigen, die Sie sofort nachmachen k\u00f6nnen<\/strong>. Genutzt werden neben Trainingsflaschen auch echte Glasflaschen. Die Tricks k\u00f6nnen danach gut im Alltag verwendet werden.<\/p>\n[\/vc_column_text][\/vc_column][vc_column width=&#8221;1\/3&#8243;][vc_column_text]\n<h3 style=\"text-align: center; color: #0abee9;\">Mixing-Techniken<\/h3>\n<p style=\"text-align: center;\">Innerhalb der verschiedenen Stationen lernen Sie und Ihre Mitarbeiter gemeinsam das Mixen klassischer Cocktails. <strong>Nat\u00fcrlich k\u00f6nnen Sie die Drinks dann auch probieren!<\/strong> Neben den Mixing-Techniken wird auch gezeigt, wie die Fr\u00fcchte zur Dekoration zubereitet und bearbeitet werden.<\/p>\n[\/vc_column_text][\/vc_column][vc_column width=&#8221;1\/3&#8243;][vc_column_text]\n<h3 style=\"text-align: center; color: #0abee9;\">Der Wettbewerb<\/h3>\n<p style=\"text-align: center;\">Nachdem die Teilnehmer in kleinen Gruppen das Mixen der Cocktails und das Zubereiten der Fr\u00fcchte erlernt haben, gibt es am Schluss auch noch einen Wettbewerb. <strong>Die Cocktails m\u00fcssen vor der gesamten Gruppe zubereitet werden.<\/strong> Das Ergebnis wird bewertet und nat\u00fcrlich gibt es auch einen Preis zu gewinnen..!<\/p>\n[\/vc_column_text][\/vc_column][\/vc_row][vc_row full_width=&#8221;stretch_row&#8221;][vc_column][vc_text_separator title=&#8221;Kundenbewertunge&#8221; i_icon_fontawesome=&#8221;fa fa-comment&#8221; i_color=&#8221;sky&#8221; color=&#8221;sky&#8221; add_icon=&#8221;true&#8221;][vc_column_text]<div class=\"rpi\" style=\"\" data-id=\"5871\" data-opts='{&quot;layout&quot;:&quot;list&quot;,&quot;style_style&quot;:&quot;1&quot;,&quot;style_stars&quot;:&quot;1&quot;,&quot;style_ava&quot;:&quot;1&quot;,&quot;head_logo&quot;:&quot;1&quot;,&quot;style_logo&quot;:&quot;1&quot;,&quot;pagination&quot;:&quot;&quot;,&quot;text_size&quot;:&quot;&quot;,&quot;hide_avatar&quot;:&quot;&quot;,&quot;hide_name&quot;:&quot;&quot;,&quot;disable_review_time&quot;:&quot;&quot;,&quot;disable_user_link&quot;:&quot;&quot;,&quot;disable_google_link&quot;:false,&quot;open_link&quot;:&quot;1&quot;,&quot;nofollow_link&quot;:&quot;1&quot;,&quot;lazy_load_img&quot;:&quot;1&quot;,&quot;time_format&quot;:&quot;&quot;,&quot;breakpoints&quot;:&quot;&quot;,&quot;reviewer_avatar_size&quot;:&quot;56&quot;,&quot;ajax_load&quot;:false,&quot;v2&quot;:false,&quot;trans&quot;:{&quot;read more&quot;:&quot;read more&quot;,&quot;review us on&quot;:&quot;review us on&quot;,&quot;See all reviews&quot;:&quot;See all reviews&quot;,&quot;More reviews&quot;:&quot;More reviews&quot;,&quot;Response from the owner&quot;:&quot;Response from the owner&quot;}}' data-exec=\"\"><div class=\"rpi-cnt rpi-col-m rpi-list\" data-opts='' style=\"visibility:var(--visible, hidden)\" ><div class=\"rpi-header rpi-header_top\"><div class=\"rpi-cards\"><div class=\"rpi-card rpi-card_block\" data-provider=\"google\"><div class=\"rpi-card-inner rpi-flexwrap\"><span class=\"rpi-logos\"><span class=\"rpi-logo rpi-logo-google\"><\/span><\/span><div class=\"rpi-flex\"><div class=\"rpi-img-wrap\"><img src=\"https:\/\/softvenceomega.com\/wp-content\/uploads\/2019\/01\/Favicon.png\" class=\"rpi-img\" loading=\"lazy\" width=\"56\" height=\"56\" alt=\"\" onerror=\"if(this.src!='')this.src='';\"><\/div><div class=\"rpi-info\"><div class=\"rpi-scale\">Excellent<\/div><a href=\"https:\/\/softvenceomega.com\/kundenbewertung\/\" class=\"rpi-name\" target=\"_blank\" rel=\"noopener nofollow\" aria-label=\"FLAIRLAB - summary business\">FLAIRLAB<\/a><span class=\"rpi-stars\" style=\"--rating:5.0\">5.0<\/span><div class=\"rpi-based\">Based on 232 reviews<\/div><\/div><\/div><div class=\"rpi-slider-btn\"><div class=\"rpi-review_us rpi-clickable\"><a href=\"https:\/\/search.google.com\/local\/reviews?placeid=ChIJF8NFtiRQqEcRn4nCKXNnUKs\" target=\"_blank\" rel=\"noopener\">See all reviews<\/a><\/div><div class=\"rpi-review_us rpi-clickable\"><a href=\"https:\/\/search.google.com\/local\/writereview?placeid=ChIJF8NFtiRQqEcRn4nCKXNnUKs\" class=\"rpi-logo_after rpi-logo-google\" target=\"_blank\" rel=\"noopener\" onclick=\"rpi.Utils.popup('https:\/\/search.google.com\/local\/writereview?placeid=ChIJF8NFtiRQqEcRn4nCKXNnUKs', 800, 600)\">review us on<\/a><\/div><\/div><\/div><\/div><\/div><\/div><\/div><\/div>[\/vc_column_text][\/vc_column][\/vc_row][vc_row full_width=&#8221;stretch_row&#8221; el_id=&#8221;kurse&#8221; css=&#8221;.vc_custom_1602668224379{margin-right: 10px !important;margin-left: 10px !important;background-color: #f2f2f2 !important;}&#8221;][vc_column][vc_empty_space height=&#8221;20px&#8221;][vc_column_text]\n<h2 style=\"text-align: center;\">Haben wir Ihr Interesse geweckt?<\/h2>\n<p style=\"text-align: center;\">Senden Sie uns gerne eine <strong>unverbindliche Nachricht \u00fcber das Kontaktformular<\/strong> oder rufen Sie uns direkt an. Wir freuen uns auf Ihre Anfrage!<\/p>\n[\/vc_column_text][vc_raw_html]JTNDZGl2JTIwc3R5bGUlM0QlMjJtYXJnaW4lM0ElMjAwJTIwYXV0byUzQiUyMHRleHQtYWxpZ24lM0ElMjBjZW50ZXIlMjIlM0UlMEElM0NhJTIwaHJlZiUzRCUyMiUyRmtvbnRha3QtenVtLWZsYWlybGFiLXRlYW0lMkYlMjIlM0UlM0NidXR0b24lMjBzdHlsZSUzRCUyMmJhY2tncm91bmQtY29sb3IlM0ElMjAlMjMwQUJFRTklM0IlMjB0ZXh0LWFsaWduJTNBJTIwY2VudGVyJTNCJTIwY29sb3IlM0ElMjB3aGl0ZSUzQiUyMGJvcmRlciUzQSUyMG5vbmUlM0IlMjBib3JkZXItcmFkaXVzJTNBJTIwNnB4JTNCJTIwcGFkZGluZyUzQSUyMDE1cHglM0IlMjBib3gtc2hhZG93JTNBJTIwMCUyMDNweCUyMDhweCUyMDAlMjByZ2JhJTI4MCUyQzAlMkMwJTJDMC4yJTI5JTJDJTIwMCUyMDFweCUyMDkwMHB4JTIwMCUyMHJnYmElMjgwJTJDMCUyQzAlMkMwLjE5JTI5JTNCJTIyJTNFJTBBJTIwJTIwJTNDc3BhbiUyMHN0eWxlJTNEJTIyZm9udC1zaXplJTNBJTIwMjJweCUzQiUyMiUzRSUyNiUyMzE4NyUzQiUyMEpFVFpUJTIwdW52ZXJiaW5kbGljaGUlMjBBbmZyYWdlJTIwc3RlbGxlbiUyMSUzQyUyRnNwYW4lM0UlMEElM0MlMkZidXR0b24lM0UlM0MlMkZhJTNFJTNDJTJGZGl2JTNF[\/vc_raw_html][vc_empty_space height=&#8221;50px&#8221;][\/vc_column][\/vc_row][vc_row][vc_column][vc_empty_space height=&#8221;50px&#8221;][\/vc_column][\/vc_row]\n","protected":false},"excerpt":{"rendered":"<p>[vc_row full_width=&#8221;stretch_row&#8221; parallax=&#8221;content-moving&#8221; parallax_image=&#8221;1645&#8243; parallax_speed_bg=&#8221;2&#8243;][vc_column][vc_empty_space height=&#8221;370px&#8221;][\/vc_column][\/vc_row][vc_row css=&#8221;.vc_custom_1552370317598{margin-right: 10px !important;margin-left: 10px !important;}&#8221;][vc_column][vc_column_text] Teambuilding Event: &#8220;Cocktail Stationen&#8221; [\/vc_column_text][\/vc_column][\/vc_row][vc_row css=&#8221;.vc_custom_1552074008397{margin-right: 10px !important;margin-left: 10px !important;}&#8221;][vc_column][vc_column_text]Die &#8220;Cocktail-Stationen&#8221; von Flairlab sind kein 08\/15 Teambuilding Event, denn bei uns steht der Spa\u00df im Vordergrund. Wir haben nicht vor, Ihre Mitarbeiter mit Psychospielchen oder R\u00e4tselraten zu langweilen. Bei unserem Teambuilding Event werden Ihre [&hellip;]<\/p>\n","protected":false},"author":3,"featured_media":1831,"parent":0,"menu_order":0,"comment_status":"closed","ping_status":"closed","template":"","meta":{"content-type":"","footnotes":""},"class_list":["post-2589","page","type-page","status-publish","has-post-thumbnail","hentry"],"yoast_head":"<!-- This site is optimized with the Yoast SEO Premium plugin v27.0 (Yoast SEO v27.1.1) - https:\/\/yoast.com\/product\/yoast-seo-premium-wordpress\/ -->\n<title>Teambuilding Event in Berlin \u00bb &quot;Cocktail-Stationen&quot; | FLAIRLAB<\/title>\n<meta name=\"description\" content=\"Teambuilding Event in Berlin \u00bb &quot;Cocktail-Stationen&quot; | Keine Psychospielchen &amp; kein R\u00e4tselraten! \u2713 Wichtige Disziplinen werden indirekt geschult!\" \/>\n<meta name=\"robots\" content=\"index, follow, max-snippet:-1, max-image-preview:large, max-video-preview:-1\" \/>\n<link rel=\"canonical\" href=\"https:\/\/softvenceomega.com\/?page_id=2589\" \/>\n<meta property=\"og:locale\" content=\"en_US\" \/>\n<meta property=\"og:type\" content=\"article\" \/>\n<meta property=\"og:title\" content=\"Team Building Cocktailkurse - Cocktail-Stationen\" \/>\n<meta property=\"og:description\" content=\"Team Building Cocktailkurse - Cocktail-Stationen - das Event von Flairlab aus Berlin - jetzt buchen und einen unvergesslichen Abend erleben.\" \/>\n<meta property=\"og:url\" content=\"https:\/\/softvenceomega.com\/?page_id=2589\" \/>\n<meta property=\"og:site_name\" content=\"FLAIRLAB\" \/>\n<meta property=\"article:publisher\" content=\"https:\/\/m.facebook.com\/flairlab\" \/>\n<meta property=\"article:modified_time\" content=\"2024-05-21T12:24:31+00:00\" \/>\n<meta property=\"og:image\" content=\"https:\/\/softvenceomega.com\/wp-content\/uploads\/2018\/11\/Cocktailschulung-berlin.jpg\" \/>\n\t<meta property=\"og:image:width\" content=\"1024\" \/>\n\t<meta property=\"og:image:height\" content=\"682\" \/>\n\t<meta property=\"og:image:type\" content=\"image\/jpeg\" \/>\n<meta name=\"twitter:card\" content=\"summary_large_image\" \/>\n<meta name=\"twitter:title\" content=\"Team Building Cocktailkurse - Cocktail-Stationen\" \/>\n<meta name=\"twitter:description\" content=\"Team Building Cocktailkurse - Cocktail-Stationen - das Event von Flairlab aus Berlin - jetzt buchen und einen unvergesslichen Abend erleben.\" \/>\n<meta name=\"twitter:image\" content=\"https:\/\/softvenceomega.com\/wp-content\/uploads\/2018\/11\/Cocktailschulung-berlin.jpg\" \/>\n<meta name=\"twitter:label1\" content=\"Est. reading time\" \/>\n\t<meta name=\"twitter:data1\" content=\"3 minutes\" \/>\n<script type=\"application\/ld+json\" class=\"yoast-schema-graph\">{\"@context\":\"https:\/\/schema.org\",\"@graph\":[{\"@type\":\"WebPage\",\"@id\":\"https:\/\/softvenceomega.com\/?page_id=2589\",\"url\":\"https:\/\/softvenceomega.com\/?page_id=2589\",\"name\":\"Teambuilding Event in Berlin \u00bb \\\"Cocktail-Stationen\\\" | FLAIRLAB\",\"isPartOf\":{\"@id\":\"https:\/\/softvenceomega.com\/#website\"},\"primaryImageOfPage\":{\"@id\":\"https:\/\/softvenceomega.com\/?page_id=2589#primaryimage\"},\"image\":{\"@id\":\"https:\/\/softvenceomega.com\/?page_id=2589#primaryimage\"},\"thumbnailUrl\":\"https:\/\/softvenceomega.com\/wp-content\/uploads\/2018\/11\/Cocktailschulung-berlin.jpg\",\"datePublished\":\"2019-03-12T05:50:17+00:00\",\"dateModified\":\"2024-05-21T12:24:31+00:00\",\"description\":\"Teambuilding Event in Berlin \u00bb \\\"Cocktail-Stationen\\\" | Keine Psychospielchen & kein R\u00e4tselraten! \u2713 Wichtige Disziplinen werden indirekt geschult!\",\"breadcrumb\":{\"@id\":\"https:\/\/softvenceomega.com\/?page_id=2589#breadcrumb\"},\"inLanguage\":\"en-US\",\"potentialAction\":[{\"@type\":\"ReadAction\",\"target\":[\"https:\/\/softvenceomega.com\/?page_id=2589\"]}]},{\"@type\":\"ImageObject\",\"inLanguage\":\"en-US\",\"@id\":\"https:\/\/softvenceomega.com\/?page_id=2589#primaryimage\",\"url\":\"https:\/\/softvenceomega.com\/wp-content\/uploads\/2018\/11\/Cocktailschulung-berlin.jpg\",\"contentUrl\":\"https:\/\/softvenceomega.com\/wp-content\/uploads\/2018\/11\/Cocktailschulung-berlin.jpg\",\"width\":1024,\"height\":682,\"caption\":\"Team Building Cocktailkurse - Cocktail-Stationen - das Event von Flairlab aus Berlin - jetzt buchen und einen unvergesslichen Abend erleben.\"},{\"@type\":\"BreadcrumbList\",\"@id\":\"https:\/\/softvenceomega.com\/?page_id=2589#breadcrumb\",\"itemListElement\":[{\"@type\":\"ListItem\",\"position\":1,\"name\":\"Startseite\",\"item\":\"https:\/\/softvenceomega.com\/\"},{\"@type\":\"ListItem\",\"position\":2,\"name\":\"Team Event und Cocktailkurs in Berlin\"}]},{\"@type\":\"WebSite\",\"@id\":\"https:\/\/softvenceomega.com\/#website\",\"url\":\"https:\/\/softvenceomega.com\/\",\"name\":\"FLAIRLAB\",\"description\":\"Cocktailshows &amp; Barcatering Berlin\",\"publisher\":{\"@id\":\"https:\/\/softvenceomega.com\/#organization\"},\"potentialAction\":[{\"@type\":\"SearchAction\",\"target\":{\"@type\":\"EntryPoint\",\"urlTemplate\":\"https:\/\/softvenceomega.com\/?s={search_term_string}\"},\"query-input\":{\"@type\":\"PropertyValueSpecification\",\"valueRequired\":true,\"valueName\":\"search_term_string\"}}],\"inLanguage\":\"en-US\"},{\"@type\":\"Organization\",\"@id\":\"https:\/\/softvenceomega.com\/#organization\",\"name\":\"FLAIRLAB\",\"url\":\"https:\/\/softvenceomega.com\/\",\"logo\":{\"@type\":\"ImageObject\",\"inLanguage\":\"en-US\",\"@id\":\"https:\/\/softvenceomega.com\/#\/schema\/logo\/image\/\",\"url\":\"https:\/\/softvenceomega.com\/wp-content\/uploads\/2018\/02\/flairlab_logo_footer.png\",\"contentUrl\":\"https:\/\/softvenceomega.com\/wp-content\/uploads\/2018\/02\/flairlab_logo_footer.png\",\"width\":140,\"height\":94,\"caption\":\"FLAIRLAB\"},\"image\":{\"@id\":\"https:\/\/softvenceomega.com\/#\/schema\/logo\/image\/\"},\"sameAs\":[\"https:\/\/m.facebook.com\/flairlab\",\"https:\/\/www.youtube.com\/channel\/UCbwwj0xCPRUalnWlgFs3l1A\"]}]}<\/script>\n<!-- \/ Yoast SEO Premium plugin. -->","yoast_head_json":{"title":"Teambuilding Event in Berlin \u00bb \"Cocktail-Stationen\" | FLAIRLAB","description":"Teambuilding Event in Berlin \u00bb \"Cocktail-Stationen\" | Keine Psychospielchen & kein R\u00e4tselraten! \u2713 Wichtige Disziplinen werden indirekt geschult!","robots":{"index":"index","follow":"follow","max-snippet":"max-snippet:-1","max-image-preview":"max-image-preview:large","max-video-preview":"max-video-preview:-1"},"canonical":"https:\/\/softvenceomega.com\/?page_id=2589","og_locale":"en_US","og_type":"article","og_title":"Team Building Cocktailkurse - Cocktail-Stationen","og_description":"Team Building Cocktailkurse - Cocktail-Stationen - das Event von Flairlab aus Berlin - jetzt buchen und einen unvergesslichen Abend erleben.","og_url":"https:\/\/softvenceomega.com\/?page_id=2589","og_site_name":"FLAIRLAB","article_publisher":"https:\/\/m.facebook.com\/flairlab","article_modified_time":"2024-05-21T12:24:31+00:00","og_image":[{"width":1024,"height":682,"url":"https:\/\/softvenceomega.com\/wp-content\/uploads\/2018\/11\/Cocktailschulung-berlin.jpg","type":"image\/jpeg"}],"twitter_card":"summary_large_image","twitter_title":"Team Building Cocktailkurse - Cocktail-Stationen","twitter_description":"Team Building Cocktailkurse - Cocktail-Stationen - das Event von Flairlab aus Berlin - jetzt buchen und einen unvergesslichen Abend erleben.","twitter_image":"https:\/\/softvenceomega.com\/wp-content\/uploads\/2018\/11\/Cocktailschulung-berlin.jpg","twitter_misc":{"Est. reading time":"3 minutes"},"schema":{"@context":"https:\/\/schema.org","@graph":[{"@type":"WebPage","@id":"https:\/\/softvenceomega.com\/?page_id=2589","url":"https:\/\/softvenceomega.com\/?page_id=2589","name":"Teambuilding Event in Berlin \u00bb \"Cocktail-Stationen\" | FLAIRLAB","isPartOf":{"@id":"https:\/\/softvenceomega.com\/#website"},"primaryImageOfPage":{"@id":"https:\/\/softvenceomega.com\/?page_id=2589#primaryimage"},"image":{"@id":"https:\/\/softvenceomega.com\/?page_id=2589#primaryimage"},"thumbnailUrl":"https:\/\/softvenceomega.com\/wp-content\/uploads\/2018\/11\/Cocktailschulung-berlin.jpg","datePublished":"2019-03-12T05:50:17+00:00","dateModified":"2024-05-21T12:24:31+00:00","description":"Teambuilding Event in Berlin \u00bb \"Cocktail-Stationen\" | Keine Psychospielchen & kein R\u00e4tselraten! \u2713 Wichtige Disziplinen werden indirekt geschult!","breadcrumb":{"@id":"https:\/\/softvenceomega.com\/?page_id=2589#breadcrumb"},"inLanguage":"en-US","potentialAction":[{"@type":"ReadAction","target":["https:\/\/softvenceomega.com\/?page_id=2589"]}]},{"@type":"ImageObject","inLanguage":"en-US","@id":"https:\/\/softvenceomega.com\/?page_id=2589#primaryimage","url":"https:\/\/softvenceomega.com\/wp-content\/uploads\/2018\/11\/Cocktailschulung-berlin.jpg","contentUrl":"https:\/\/softvenceomega.com\/wp-content\/uploads\/2018\/11\/Cocktailschulung-berlin.jpg","width":1024,"height":682,"caption":"Team Building Cocktailkurse - Cocktail-Stationen - das Event von Flairlab aus Berlin - jetzt buchen und einen unvergesslichen Abend erleben."},{"@type":"BreadcrumbList","@id":"https:\/\/softvenceomega.com\/?page_id=2589#breadcrumb","itemListElement":[{"@type":"ListItem","position":1,"name":"Startseite","item":"https:\/\/softvenceomega.com\/"},{"@type":"ListItem","position":2,"name":"Team Event und Cocktailkurs in Berlin"}]},{"@type":"WebSite","@id":"https:\/\/softvenceomega.com\/#website","url":"https:\/\/softvenceomega.com\/","name":"FLAIRLAB","description":"Cocktailshows &amp; Barcatering Berlin","publisher":{"@id":"https:\/\/softvenceomega.com\/#organization"},"potentialAction":[{"@type":"SearchAction","target":{"@type":"EntryPoint","urlTemplate":"https:\/\/softvenceomega.com\/?s={search_term_string}"},"query-input":{"@type":"PropertyValueSpecification","valueRequired":true,"valueName":"search_term_string"}}],"inLanguage":"en-US"},{"@type":"Organization","@id":"https:\/\/softvenceomega.com\/#organization","name":"FLAIRLAB","url":"https:\/\/softvenceomega.com\/","logo":{"@type":"ImageObject","inLanguage":"en-US","@id":"https:\/\/softvenceomega.com\/#\/schema\/logo\/image\/","url":"https:\/\/softvenceomega.com\/wp-content\/uploads\/2018\/02\/flairlab_logo_footer.png","contentUrl":"https:\/\/softvenceomega.com\/wp-content\/uploads\/2018\/02\/flairlab_logo_footer.png","width":140,"height":94,"caption":"FLAIRLAB"},"image":{"@id":"https:\/\/softvenceomega.com\/#\/schema\/logo\/image\/"},"sameAs":["https:\/\/m.facebook.com\/flairlab","https:\/\/www.youtube.com\/channel\/UCbwwj0xCPRUalnWlgFs3l1A"]}]}},"_links":{"self":[{"href":"https:\/\/softvenceomega.com\/index.php?rest_route=\/wp\/v2\/pages\/2589","targetHints":{"allow":["GET"]}}],"collection":[{"href":"https:\/\/softvenceomega.com\/index.php?rest_route=\/wp\/v2\/pages"}],"about":[{"href":"https:\/\/softvenceomega.com\/index.php?rest_route=\/wp\/v2\/types\/page"}],"author":[{"embeddable":true,"href":"https:\/\/softvenceomega.com\/index.php?rest_route=\/wp\/v2\/users\/3"}],"replies":[{"embeddable":true,"href":"https:\/\/softvenceomega.com\/index.php?rest_route=%2Fwp%2Fv2%2Fcomments&post=2589"}],"version-history":[{"count":0,"href":"https:\/\/softvenceomega.com\/index.php?rest_route=\/wp\/v2\/pages\/2589\/revisions"}],"wp:featuredmedia":[{"embeddable":true,"href":"https:\/\/softvenceomega.com\/index.php?rest_route=\/wp\/v2\/media\/1831"}],"wp:attachment":[{"href":"https:\/\/softvenceomega.com\/index.php?rest_route=%2Fwp%2Fv2%2Fmedia&parent=2589"}],"curies":[{"name":"wp","href":"https:\/\/api.w.org\/{rel}","templated":true}]}}