{"id":3497,"date":"2019-04-20T09:42:37","date_gmt":"2019-04-20T07:42:37","guid":{"rendered":"https:\/\/softvenceomega.com\/?page_id=3497"},"modified":"2023-04-12T21:28:29","modified_gmt":"2023-04-12T19:28:29","slug":"kaffee-catering","status":"publish","type":"page","link":"https:\/\/softvenceomega.com\/?page_id=3497","title":{"rendered":"Kaffee Catering"},"content":{"rendered":"[vc_row full_width=&#8221;stretch_row&#8221; content_placement=&#8221;middle&#8221; parallax=&#8221;content-moving&#8221; parallax_image=&#8221;819&#8243;][vc_column][vc_empty_space height=&#8221;400px&#8221;][\/vc_column][\/vc_row][vc_row css=&#8221;.vc_custom_1522232662162{margin-top: 50px !important;margin-bottom: 50px !important;}&#8221;][vc_column][vc_column_text]\n<h1 style=\"text-align: center;\">Kaffee Catering in Berlin<\/h1>\n<p style=\"text-align: center;\">Mit unserem exklusiven Kaffee Catering bieten wir Ihnen ein authentisches franz\u00f6sisches Genusserlebnis mit all den dazugeh\u00f6rigen Annehmlichkeiten. Von Kaffee \u00fcber Kaltgetr\u00e4nke bis hin zu kleinen Leckereien.<\/p>\n[\/vc_column_text][\/vc_column][\/vc_row][vc_row css=&#8221;.vc_custom_1555749368610{margin-top: 30px !important;}&#8221;][vc_column width=&#8221;1\/2&#8243;][vc_column_text]\n<h2><strong>Wir stellen h\u00f6chste Anspr\u00fcche an uns und unseren Service<\/strong><\/h2>\n<p>Selbstverst\u00e4ndlich wollen wir nicht nur Sie begeistern, sondern auch Ihre G\u00e4ste. Wir stellen sowohl an uns selbst als auch an unseren Caf\u00e9 und unseren Service h\u00f6chste Anspr\u00fcche. Wir lieben, was wir tun und das merkt man auch. Manche Kunden sagen sogar mit einem L\u00e4cheln im Gesicht: \u201cMan schmeckt die Leidenschaft!\u201d<\/p>\n<p>Neben unseren F\u00e4higkeiten hinter der Theke stehen wir zudem f\u00fcr Zuverl\u00e4ssigkeit in der Abwicklung der Events und Veranstaltungen. Daf\u00fcr stehen wir mit unserem Namen.[\/vc_column_text][\/vc_column][vc_column width=&#8221;1\/2&#8243;][vc_single_image image=&#8221;3505&#8243; img_size=&#8221;full&#8221; alignment=&#8221;center&#8221; style=&#8221;vc_box_shadow_border_circle_2&#8243; onclick=&#8221;link_image&#8221;][\/vc_column][\/vc_row][vc_row full_width=&#8221;stretch_row&#8221; css=&#8221;.vc_custom_1522234123046{margin-top: 20px !important;margin-bottom: 20px !important;padding-top: 30px !important;padding-bottom: 30px !important;background-color: #f2f2f2 !important;}&#8221;][vc_column width=&#8221;1\/3&#8243;][vc_single_image image=&#8221;824&#8243; img_size=&#8221;full&#8221; alignment=&#8221;center&#8221; style=&#8221;vc_box_shadow_border_circle_2&#8243; onclick=&#8221;link_image&#8221;][\/vc_column][vc_column width=&#8221;2\/3&#8243;][vc_column_text]\n<h2>\u201eFLAIRLAB\u201c &#8211; Ihre Partner beim Kaffee Catering<\/h2>\n<p>Wir laden Sie und Ihre G\u00e4ste ein, seinen hervorragenden Kaffee an der mobilen und flexiblen Kaffee-Bar, welche Sie in zwei verschiedenen Ausf\u00fchrungen mieten k\u00f6nnen, zu genie\u00dfen.<\/p>\n<p>Das ganze franz\u00f6sische Flair kommt jedoch erst dann zum Tragen, wenn der Kaffee im eigens eingerichteten \u201cFLAIRLAB\u201d-Oldtimer. Dabei handelt es sich um einen alten Citro\u00ebn \u201cAcadiane\u201d. Sollten Ihnen einmal nur begrenzte R\u00e4umlichkeiten zur Verf\u00fcgung stehen, ist unsere Bar somit die perfekte Alternative zum Oldtimer.[\/vc_column_text][\/vc_column][\/vc_row][vc_row][vc_column width=&#8221;1\/2&#8243;][vc_column_text]\n<h3>Kaffee-Genuss war noch nie so flexibel<\/h3>\n<p>Gerne passen wir uns Ihren zeitlichen Gegebenheiten an. Ob Sommerfest am Abend oder an einem sch\u00f6nen Vormittag im Fr\u00fchling: Wir servieren den besten Kaffee unabh\u00e4ngig von Tages- und Jahreszeit.<\/p>\n<p>Auch was den ort angeht, sind wir sehr flexibel: Obwohl wir aus Berlin kommen, betreuen wir Ihr Event auch gerne au\u00dferhalb der Hauptstadt. Unseren Service bieten wir Ihnen bundesweit an.<\/p>\n<p>Zudem sind wir nicht auf eine feste Art von Event festgelegt. Wir begleiten sowohl Messen (\u2794 <a href=\"\/messe-catering\/\">Messe Catering<\/a>) als auch private Feiern. Unser Barista serviert Ihnen und Ihren G\u00e4sten zu jeder Gelegenheit die feinsten Caf\u00e9-Spezialit\u00e4ten.<\/p>\n<p>An unserer Kaffee-Bar k\u00f6nnen wir Ihre Werbung, Ihr Motto oder andere Branding-Elemente geschickt platzieren. Ihre Marke ist auf diese Weise jederzeit im Blickfeld Ihrer Kunden und G\u00e4ste. Au\u00dferdem werden zusammen mit dem Genuss von feinstem Kaffee positive Gef\u00fchle mit Ihrer Marke assoziiert.[\/vc_column_text][\/vc_column][vc_column width=&#8221;1\/2&#8243;][vc_single_image image=&#8221;827&#8243; img_size=&#8221;full&#8221; alignment=&#8221;center&#8221; style=&#8221;vc_box_shadow_border_circle_2&#8243; onclick=&#8221;link_image&#8221;][\/vc_column][\/vc_row][vc_row full_width=&#8221;stretch_row&#8221; css=&#8221;.vc_custom_1522234123046{margin-top: 20px !important;margin-bottom: 20px !important;padding-top: 30px !important;padding-bottom: 30px !important;background-color: #f2f2f2 !important;}&#8221;][vc_column width=&#8221;1\/3&#8243;][vc_single_image image=&#8221;3507&#8243; img_size=&#8221;full&#8221; alignment=&#8221;center&#8221; style=&#8221;vc_box_shadow_border_circle_2&#8243; onclick=&#8221;link_image&#8221;][\/vc_column][vc_column width=&#8221;2\/3&#8243;][vc_column_text]\n<h2>\u201eFLAIRLAB Finest\u201c &#8211; Die Eigenkreation eines Blends<\/h2>\n<p>L\u00e4ngst beschr\u00e4nkt sich FLAIRLAB nicht mehr nur darauf, internationale Kaffee-Spezialit\u00e4ten zu servieren. Mit dem eigens entwickelten Blend ist ihm eine einzigartige Mischung aus verschiedenen Kaffeesorten gelungen.<\/p>\n<p>Im Vorfeld der Entwicklung wurden Bohnen aus aller Welt verkostet, um dieses einzigartige Geschmackserlebnis zu kreieren. Schlussendlich hat man sich f\u00fcr Kaffeebohnen aus Nicaragua, Guatemala und Santa Domingo entschieden.<\/p>\n<p>Vor, w\u00e4hrend und nach dem Entwicklungsprozess wurden die Kaffeebohnen gemeinsam mit der Berliner R\u00f6sterei Jocaff\u00e9 unz\u00e4hlige Male verkostet und probiert. Nach einem langen Schaffensprozess ist auf diese Weise FLAIRLAB\u2019s und Ihr pers\u00f6nlicher sowie unverkennbarer Blend \u201eFLAIRLAB\u2019s Finest\u201c entstanden.<\/p>\n<p>Der Geschmack ist charaktervoll und au\u00dfergew\u00f6hnlich, vollmundig und rund, rassig und ausgewogen. Lassen Sie sich von uns auf eine Tasse guten Kaffee einladen und \u00fcberzeugen Sie sich selbst vom Geschmack.<\/p>\n[\/vc_column_text][\/vc_column][\/vc_row][vc_row full_width=&#8221;stretch_row&#8221; parallax=&#8221;content-moving&#8221; parallax_speed_bg=&#8221;3&#8243; css=&#8221;.vc_custom_1555749722998{padding-top: 40px !important;padding-bottom: 40px !important;}&#8221;][vc_column][vc_column_text]\n<div style=\"margin: 0 auto; text-align: center;\">\n<p><a href=\"\/kontakt-zum-flairlab-team\/\"><button style=\"background-color: #0abee9; text-align: center; color: white; border: none; border-radius: 6px; padding: 15px; box-shadow: 0 3px 8px 0 rgba(0,0,0,0.2), 0 1px 900px 0 rgba(0,0,0,0.19);\"><span style=\"font-size: 22px;\">\u00bb JETZT unverbindliche Anfrage stellen!<\/span><\/button><\/a><\/p>\n<\/div>\n[\/vc_column_text][\/vc_column][\/vc_row]\n","protected":false},"excerpt":{"rendered":"<p>[vc_row full_width=&#8221;stretch_row&#8221; content_placement=&#8221;middle&#8221; parallax=&#8221;content-moving&#8221; parallax_image=&#8221;819&#8243;][vc_column][vc_empty_space height=&#8221;400px&#8221;][\/vc_column][\/vc_row][vc_row css=&#8221;.vc_custom_1522232662162{margin-top: 50px !important;margin-bottom: 50px !important;}&#8221;][vc_column][vc_column_text] Kaffee Catering in Berlin Mit unserem exklusiven Kaffee Catering bieten wir Ihnen ein authentisches franz\u00f6sisches Genusserlebnis mit all den dazugeh\u00f6rigen Annehmlichkeiten. Von Kaffee \u00fcber Kaltgetr\u00e4nke bis hin zu kleinen Leckereien. [\/vc_column_text][\/vc_column][\/vc_row][vc_row css=&#8221;.vc_custom_1555749368610{margin-top: 30px !important;}&#8221;][vc_column width=&#8221;1\/2&#8243;][vc_column_text] Wir stellen h\u00f6chste Anspr\u00fcche an uns und unseren Service [&hellip;]<\/p>\n","protected":false},"author":3,"featured_media":819,"parent":0,"menu_order":0,"comment_status":"closed","ping_status":"closed","template":"","meta":{"content-type":"","footnotes":""},"class_list":["post-3497","page","type-page","status-publish","has-post-thumbnail","hentry"],"yoast_head":"<!-- This site is optimized with the Yoast SEO Premium plugin v27.0 (Yoast SEO v27.1.1) - https:\/\/yoast.com\/product\/yoast-seo-premium-wordpress\/ -->\n<title>Kaffee Catering &amp; Latte Art Service - f\u00fcr Events in Berlin buchen<\/title>\n<meta name=\"description\" content=\"Kaffee Catering &amp; Latte Art Service bieten wir Ihnen ein authentisches und franz\u00f6sisches Genusserlebnis mit all den dazugeh\u00f6rigen Annehmlichkeiten.\" \/>\n<meta name=\"robots\" content=\"index, follow, max-snippet:-1, max-image-preview:large, max-video-preview:-1\" \/>\n<link rel=\"canonical\" href=\"https:\/\/softvenceomega.com\/?page_id=3497\" \/>\n<meta property=\"og:locale\" content=\"en_US\" \/>\n<meta property=\"og:type\" content=\"article\" \/>\n<meta property=\"og:title\" content=\"Caf\u00e9 &amp; Latte Art Service - f\u00fcr Events in Berlin buchen\" \/>\n<meta property=\"og:description\" content=\"Caf\u00e9 &amp; Latte Art Service bieten wir Ihnen ein authentisches und franz\u00f6sisches Genusserlebnis mit all den dazugeh\u00f6rigen Annehmlichkeiten.\" \/>\n<meta property=\"og:url\" content=\"https:\/\/softvenceomega.com\/?page_id=3497\" \/>\n<meta property=\"og:site_name\" content=\"FLAIRLAB\" \/>\n<meta property=\"article:publisher\" content=\"https:\/\/m.facebook.com\/flairlab\" \/>\n<meta property=\"article:modified_time\" content=\"2023-04-12T19:28:29+00:00\" \/>\n<meta property=\"og:image\" content=\"https:\/\/softvenceomega.com\/wp-content\/uploads\/2018\/03\/cafe-latte-art.jpg\" \/>\n\t<meta property=\"og:image:width\" content=\"2000\" \/>\n\t<meta property=\"og:image:height\" content=\"1266\" \/>\n\t<meta property=\"og:image:type\" content=\"image\/jpeg\" \/>\n<meta name=\"twitter:card\" content=\"summary_large_image\" \/>\n<meta name=\"twitter:title\" content=\"Caf\u00e9 &amp; Latte Art Service - f\u00fcr Events in Berlin buchen\" \/>\n<meta name=\"twitter:description\" content=\"Caf\u00e9 &amp; Latte Art Service bieten wir Ihnen ein authentisches und franz\u00f6sisches Genusserlebnis mit all den dazugeh\u00f6rigen Annehmlichkeiten.\" \/>\n<meta name=\"twitter:image\" content=\"https:\/\/softvenceomega.com\/wp-content\/uploads\/2018\/03\/cafe-latte-art.jpg\" \/>\n<meta name=\"twitter:label1\" content=\"Est. reading time\" \/>\n\t<meta name=\"twitter:data1\" content=\"4 minutes\" \/>\n<script type=\"application\/ld+json\" class=\"yoast-schema-graph\">{\"@context\":\"https:\/\/schema.org\",\"@graph\":[{\"@type\":\"WebPage\",\"@id\":\"https:\/\/softvenceomega.com\/?page_id=3497\",\"url\":\"https:\/\/softvenceomega.com\/?page_id=3497\",\"name\":\"Kaffee Catering & Latte Art Service - f\u00fcr Events in Berlin buchen\",\"isPartOf\":{\"@id\":\"https:\/\/softvenceomega.com\/#website\"},\"primaryImageOfPage\":{\"@id\":\"https:\/\/softvenceomega.com\/?page_id=3497#primaryimage\"},\"image\":{\"@id\":\"https:\/\/softvenceomega.com\/?page_id=3497#primaryimage\"},\"thumbnailUrl\":\"https:\/\/softvenceomega.com\/wp-content\/uploads\/2018\/03\/cafe-latte-art.jpg\",\"datePublished\":\"2019-04-20T07:42:37+00:00\",\"dateModified\":\"2023-04-12T19:28:29+00:00\",\"description\":\"Kaffee Catering & Latte Art Service bieten wir Ihnen ein authentisches und franz\u00f6sisches Genusserlebnis mit all den dazugeh\u00f6rigen Annehmlichkeiten.\",\"breadcrumb\":{\"@id\":\"https:\/\/softvenceomega.com\/?page_id=3497#breadcrumb\"},\"inLanguage\":\"en-US\",\"potentialAction\":[{\"@type\":\"ReadAction\",\"target\":[\"https:\/\/softvenceomega.com\/?page_id=3497\"]}]},{\"@type\":\"ImageObject\",\"inLanguage\":\"en-US\",\"@id\":\"https:\/\/softvenceomega.com\/?page_id=3497#primaryimage\",\"url\":\"https:\/\/softvenceomega.com\/wp-content\/uploads\/2018\/03\/cafe-latte-art.jpg\",\"contentUrl\":\"https:\/\/softvenceomega.com\/wp-content\/uploads\/2018\/03\/cafe-latte-art.jpg\",\"width\":2000,\"height\":1266,\"caption\":\"Caf\u00e9 & Latte Art Service bieten wir Ihnen ein authentisches und franz\u00f6sisches Genusserlebnis mit all den dazugeh\u00f6rigen Annehmlichkeiten.\"},{\"@type\":\"BreadcrumbList\",\"@id\":\"https:\/\/softvenceomega.com\/?page_id=3497#breadcrumb\",\"itemListElement\":[{\"@type\":\"ListItem\",\"position\":1,\"name\":\"Startseite\",\"item\":\"https:\/\/softvenceomega.com\/\"},{\"@type\":\"ListItem\",\"position\":2,\"name\":\"Kaffee Catering\"}]},{\"@type\":\"WebSite\",\"@id\":\"https:\/\/softvenceomega.com\/#website\",\"url\":\"https:\/\/softvenceomega.com\/\",\"name\":\"FLAIRLAB\",\"description\":\"Cocktailshows &amp; Barcatering Berlin\",\"publisher\":{\"@id\":\"https:\/\/softvenceomega.com\/#organization\"},\"potentialAction\":[{\"@type\":\"SearchAction\",\"target\":{\"@type\":\"EntryPoint\",\"urlTemplate\":\"https:\/\/softvenceomega.com\/?s={search_term_string}\"},\"query-input\":{\"@type\":\"PropertyValueSpecification\",\"valueRequired\":true,\"valueName\":\"search_term_string\"}}],\"inLanguage\":\"en-US\"},{\"@type\":\"Organization\",\"@id\":\"https:\/\/softvenceomega.com\/#organization\",\"name\":\"FLAIRLAB\",\"url\":\"https:\/\/softvenceomega.com\/\",\"logo\":{\"@type\":\"ImageObject\",\"inLanguage\":\"en-US\",\"@id\":\"https:\/\/softvenceomega.com\/#\/schema\/logo\/image\/\",\"url\":\"https:\/\/softvenceomega.com\/wp-content\/uploads\/2018\/02\/flairlab_logo_footer.png\",\"contentUrl\":\"https:\/\/softvenceomega.com\/wp-content\/uploads\/2018\/02\/flairlab_logo_footer.png\",\"width\":140,\"height\":94,\"caption\":\"FLAIRLAB\"},\"image\":{\"@id\":\"https:\/\/softvenceomega.com\/#\/schema\/logo\/image\/\"},\"sameAs\":[\"https:\/\/m.facebook.com\/flairlab\",\"https:\/\/www.youtube.com\/channel\/UCbwwj0xCPRUalnWlgFs3l1A\"]}]}<\/script>\n<!-- \/ Yoast SEO Premium plugin. -->","yoast_head_json":{"title":"Kaffee Catering & Latte Art Service - f\u00fcr Events in Berlin buchen","description":"Kaffee Catering & Latte Art Service bieten wir Ihnen ein authentisches und franz\u00f6sisches Genusserlebnis mit all den dazugeh\u00f6rigen Annehmlichkeiten.","robots":{"index":"index","follow":"follow","max-snippet":"max-snippet:-1","max-image-preview":"max-image-preview:large","max-video-preview":"max-video-preview:-1"},"canonical":"https:\/\/softvenceomega.com\/?page_id=3497","og_locale":"en_US","og_type":"article","og_title":"Caf\u00e9 & Latte Art Service - f\u00fcr Events in Berlin buchen","og_description":"Caf\u00e9 & Latte Art Service bieten wir Ihnen ein authentisches und franz\u00f6sisches Genusserlebnis mit all den dazugeh\u00f6rigen Annehmlichkeiten.","og_url":"https:\/\/softvenceomega.com\/?page_id=3497","og_site_name":"FLAIRLAB","article_publisher":"https:\/\/m.facebook.com\/flairlab","article_modified_time":"2023-04-12T19:28:29+00:00","og_image":[{"width":2000,"height":1266,"url":"https:\/\/softvenceomega.com\/wp-content\/uploads\/2018\/03\/cafe-latte-art.jpg","type":"image\/jpeg"}],"twitter_card":"summary_large_image","twitter_title":"Caf\u00e9 & Latte Art Service - f\u00fcr Events in Berlin buchen","twitter_description":"Caf\u00e9 & Latte Art Service bieten wir Ihnen ein authentisches und franz\u00f6sisches Genusserlebnis mit all den dazugeh\u00f6rigen Annehmlichkeiten.","twitter_image":"https:\/\/softvenceomega.com\/wp-content\/uploads\/2018\/03\/cafe-latte-art.jpg","twitter_misc":{"Est. reading time":"4 minutes"},"schema":{"@context":"https:\/\/schema.org","@graph":[{"@type":"WebPage","@id":"https:\/\/softvenceomega.com\/?page_id=3497","url":"https:\/\/softvenceomega.com\/?page_id=3497","name":"Kaffee Catering & Latte Art Service - f\u00fcr Events in Berlin buchen","isPartOf":{"@id":"https:\/\/softvenceomega.com\/#website"},"primaryImageOfPage":{"@id":"https:\/\/softvenceomega.com\/?page_id=3497#primaryimage"},"image":{"@id":"https:\/\/softvenceomega.com\/?page_id=3497#primaryimage"},"thumbnailUrl":"https:\/\/softvenceomega.com\/wp-content\/uploads\/2018\/03\/cafe-latte-art.jpg","datePublished":"2019-04-20T07:42:37+00:00","dateModified":"2023-04-12T19:28:29+00:00","description":"Kaffee Catering & Latte Art Service bieten wir Ihnen ein authentisches und franz\u00f6sisches Genusserlebnis mit all den dazugeh\u00f6rigen Annehmlichkeiten.","breadcrumb":{"@id":"https:\/\/softvenceomega.com\/?page_id=3497#breadcrumb"},"inLanguage":"en-US","potentialAction":[{"@type":"ReadAction","target":["https:\/\/softvenceomega.com\/?page_id=3497"]}]},{"@type":"ImageObject","inLanguage":"en-US","@id":"https:\/\/softvenceomega.com\/?page_id=3497#primaryimage","url":"https:\/\/softvenceomega.com\/wp-content\/uploads\/2018\/03\/cafe-latte-art.jpg","contentUrl":"https:\/\/softvenceomega.com\/wp-content\/uploads\/2018\/03\/cafe-latte-art.jpg","width":2000,"height":1266,"caption":"Caf\u00e9 & Latte Art Service bieten wir Ihnen ein authentisches und franz\u00f6sisches Genusserlebnis mit all den dazugeh\u00f6rigen Annehmlichkeiten."},{"@type":"BreadcrumbList","@id":"https:\/\/softvenceomega.com\/?page_id=3497#breadcrumb","itemListElement":[{"@type":"ListItem","position":1,"name":"Startseite","item":"https:\/\/softvenceomega.com\/"},{"@type":"ListItem","position":2,"name":"Kaffee Catering"}]},{"@type":"WebSite","@id":"https:\/\/softvenceomega.com\/#website","url":"https:\/\/softvenceomega.com\/","name":"FLAIRLAB","description":"Cocktailshows &amp; Barcatering Berlin","publisher":{"@id":"https:\/\/softvenceomega.com\/#organization"},"potentialAction":[{"@type":"SearchAction","target":{"@type":"EntryPoint","urlTemplate":"https:\/\/softvenceomega.com\/?s={search_term_string}"},"query-input":{"@type":"PropertyValueSpecification","valueRequired":true,"valueName":"search_term_string"}}],"inLanguage":"en-US"},{"@type":"Organization","@id":"https:\/\/softvenceomega.com\/#organization","name":"FLAIRLAB","url":"https:\/\/softvenceomega.com\/","logo":{"@type":"ImageObject","inLanguage":"en-US","@id":"https:\/\/softvenceomega.com\/#\/schema\/logo\/image\/","url":"https:\/\/softvenceomega.com\/wp-content\/uploads\/2018\/02\/flairlab_logo_footer.png","contentUrl":"https:\/\/softvenceomega.com\/wp-content\/uploads\/2018\/02\/flairlab_logo_footer.png","width":140,"height":94,"caption":"FLAIRLAB"},"image":{"@id":"https:\/\/softvenceomega.com\/#\/schema\/logo\/image\/"},"sameAs":["https:\/\/m.facebook.com\/flairlab","https:\/\/www.youtube.com\/channel\/UCbwwj0xCPRUalnWlgFs3l1A"]}]}},"_links":{"self":[{"href":"https:\/\/softvenceomega.com\/index.php?rest_route=\/wp\/v2\/pages\/3497","targetHints":{"allow":["GET"]}}],"collection":[{"href":"https:\/\/softvenceomega.com\/index.php?rest_route=\/wp\/v2\/pages"}],"about":[{"href":"https:\/\/softvenceomega.com\/index.php?rest_route=\/wp\/v2\/types\/page"}],"author":[{"embeddable":true,"href":"https:\/\/softvenceomega.com\/index.php?rest_route=\/wp\/v2\/users\/3"}],"replies":[{"embeddable":true,"href":"https:\/\/softvenceomega.com\/index.php?rest_route=%2Fwp%2Fv2%2Fcomments&post=3497"}],"version-history":[{"count":0,"href":"https:\/\/softvenceomega.com\/index.php?rest_route=\/wp\/v2\/pages\/3497\/revisions"}],"wp:featuredmedia":[{"embeddable":true,"href":"https:\/\/softvenceomega.com\/index.php?rest_route=\/wp\/v2\/media\/819"}],"wp:attachment":[{"href":"https:\/\/softvenceomega.com\/index.php?rest_route=%2Fwp%2Fv2%2Fmedia&parent=3497"}],"curies":[{"name":"wp","href":"https:\/\/api.w.org\/{rel}","templated":true}]}}