{"id":3863,"date":"2019-08-20T17:13:42","date_gmt":"2019-08-20T15:13:42","guid":{"rendered":"https:\/\/softvenceomega.com\/?page_id=3863"},"modified":"2020-04-29T11:12:54","modified_gmt":"2020-04-29T09:12:54","slug":"smoothie-fahrrad","status":"publish","type":"page","link":"https:\/\/softvenceomega.com\/?page_id=3863","title":{"rendered":"Smoothie-Fahrrad"},"content":{"rendered":"[vc_row full_width=&#8221;stretch_row&#8221; gap=&#8221;35&#8243; content_placement=&#8221;middle&#8221; parallax=&#8221;content-moving&#8221; parallax_image=&#8221;3950&#8243; parallax_speed_bg=&#8221;1.3&#8243;][vc_column][vc_empty_space height=&#8221;400px&#8221;][\/vc_column][\/vc_row][vc_row][vc_column][vc_column_text css=&#8221;.vc_custom_1566311625739{padding-top: 50px !important;}&#8221;]\n<h1 style=\"text-align: center;\"><strong>Smoothie-Fahrrad mieten \u00bb Das Bike f\u00fcr Ihren Messestand<\/strong><\/h1>\n[\/vc_column_text][\/vc_column][vc_column][vc_column_text]<strong>Sie setzen f\u00fcr Ihr Unternehmen auf eine nachhaltige Au\u00dfenwirkung? Dann ist unser Smoothie-Fahrrad genau das Richtige f\u00fcr Sie und Ihren Messestand!<\/strong> Hier kann sich jeder Besucher seinen Smoothie selbst mixen. Das Bike ist ein Unikat und kann f\u00fcr Ihr Unternehmen auch speziell gebrandet werden. Wie das Rad funktioniert und wie Sie es f\u00fcr Ihre Zwecke einsetzen k\u00f6nnen, erfahren Sie auf dieser Seite&#8230;[\/vc_column_text][\/vc_column][vc_column][vc_video link=&#8221;https:\/\/www.youtube.com\/embed\/x5ontoG1BwI&#8221; el_width=&#8221;70&#8243; align=&#8221;center&#8221;][\/vc_column][\/vc_row][vc_row css=&#8221;.vc_custom_1566316709131{margin-top: 30px !important;}&#8221;][vc_column width=&#8221;1\/4&#8243;][vc_icon icon_fontawesome=&#8221;fa fa-diamond&#8221; color=&#8221;grey&#8221; background_style=&#8221;rounded&#8221; background_color=&#8221;sky&#8221; size=&#8221;xl&#8221; align=&#8221;center&#8221;][\/vc_column][vc_column width=&#8221;3\/4&#8243;][vc_column_text]<strong>Das Smoothie-Fahrrad von Flairlab ist ein absolutes Unikat.<\/strong> Mit viel Flei\u00df &amp; Schwei\u00df wurde es im Sommer 2019 exklusiv von uns entwickelt und zusammengebaut. Auf Basis eines alten Damenfahrrads haben wir einen Mechanismus konstruiert, mit dem der Smoothie-Mixer angetrieben wird, wenn man in die Pedale tritt.<\/p>\n[\/vc_column_text][\/vc_column][\/vc_row][vc_row][vc_column width=&#8221;1\/4&#8243;][vc_icon icon_fontawesome=&#8221;fa fa-heart-o&#8221; color=&#8221;grey&#8221; background_style=&#8221;rounded&#8221; background_color=&#8221;sky&#8221; size=&#8221;xl&#8221; align=&#8221;center&#8221;][\/vc_column][vc_column width=&#8221;3\/4&#8243;][vc_column_text]<strong>Im Gegensatz zu anderen R\u00e4dern mit einer solchen Funktion, wurde das Hinterrad bei unserem Bike nicht abmontiert.<\/strong> Dadurch sieht es auf den ersten Blick wie ein ganz normales Fahrrad aus. Der \u00dcberraschungseffekt bei den Zuschauern und Besuchern ist damit umso gr\u00f6\u00dfer!<\/p>\n[\/vc_column_text][\/vc_column][\/vc_row][vc_row][vc_column][vc_column_text css=&#8221;.vc_custom_1553708607042{margin-top: 50px !important;margin-bottom: 50px !important;border-top-width: 30px !important;border-bottom-width: 30px !important;}&#8221;]\n<div style=\"margin: 0 auto; text-align: center;\">\n<p><a href=\"\/kontakt-zum-flairlab-team\/\"><button style=\"background-color: #0abee9; text-align: center; color: white; border: none; border-radius: 6px; padding: 15px; box-shadow: 0 3px 8px 0 rgba(0,0,0,0.2), 0 1px 900px 0 rgba(0,0,0,0.19);\"><span style=\"font-size: 22px;\">\u00bb JETZT unverbindliche Anfrage stellen!<\/span><\/button><\/a><\/p>\n<\/div>\n[\/vc_column_text][\/vc_column][\/vc_row][vc_row full_width=&#8221;stretch_row&#8221; css=&#8221;.vc_custom_1566319205541{margin-top: 50px !important;padding-top: 30px !important;padding-bottom: 30px !important;background-color: #f2f2f2 !important;}&#8221;][vc_column][vc_column_text]\n<h3><img loading=\"lazy\" class=\"alignnone wp-image-3387\" style=\"font-size: 16px;\" src=\"https:\/\/softvenceomega.com\/wp-content\/uploads\/2019\/04\/blau-300x292.png\" alt=\"\" width=\"13\" height=\"13\" srcset=\"https:\/\/softvenceomega.com\/wp-content\/uploads\/2019\/04\/blau-300x292.png 300w, https:\/\/softvenceomega.com\/wp-content\/uploads\/2019\/04\/blau-150x150.png 150w, https:\/\/softvenceomega.com\/wp-content\/uploads\/2019\/04\/blau.png 317w\" sizes=\"auto, (max-width: 13px) 100vw, 13px\" \/> Was macht unser Smoothie-Fahrrad so besonders?<\/h3>\n<p>Da es sich bei unserem Rad um eine Eigenanfertigung handelt, konnten wir selbst bestimmen, welchen Mixer wir f\u00fcr die Smoothies auf dem Gep\u00e4cktr\u00e4ger installieren. <strong>Wir haben uns selbstverst\u00e4ndlich f\u00fcr einen professionellen \u201cBlender\u201d entschieden, der f\u00fcr einen gleichm\u00e4\u00dfigen Mix sorgt.<\/strong><\/p>\n<p>Um dem Bike noch ein charmantes Aussehen zu geben, haben wir uns f\u00fcr eine t\u00fcrkise Lackierung entschieden, die Nachhaltigkeit und Verantwortung, gleichzeitig aber auch Spa\u00df und Freude vermittelt.<\/p>\n<p>Jeder Smoothie, der auf unserem Fahrrad gemixt wird, ist zu 100% gr\u00fcn! Denn es wird kein Strom verbraucht. Au\u00dferdem regt das Fahrrad zum Mitmachen an. <strong>Gerade f\u00fcr einen Stand auf einer Messe oder einer Fu\u00dfg\u00e4ngerzone ist das Smoothie-Fahrrad ein echter Publikumsmagnet!<\/strong><\/p>\n<p>\u2794 Hier erhalten Sie weitere Informationen zu unserem <a href=\"\/messe-catering\/\">Messe Catering<\/a>![\/vc_column_text][\/vc_column][\/vc_row][vc_row full_width=&#8221;stretch_row&#8221;][vc_column][vc_column_text css=&#8221;.vc_custom_1566316089896{padding-top: 30px !important;}&#8221;]\n<h2><img loading=\"lazy\" class=\"alignnone wp-image-3387\" style=\"font-size: 16px;\" src=\"https:\/\/softvenceomega.com\/wp-content\/uploads\/2019\/04\/blau-300x292.png\" alt=\"\" width=\"13\" height=\"13\" srcset=\"https:\/\/softvenceomega.com\/wp-content\/uploads\/2019\/04\/blau-300x292.png 300w, https:\/\/softvenceomega.com\/wp-content\/uploads\/2019\/04\/blau-150x150.png 150w, https:\/\/softvenceomega.com\/wp-content\/uploads\/2019\/04\/blau.png 317w\" sizes=\"auto, (max-width: 13px) 100vw, 13px\" \/> Smoothie-Fahrrad mieten: F\u00fcr welche Events passt das Bike am besten?<\/h2>\n<p>Wie bereits angesprochen, eignet sich unser Smoothie-Fahrrad besonders gut f\u00fcr Stra\u00dfenst\u00e4nde und Messeauftritte. Durch die hohe Interaktivit\u00e4t werden die Besucher zum Mitmachen angeregt. Jeder muss f\u00fcr seinen Smoothie strampeln\u2026<\/p>\n<p>Das endet oft in gro\u00dfem Gel\u00e4chter\u2026 <strong>Und was gibt es besseres, als wenn Interessenten und potentielle Kunden Ihr Unternehmen bzw. Ihre Produkte mit Spa\u00df und Freude verbinden?<\/strong>[\/vc_column_text][\/vc_column][\/vc_row][vc_row full_width=&#8221;stretch_row&#8221;][vc_column width=&#8221;1\/4&#8243;][vc_single_image image=&#8221;3897&#8243; img_size=&#8221;200&#215;200&#8243; alignment=&#8221;center&#8221; style=&#8221;vc_box_shadow_border_circle_2&#8243; onclick=&#8221;zoom&#8221;][\/vc_column][vc_column width=&#8221;3\/4&#8243;][vc_column_text]\n<h3>Das Bike passt perfekt zum nachhaltigen Image Ihrer Firma<\/h3>\n<p>Insbesondere f\u00fcr Firmen mit einem nachhaltigen Ansatz eignet sich das Fahrrad hervorragend! <strong>Denn was gibt es nachhaltigeres als einen Smoothie, der nur durch Muskelkraft gemixt wurde?<\/strong><\/p>\n<p>Auch durch das Flair rund um das Fahrrad herum mit Deko-Elementen aus Holz und einem Korb voller Fr\u00fcchte wirkt das Ganze sehr urspr\u00fcnglich und nat\u00fcrlich.[\/vc_column_text][\/vc_column][\/vc_row][vc_row full_width=&#8221;stretch_row&#8221;][vc_column width=&#8221;1\/4&#8243;][vc_single_image image=&#8221;3194&#8243; img_size=&#8221;200&#215;200&#8243; alignment=&#8221;center&#8221; style=&#8221;vc_box_shadow_border_circle_2&#8243; onclick=&#8221;zoom&#8221;][\/vc_column][vc_column width=&#8221;3\/4&#8243;][vc_column_text]\n<h3>Erst unsere Paletten-Bar macht den Auftritt komplett!<\/h3>\n<p>Um f\u00fcr noch mehr Ambiente zu sorgen, bringen wir auch gerne unsere hauseigene <strong>Palettenbar<\/strong> mit, die &#8211; ebenfalls in Holzoptik &#8211; perfekt zum Smoothie-Fahrrad passt. Auf der Palettenbar k\u00f6nnen dann bei Bedarf noch weitere Fr\u00fcchte oder andere Elemente dekoriert werden, die zum jeweiligen Thema passen und Nachhaltigkeit symbolisieren.<br \/>\n[\/vc_column_text][\/vc_column][vc_column][vc_column_text css=&#8221;.vc_custom_1553708607042{margin-top: 50px !important;margin-bottom: 50px !important;border-top-width: 30px !important;border-bottom-width: 30px !important;}&#8221;]\n<div style=\"margin: 0 auto; text-align: center;\">\n<p><a href=\"\/kontakt-zum-flairlab-team\/\"><button style=\"background-color: #0abee9; text-align: center; color: white; border: none; border-radius: 6px; padding: 15px; box-shadow: 0 3px 8px 0 rgba(0,0,0,0.2), 0 1px 900px 0 rgba(0,0,0,0.19);\"><span style=\"font-size: 22px;\">\u00bb JETZT unverbindliche Anfrage stellen!<\/span><\/button><\/a><\/p>\n<\/div>\n[\/vc_column_text][\/vc_column][\/vc_row][vc_row full_width=&#8221;stretch_row&#8221; css=&#8221;.vc_custom_1566329476114{margin-top: 50px !important;border-top-width: 30px !important;padding-top: 30px !important;padding-bottom: 30px !important;background-color: #f2f2f2 !important;}&#8221;][vc_column][vc_column_text]\n<h2>Mit diesen Flairlab-Dienstleistungen k\u00f6nnen Sie das Smoothie-Fahrrad kombinieren<\/h2>\n<p>Je nach Event und Stimmung k\u00f6nnen Sie &#8211; wenn Sie das Smoothie-Fahrrad mieten &#8211; auch einen oder mehrere <strong>professionelle Barkeeper von Flairlab dazubuchen<\/strong>. Unsere <a href=\"\/barkeeper-mieten\/\">Barkeeper<\/a> betreuen nicht nur den Stand, sondern sorgen durch ihre Pr\u00e4senz auch daf\u00fcr, dass m\u00f6glichst viele Besucher auf den Stand aufmerksam werden. Denn auch mit Smoothie-Gl\u00e4sern kann man jonglieren\u2026<\/p>\n<p>Dar\u00fcber hinaus k\u00fcmmern wir uns um eine reibungslose Logistik und darum, dass zu jeder Zeit ausreichend Gl\u00e4ser und Fr\u00fcchte da sind, um Smoothies zu mixen. <strong>W\u00e4hrenddessen k\u00f6nnen Sie sich entspannen und sich um die wirklich wichtigen Dinge k\u00fcmmern: Die Besucher und Interessenten an ihrem Stand.<\/strong>[\/vc_column_text][\/vc_column][\/vc_row][vc_row][vc_column width=&#8221;1\/4&#8243;][vc_single_image image=&#8221;3958&#8243; img_size=&#8221;medium&#8221; alignment=&#8221;center&#8221; style=&#8221;vc_box_shadow_border_circle_2&#8243; onclick=&#8221;zoom&#8221;][\/vc_column][vc_column width=&#8221;1\/4&#8243;][vc_single_image image=&#8221;3985&#8243; img_size=&#8221;medium&#8221; alignment=&#8221;center&#8221; style=&#8221;vc_box_shadow_border_circle_2&#8243; onclick=&#8221;zoom&#8221;][\/vc_column][vc_column width=&#8221;1\/4&#8243;][vc_single_image image=&#8221;3982&#8243; img_size=&#8221;medium&#8221; alignment=&#8221;center&#8221; style=&#8221;vc_box_shadow_border_circle_2&#8243; onclick=&#8221;zoom&#8221;][\/vc_column][vc_column width=&#8221;1\/4&#8243;][vc_single_image image=&#8221;3984&#8243; img_size=&#8221;medium&#8221; alignment=&#8221;center&#8221; style=&#8221;vc_box_shadow_border_circle_2&#8243; onclick=&#8221;zoom&#8221;][\/vc_column][\/vc_row][vc_row full_width=&#8221;stretch_row&#8221; css=&#8221;.vc_custom_1566318844143{margin-top: 50px !important;}&#8221;][vc_column][vc_column_text]\n<h2>Das Smoothie-Fahrrad mieten: Kontaktieren Sie uns!<\/h2>\n<p><strong>Sie m\u00f6chten das Smoothie-Fahrrad von Flairlab f\u00fcr Ihren Stra\u00dfen- oder Messestand mieten?<\/strong> Dann sprechen Sie uns an! Wir beraten Sie gerne bei der Auswahl des richtigen Equipments und der passenden Fr\u00fcchte und Zutaten.<\/p>\n<p>Wir freuen uns auf Ihre Anfrage!<br \/>\n[\/vc_column_text][vc_column_text css=&#8221;.vc_custom_1553708607042{margin-top: 50px !important;margin-bottom: 50px !important;border-top-width: 30px !important;border-bottom-width: 30px !important;}&#8221;]\n<div style=\"margin: 0 auto; text-align: center;\">\n<p><a href=\"\/kontakt-zum-flairlab-team\/\"><button style=\"background-color: #0abee9; text-align: center; color: white; border: none; border-radius: 6px; padding: 15px; box-shadow: 0 3px 8px 0 rgba(0,0,0,0.2), 0 1px 900px 0 rgba(0,0,0,0.19);\"><span style=\"font-size: 22px;\">\u00bb JETZT unverbindliche Anfrage stellen!<\/span><\/button><\/a><\/p>\n<\/div>\n[\/vc_column_text][\/vc_column][\/vc_row]\n","protected":false},"excerpt":{"rendered":"<p>[vc_row full_width=&#8221;stretch_row&#8221; gap=&#8221;35&#8243; content_placement=&#8221;middle&#8221; parallax=&#8221;content-moving&#8221; parallax_image=&#8221;3950&#8243; parallax_speed_bg=&#8221;1.3&#8243;][vc_column][vc_empty_space height=&#8221;400px&#8221;][\/vc_column][\/vc_row][vc_row][vc_column][vc_column_text css=&#8221;.vc_custom_1566311625739{padding-top: 50px !important;}&#8221;] Smoothie-Fahrrad mieten \u00bb Das Bike f\u00fcr Ihren Messestand [\/vc_column_text][\/vc_column][vc_column][vc_column_text]Sie setzen f\u00fcr Ihr Unternehmen auf eine nachhaltige Au\u00dfenwirkung? Dann ist unser Smoothie-Fahrrad genau das Richtige f\u00fcr Sie und Ihren Messestand! Hier kann sich jeder Besucher seinen Smoothie selbst mixen. Das Bike ist ein Unikat und [&hellip;]<\/p>\n","protected":false},"author":3,"featured_media":3949,"parent":0,"menu_order":0,"comment_status":"closed","ping_status":"closed","template":"","meta":{"content-type":"","footnotes":""},"class_list":["post-3863","page","type-page","status-publish","has-post-thumbnail","hentry"],"yoast_head":"<!-- This site is optimized with the Yoast SEO Premium plugin v27.0 (Yoast SEO v27.1.1) - https:\/\/yoast.com\/product\/yoast-seo-premium-wordpress\/ -->\n<title>\u2705 Smoothie-fahrrad buchen f\u00fcr Messestand in Berlin &amp; Deutschlandweit!<\/title>\n<meta name=\"description\" content=\"Smoothie Fahrrad mieten in Berlin | Nachhaltig + 100% Gr\u00fcn \u2705 Unikat \u2705 Branding m\u00f6glich \u00bb auf Wunsch mit professionellen Barkeepern \u2605 JETZT entdecken!\" \/>\n<meta name=\"robots\" content=\"index, follow, max-snippet:-1, max-image-preview:large, max-video-preview:-1\" \/>\n<link rel=\"canonical\" href=\"https:\/\/softvenceomega.com\/?page_id=3863\" \/>\n<meta property=\"og:locale\" content=\"en_US\" \/>\n<meta property=\"og:type\" content=\"article\" \/>\n<meta property=\"og:title\" content=\"Mobile Bars \u2013 Flexibars\" \/>\n<meta property=\"og:description\" content=\"Mobile Bars \u2013 Flexibars Sie suchen exclusive mobile Bars f\u00fcr Ihre Veranstaltung?W\u00e4hlen Sie aus verschiedenen Bars die passende f\u00fcr Ihre Veranstaltung.\" \/>\n<meta property=\"og:url\" content=\"https:\/\/softvenceomega.com\/?page_id=3863\" \/>\n<meta property=\"og:site_name\" content=\"FLAIRLAB\" \/>\n<meta property=\"article:publisher\" content=\"https:\/\/m.facebook.com\/flairlab\" \/>\n<meta property=\"article:modified_time\" content=\"2020-04-29T09:12:54+00:00\" \/>\n<meta property=\"og:image\" content=\"https:\/\/softvenceomega.com\/wp-content\/uploads\/2018\/05\/FormatFactory_MG_0207.jpg\" \/>\n\t<meta property=\"og:image:width\" content=\"2400\" \/>\n\t<meta property=\"og:image:height\" content=\"1120\" \/>\n\t<meta property=\"og:image:type\" content=\"image\/jpeg\" \/>\n<meta name=\"twitter:card\" content=\"summary_large_image\" \/>\n<meta name=\"twitter:title\" content=\"Mobile Bars \u2013 Flexibars\" \/>\n<meta name=\"twitter:description\" content=\"Mobile Bars \u2013 Flexibars Sie suchen exclusive mobile Bars f\u00fcr Ihre Veranstaltung?W\u00e4hlen Sie aus verschiedenen Bars die passende f\u00fcr Ihre Veranstaltung.\" \/>\n<meta name=\"twitter:image\" content=\"https:\/\/softvenceomega.com\/wp-content\/uploads\/2018\/05\/FormatFactory_MG_0207.jpg\" \/>\n<meta name=\"twitter:label1\" content=\"Est. reading time\" \/>\n\t<meta name=\"twitter:data1\" content=\"6 minutes\" \/>\n<script type=\"application\/ld+json\" class=\"yoast-schema-graph\">{\"@context\":\"https:\/\/schema.org\",\"@graph\":[{\"@type\":\"WebPage\",\"@id\":\"https:\/\/softvenceomega.com\/?page_id=3863\",\"url\":\"https:\/\/softvenceomega.com\/?page_id=3863\",\"name\":\"\u2705 Smoothie-fahrrad buchen f\u00fcr Messestand in Berlin & Deutschlandweit!\",\"isPartOf\":{\"@id\":\"https:\/\/softvenceomega.com\/#website\"},\"primaryImageOfPage\":{\"@id\":\"https:\/\/softvenceomega.com\/?page_id=3863#primaryimage\"},\"image\":{\"@id\":\"https:\/\/softvenceomega.com\/?page_id=3863#primaryimage\"},\"thumbnailUrl\":\"https:\/\/softvenceomega.com\/wp-content\/uploads\/2019\/08\/Fahrrad-smoothie-hq.jpg\",\"datePublished\":\"2019-08-20T15:13:42+00:00\",\"dateModified\":\"2020-04-29T09:12:54+00:00\",\"description\":\"Smoothie Fahrrad mieten in Berlin | Nachhaltig + 100% Gr\u00fcn \u2705 Unikat \u2705 Branding m\u00f6glich \u00bb auf Wunsch mit professionellen Barkeepern \u2605 JETZT entdecken!\",\"breadcrumb\":{\"@id\":\"https:\/\/softvenceomega.com\/?page_id=3863#breadcrumb\"},\"inLanguage\":\"en-US\",\"potentialAction\":[{\"@type\":\"ReadAction\",\"target\":[\"https:\/\/softvenceomega.com\/?page_id=3863\"]}]},{\"@type\":\"ImageObject\",\"inLanguage\":\"en-US\",\"@id\":\"https:\/\/softvenceomega.com\/?page_id=3863#primaryimage\",\"url\":\"https:\/\/softvenceomega.com\/wp-content\/uploads\/2019\/08\/Fahrrad-smoothie-hq.jpg\",\"contentUrl\":\"https:\/\/softvenceomega.com\/wp-content\/uploads\/2019\/08\/Fahrrad-smoothie-hq.jpg\",\"width\":600,\"height\":900,\"caption\":\"Smoothie Fahrrad mieten in Berlin | Nachhaltig + 100% Gr\u00fcn \u2713 Unikat \u2713 Branding m\u00f6glich \u00bb auf Wunsch mit professionellen Barkeepern \u2605 JETZT entdecken!\"},{\"@type\":\"BreadcrumbList\",\"@id\":\"https:\/\/softvenceomega.com\/?page_id=3863#breadcrumb\",\"itemListElement\":[{\"@type\":\"ListItem\",\"position\":1,\"name\":\"Startseite\",\"item\":\"https:\/\/softvenceomega.com\/\"},{\"@type\":\"ListItem\",\"position\":2,\"name\":\"Smoothie-Fahrrad\"}]},{\"@type\":\"WebSite\",\"@id\":\"https:\/\/softvenceomega.com\/#website\",\"url\":\"https:\/\/softvenceomega.com\/\",\"name\":\"FLAIRLAB\",\"description\":\"Cocktailshows &amp; Barcatering Berlin\",\"publisher\":{\"@id\":\"https:\/\/softvenceomega.com\/#organization\"},\"potentialAction\":[{\"@type\":\"SearchAction\",\"target\":{\"@type\":\"EntryPoint\",\"urlTemplate\":\"https:\/\/softvenceomega.com\/?s={search_term_string}\"},\"query-input\":{\"@type\":\"PropertyValueSpecification\",\"valueRequired\":true,\"valueName\":\"search_term_string\"}}],\"inLanguage\":\"en-US\"},{\"@type\":\"Organization\",\"@id\":\"https:\/\/softvenceomega.com\/#organization\",\"name\":\"FLAIRLAB\",\"url\":\"https:\/\/softvenceomega.com\/\",\"logo\":{\"@type\":\"ImageObject\",\"inLanguage\":\"en-US\",\"@id\":\"https:\/\/softvenceomega.com\/#\/schema\/logo\/image\/\",\"url\":\"https:\/\/softvenceomega.com\/wp-content\/uploads\/2018\/02\/flairlab_logo_footer.png\",\"contentUrl\":\"https:\/\/softvenceomega.com\/wp-content\/uploads\/2018\/02\/flairlab_logo_footer.png\",\"width\":140,\"height\":94,\"caption\":\"FLAIRLAB\"},\"image\":{\"@id\":\"https:\/\/softvenceomega.com\/#\/schema\/logo\/image\/\"},\"sameAs\":[\"https:\/\/m.facebook.com\/flairlab\",\"https:\/\/www.youtube.com\/channel\/UCbwwj0xCPRUalnWlgFs3l1A\"]}]}<\/script>\n<!-- \/ Yoast SEO Premium plugin. -->","yoast_head_json":{"title":"\u2705 Smoothie-fahrrad buchen f\u00fcr Messestand in Berlin & Deutschlandweit!","description":"Smoothie Fahrrad mieten in Berlin | Nachhaltig + 100% Gr\u00fcn \u2705 Unikat \u2705 Branding m\u00f6glich \u00bb auf Wunsch mit professionellen Barkeepern \u2605 JETZT entdecken!","robots":{"index":"index","follow":"follow","max-snippet":"max-snippet:-1","max-image-preview":"max-image-preview:large","max-video-preview":"max-video-preview:-1"},"canonical":"https:\/\/softvenceomega.com\/?page_id=3863","og_locale":"en_US","og_type":"article","og_title":"Mobile Bars \u2013 Flexibars","og_description":"Mobile Bars \u2013 Flexibars Sie suchen exclusive mobile Bars f\u00fcr Ihre Veranstaltung?W\u00e4hlen Sie aus verschiedenen Bars die passende f\u00fcr Ihre Veranstaltung.","og_url":"https:\/\/softvenceomega.com\/?page_id=3863","og_site_name":"FLAIRLAB","article_publisher":"https:\/\/m.facebook.com\/flairlab","article_modified_time":"2020-04-29T09:12:54+00:00","og_image":[{"width":2400,"height":1120,"url":"https:\/\/softvenceomega.com\/wp-content\/uploads\/2018\/05\/FormatFactory_MG_0207.jpg","type":"image\/jpeg"}],"twitter_card":"summary_large_image","twitter_title":"Mobile Bars \u2013 Flexibars","twitter_description":"Mobile Bars \u2013 Flexibars Sie suchen exclusive mobile Bars f\u00fcr Ihre Veranstaltung?W\u00e4hlen Sie aus verschiedenen Bars die passende f\u00fcr Ihre Veranstaltung.","twitter_image":"https:\/\/softvenceomega.com\/wp-content\/uploads\/2018\/05\/FormatFactory_MG_0207.jpg","twitter_misc":{"Est. reading time":"6 minutes"},"schema":{"@context":"https:\/\/schema.org","@graph":[{"@type":"WebPage","@id":"https:\/\/softvenceomega.com\/?page_id=3863","url":"https:\/\/softvenceomega.com\/?page_id=3863","name":"\u2705 Smoothie-fahrrad buchen f\u00fcr Messestand in Berlin & Deutschlandweit!","isPartOf":{"@id":"https:\/\/softvenceomega.com\/#website"},"primaryImageOfPage":{"@id":"https:\/\/softvenceomega.com\/?page_id=3863#primaryimage"},"image":{"@id":"https:\/\/softvenceomega.com\/?page_id=3863#primaryimage"},"thumbnailUrl":"https:\/\/softvenceomega.com\/wp-content\/uploads\/2019\/08\/Fahrrad-smoothie-hq.jpg","datePublished":"2019-08-20T15:13:42+00:00","dateModified":"2020-04-29T09:12:54+00:00","description":"Smoothie Fahrrad mieten in Berlin | Nachhaltig + 100% Gr\u00fcn \u2705 Unikat \u2705 Branding m\u00f6glich \u00bb auf Wunsch mit professionellen Barkeepern \u2605 JETZT entdecken!","breadcrumb":{"@id":"https:\/\/softvenceomega.com\/?page_id=3863#breadcrumb"},"inLanguage":"en-US","potentialAction":[{"@type":"ReadAction","target":["https:\/\/softvenceomega.com\/?page_id=3863"]}]},{"@type":"ImageObject","inLanguage":"en-US","@id":"https:\/\/softvenceomega.com\/?page_id=3863#primaryimage","url":"https:\/\/softvenceomega.com\/wp-content\/uploads\/2019\/08\/Fahrrad-smoothie-hq.jpg","contentUrl":"https:\/\/softvenceomega.com\/wp-content\/uploads\/2019\/08\/Fahrrad-smoothie-hq.jpg","width":600,"height":900,"caption":"Smoothie Fahrrad mieten in Berlin | Nachhaltig + 100% Gr\u00fcn \u2713 Unikat \u2713 Branding m\u00f6glich \u00bb auf Wunsch mit professionellen Barkeepern \u2605 JETZT entdecken!"},{"@type":"BreadcrumbList","@id":"https:\/\/softvenceomega.com\/?page_id=3863#breadcrumb","itemListElement":[{"@type":"ListItem","position":1,"name":"Startseite","item":"https:\/\/softvenceomega.com\/"},{"@type":"ListItem","position":2,"name":"Smoothie-Fahrrad"}]},{"@type":"WebSite","@id":"https:\/\/softvenceomega.com\/#website","url":"https:\/\/softvenceomega.com\/","name":"FLAIRLAB","description":"Cocktailshows &amp; Barcatering Berlin","publisher":{"@id":"https:\/\/softvenceomega.com\/#organization"},"potentialAction":[{"@type":"SearchAction","target":{"@type":"EntryPoint","urlTemplate":"https:\/\/softvenceomega.com\/?s={search_term_string}"},"query-input":{"@type":"PropertyValueSpecification","valueRequired":true,"valueName":"search_term_string"}}],"inLanguage":"en-US"},{"@type":"Organization","@id":"https:\/\/softvenceomega.com\/#organization","name":"FLAIRLAB","url":"https:\/\/softvenceomega.com\/","logo":{"@type":"ImageObject","inLanguage":"en-US","@id":"https:\/\/softvenceomega.com\/#\/schema\/logo\/image\/","url":"https:\/\/softvenceomega.com\/wp-content\/uploads\/2018\/02\/flairlab_logo_footer.png","contentUrl":"https:\/\/softvenceomega.com\/wp-content\/uploads\/2018\/02\/flairlab_logo_footer.png","width":140,"height":94,"caption":"FLAIRLAB"},"image":{"@id":"https:\/\/softvenceomega.com\/#\/schema\/logo\/image\/"},"sameAs":["https:\/\/m.facebook.com\/flairlab","https:\/\/www.youtube.com\/channel\/UCbwwj0xCPRUalnWlgFs3l1A"]}]}},"_links":{"self":[{"href":"https:\/\/softvenceomega.com\/index.php?rest_route=\/wp\/v2\/pages\/3863","targetHints":{"allow":["GET"]}}],"collection":[{"href":"https:\/\/softvenceomega.com\/index.php?rest_route=\/wp\/v2\/pages"}],"about":[{"href":"https:\/\/softvenceomega.com\/index.php?rest_route=\/wp\/v2\/types\/page"}],"author":[{"embeddable":true,"href":"https:\/\/softvenceomega.com\/index.php?rest_route=\/wp\/v2\/users\/3"}],"replies":[{"embeddable":true,"href":"https:\/\/softvenceomega.com\/index.php?rest_route=%2Fwp%2Fv2%2Fcomments&post=3863"}],"version-history":[{"count":0,"href":"https:\/\/softvenceomega.com\/index.php?rest_route=\/wp\/v2\/pages\/3863\/revisions"}],"wp:featuredmedia":[{"embeddable":true,"href":"https:\/\/softvenceomega.com\/index.php?rest_route=\/wp\/v2\/media\/3949"}],"wp:attachment":[{"href":"https:\/\/softvenceomega.com\/index.php?rest_route=%2Fwp%2Fv2%2Fmedia&parent=3863"}],"curies":[{"name":"wp","href":"https:\/\/api.w.org\/{rel}","templated":true}]}}