{"id":4021,"date":"2019-09-02T11:52:57","date_gmt":"2019-09-02T09:52:57","guid":{"rendered":"https:\/\/softvenceomega.com\/?page_id=4021"},"modified":"2024-07-03T19:40:05","modified_gmt":"2024-07-03T17:40:05","slug":"produkt-promotion","status":"publish","type":"page","link":"https:\/\/softvenceomega.com\/?page_id=4021","title":{"rendered":"Produkt-Promotion f\u00fcr eine gelungene Markteinf\u00fchrung!"},"content":{"rendered":"[vc_row full_width=&#8221;stretch_row&#8221; content_placement=&#8221;middle&#8221; parallax=&#8221;content-moving&#8221; parallax_image=&#8221;964&#8243; parallax_speed_bg=&#8221;2&#8243;][vc_column][vc_empty_space height=&#8221;400px&#8221;][\/vc_column][\/vc_row][vc_row css=&#8221;.vc_custom_1523560127476{margin-top: 50px !important;margin-bottom: 50px !important;}&#8221;][vc_column][vc_column_text]\n<h1>Produkt-Promotion von Flairlab: F\u00fcr eine erfolgreiche Markteinf\u00fchrung<\/h1>\n[\/vc_column_text][\/vc_column][\/vc_row][vc_row css=&#8221;.vc_custom_1523560252602{margin-bottom: 30px !important;}&#8221;][vc_column width=&#8221;1\/4&#8243;][vc_single_image image=&#8221;291&#8243; img_size=&#8221;large&#8221; alignment=&#8221;center&#8221; style=&#8221;vc_box_shadow_border_circle_2&#8243; onclick=&#8221;zoom&#8221;][\/vc_column][vc_column width=&#8221;3\/4&#8243;][vc_column_text]Sie haben ein ganz neues Produkt, dass sie ihrer Zielgruppe pr\u00e4sentieren m\u00f6chten? Dann sind sie bei der \u201cFlairlab Produkt-Promotion\u201d genau richtig! Mit einer atemberaubenden Show ziehen wir die Blicke auf uns und <strong>verschaffen ihrem Produkt die Aufmerksamkeit, die es verdient.<\/strong><\/p>\n<p>Die Kaufentscheidung ist das Ergebnis komplexer emotionaler Prozesse, bei denen alle Sinne beteiligt sind&#8230; Was w\u00fcrde sich f\u00fcr eine Produktpr\u00e4sentation deshalb besser eignen als eine Show, die alle wirklich Sinne anspricht? <strong>Bei uns sieht, h\u00f6rt, riecht, schmeckt und ertastet die Zielgruppe Ihr Produkt\u2026<\/strong>[\/vc_column_text][\/vc_column][\/vc_row][vc_row full_width=&#8221;stretch_row&#8221; css=&#8221;.vc_custom_1567421490343{border-bottom-width: 30px !important;background-color: #f2f2f2 !important;}&#8221;][vc_column][vc_column_text]\n<h2>Wie wird Ihr Produkt bei uns in Szene gesetzt?<\/h2>\n<p>Unser Fokus liegt auf einer atemberaubenden Cocktailshow, die Ihre G\u00e4ste so schnell nicht vergessen werden! Unsere Showeinlagen werden immer verbunden mit einem absoluten Premium-Barcatering, bei dem die G\u00e4ste <strong>\u00fcber den Geschmacksinn eine emotionale Verbindung zu Ihrem Produkt aufbauen<\/strong> k\u00f6nnen.[\/vc_column_text][\/vc_column][\/vc_row][vc_row full_width=&#8221;stretch_row&#8221; css=&#8221;.vc_custom_1567421636972{border-bottom-width: 30px !important;background-color: #f2f2f2 !important;}&#8221;][vc_column width=&#8221;1\/3&#8243;][vc_single_image image=&#8221;3946&#8243; alignment=&#8221;center&#8221; style=&#8221;vc_box_shadow_border_circle_2&#8243; onclick=&#8221;zoom&#8221;][\/vc_column][vc_column width=&#8221;2\/3&#8243;][vc_column_text]\n<h3>Interaktivit\u00e4t ist der Schl\u00fcssel zum Erfolg<\/h3>\n<p>Dar\u00fcber hinaus binden wir die G\u00e4ste aktiv in unsere Show mit ein. <strong>Denn Interaktivit\u00e4t steigert das Bewusstsein f\u00fcr ein Produkt und seine jeweiligen Eigenschaften.<\/strong> Die Verbindung zum Produkt ist um einiges st\u00e4rker, wenn wir es in eigenen H\u00e4nden halten k\u00f6nnen, als wenn wir es nur aus der Ferne betrachten.[\/vc_column_text][\/vc_column][\/vc_row][vc_row full_width=&#8221;stretch_row&#8221; css=&#8221;.vc_custom_1567421562169{border-bottom-width: 30px !important;background-color: #f2f2f2 !important;}&#8221;][vc_column width=&#8221;1\/3&#8243;][vc_single_image image=&#8221;711&#8243; alignment=&#8221;center&#8221; style=&#8221;vc_box_shadow_border_circle_2&#8243; onclick=&#8221;zoom&#8221;][\/vc_column][vc_column width=&#8221;2\/3&#8243;][vc_column_text]\n<h3>Ihr Logo im Zentrum einer fesselnden Show<\/h3>\n<p>Selbstverst\u00e4ndlich kommt auch Ihr Marken- bzw. Produktlogo w\u00e4hrend der Show nicht zu knapp: <strong>Mit waghalsigen Kunstst\u00fccken r\u00fccken wir Ihr Logo ins Zentrum der Aufmerksamkeit!<\/strong> Dazu geh\u00f6ren unter anderem das Balancieren eines Glas\u2019 auf einem L\u00f6ffel und der physikalisch scheinbar unm\u00f6gliche Flaschenturm&#8230;[\/vc_column_text][\/vc_column][\/vc_row][vc_row full_width=&#8221;stretch_row&#8221; css=&#8221;.vc_custom_1567421573191{border-bottom-width: 30px !important;background-color: #f2f2f2 !important;}&#8221;][vc_column width=&#8221;1\/3&#8243;][vc_single_image image=&#8221;3977&#8243; alignment=&#8221;center&#8221; style=&#8221;vc_box_shadow_border_circle_2&#8243; onclick=&#8221;zoom&#8221;][\/vc_column][vc_column width=&#8221;2\/3&#8243;][vc_column_text]\n<h3>Effektiver als jedes Werbeplakat&#8230;<\/h3>\n<p>Da unsere Show alle Sinne anspricht, werden sich die potentiellen <strong>Kunden mit einer viel h\u00f6heren Wahrscheinlichkeit an das Produkt zur\u00fcckerinnern<\/strong>, als wenn sie es nur auf einem Plakat auf der Stra\u00dfe oder einer Bannerwerbung im Internet gesehen haben. Unser Gehirn sortiert diese passiven Werbereize in der Regel n\u00e4mlich einfach aus&#8230;[\/vc_column_text][\/vc_column][\/vc_row][vc_row full_width=&#8221;stretch_row&#8221; css=&#8221;.vc_custom_1567421676202{border-bottom-width: 30px !important;background-color: #f2f2f2 !important;}&#8221;][vc_column width=&#8221;1\/3&#8243;][vc_single_image image=&#8221;3258&#8243; alignment=&#8221;center&#8221; style=&#8221;vc_box_shadow_border_circle_2&#8243; onclick=&#8221;zoom&#8221;][\/vc_column][vc_column width=&#8221;2\/3&#8243;][vc_column_text css=&#8221;&#8221;]\n<h3><a href=\"https:\/\/softvenceomega.com\/kuenstler-buchen\/\">Artistische Verkaufsf\u00f6rderung f\u00fcr Ihr Produkt<\/a><\/h3>\n<p>Neben einer Cocktailshow ist es uns auch m\u00f6glich, Ihr Produkt in einer artistischen Art und Weise zu pr\u00e4sentieren. Durch <strong>professionelle B\u00fchnenk\u00fcnstler, S\u00e4nger, DJs &amp; Co.<\/strong> sorgen wir f\u00fcr die richtige Stimmung und bringen das Publikum in Wallung.<\/p>\n<p>Je nach Produkt variieren die Showeinlagen: Mal wild und st\u00fcrmisch, mal ganz sanft und romantisch. Als Unternehmen, das seine Zielgruppe genau kennt, wissen Sie am besten, was Ihre Kunden lieben werden&#8230;[\/vc_column_text][\/vc_column][\/vc_row][vc_row full_width=&#8221;stretch_row&#8221; parallax=&#8221;content-moving&#8221; parallax_speed_bg=&#8221;3&#8243; css=&#8221;.vc_custom_1567421590549{border-top-width: 50px !important;border-bottom-width: 50px !important;background-color: #f2f2f2 !important;}&#8221;][vc_column][vc_raw_html]JTNDZGl2JTIwc3R5bGUlM0QlMjJtYXJnaW4lM0ElMjAwJTIwYXV0byUzQiUyMHRleHQtYWxpZ24lM0ElMjBjZW50ZXIlMjIlM0UlMEElM0NhJTIwaHJlZiUzRCUyMiUyRmtvbnRha3QtenVtLWZsYWlybGFiLXRlYW0lMkYlMjIlM0UlM0NidXR0b24lMjBzdHlsZSUzRCUyMmJhY2tncm91bmQtY29sb3IlM0ElMjAlMjMwQUJFRTklM0IlMjB0ZXh0LWFsaWduJTNBJTIwY2VudGVyJTNCJTIwY29sb3IlM0ElMjB3aGl0ZSUzQiUyMGJvcmRlciUzQSUyMG5vbmUlM0IlMjBib3JkZXItcmFkaXVzJTNBJTIwNnB4JTNCJTIwcGFkZGluZyUzQSUyMDE1cHglM0IlMjBib3gtc2hhZG93JTNBJTIwMCUyMDNweCUyMDhweCUyMDAlMjByZ2JhJTI4MCUyQzAlMkMwJTJDMC4yJTI5JTJDJTIwMCUyMDFweCUyMDkwMHB4JTIwMCUyMHJnYmElMjgwJTJDMCUyQzAlMkMwLjE5JTI5JTNCJTIyJTNFJTBBJTIwJTIwJTNDc3BhbiUyMHN0eWxlJTNEJTIyZm9udC1zaXplJTNBJTIwMjJweCUzQiUyMiUzRSUyNiUyMzE4NyUzQiUyMEpFVFpUJTIwdW52ZXJiaW5kbGljaGUlMjBBbmZyYWdlJTIwc3RlbGxlbiUyMSUzQyUyRnNwYW4lM0UlMEElM0MlMkZidXR0b24lM0UlM0MlMkZhJTNFJTNDJTJGZGl2JTNF[\/vc_raw_html][\/vc_column][\/vc_row][vc_row css=&#8221;.vc_custom_1567424247848{margin-top: 50px !important;margin-bottom: 30px !important;border-top-width: 50px !important;}&#8221;][vc_column][vc_column_text]\n<h2>F\u00fcr welche Events &amp; Gelegenheiten bietet sich die Flairlab Produkt-Promotion an?<\/h2>\n<p>Die Flairlab Produkt-Promotion eignet sich f\u00fcr jeden, der sein <strong>Produkt m\u00f6glichst wirkungsvoll pr\u00e4sentieren<\/strong> und die richtigen Emotionen wecken m\u00f6chte. Unsere Shows sind f\u00fcr verschiedene Locations geeignet und flexibel einsetzbar.[\/vc_column_text][\/vc_column][\/vc_row][vc_row css=&#8221;.vc_custom_1523560147214{margin-bottom: 30px !important;}&#8221;][vc_column width=&#8221;1\/3&#8243;][vc_single_image image=&#8221;4041&#8243; alignment=&#8221;center&#8221; style=&#8221;vc_box_shadow_border_circle_2&#8243; onclick=&#8221;zoom&#8221;][\/vc_column][vc_column width=&#8221;2\/3&#8243;][vc_column_text]\n<h3>Er\u00f6ffnung von Hotels &amp; Stores<\/h3>\n<p>F\u00fcr Er\u00f6ffnungsfeiern eignen sich unsere Services besonders gut, da sie mit uns &#8211; neben Ihrem Produkt &#8211; noch einen weiteren Publikumsmagneten haben, der die Blicke auf sich zieht und auch Laufkundschaft anzieht, die sich sonst nicht angesprochen gef\u00fchlt h\u00e4tten.[\/vc_column_text][\/vc_column][\/vc_row][vc_row css=&#8221;.vc_custom_1523560147214{margin-bottom: 30px !important;}&#8221;][vc_column width=&#8221;1\/3&#8243;][vc_single_image image=&#8221;4042&#8243; alignment=&#8221;center&#8221; style=&#8221;vc_box_shadow_border_circle_2&#8243; onclick=&#8221;zoom&#8221;][\/vc_column][vc_column width=&#8221;2\/3&#8243;][vc_column_text]\n<h3>Spirituosen- und Getr\u00e4nkemessen<\/h3>\n<p>Wo w\u00e4re eine Cocktailshow besser aufgehoben als auf einer Getr\u00e4nkemesse? <strong>Viel n\u00e4her kommt man an diese spezielle Zielgruppe normalerweise gar nicht ran\u2026<\/strong> Und womit lassen sich Getr\u00e4nke-Liebhaber begeistern? Genau&#8230; mit ihrem akkurat gemixten Lieblings-Cocktail.[\/vc_column_text][\/vc_column][\/vc_row][vc_row css=&#8221;.vc_custom_1523560147214{margin-bottom: 30px !important;}&#8221;][vc_column width=&#8221;1\/3&#8243;][vc_single_image image=&#8221;4051&#8243; alignment=&#8221;center&#8221; style=&#8221;vc_box_shadow_border_circle_2&#8243; onclick=&#8221;zoom&#8221;][\/vc_column][vc_column width=&#8221;2\/3&#8243;][vc_column_text]\n<h3>Fernsehproduktionen: Aufzeichnungen f\u00fcr Werbe- und Unterhaltungsformate<\/h3>\n<p>Auch f\u00fcr diverse Fernsehformate stehen wir Ihnen gerne zur Verf\u00fcgung. In diesem Bereich k\u00f6nnen wir bereits auf einige Erfahrung zur\u00fcckgreifen und <strong>meistern die Aufzeichnung professionell und seri\u00f6s.<\/strong>[\/vc_column_text][\/vc_column][\/vc_row][vc_row full_width=&#8221;stretch_row&#8221; css=&#8221;.vc_custom_1567424315124{border-bottom-width: 30px !important;background-color: #f2f2f2 !important;}&#8221;][vc_column][vc_column_text]\n<h2>Die Flairlab Produkt-Promotion: Jetzt Anfragen!<\/h2>\n<p>Haben wir Ihr Interesse geweckt? <strong>Dann kontaktieren Sie uns ganz unverbindlich!<\/strong> Gerne helfen wir Ihnen dabei, den f\u00fcr Ihr Produkt und Ihre Location passenden Showact zu finden.<\/p>\n<p>Wir freuen uns auf Ihre Anfrage![\/vc_column_text][\/vc_column][\/vc_row][vc_row full_width=&#8221;stretch_row&#8221; parallax=&#8221;content-moving&#8221; parallax_speed_bg=&#8221;3&#8243; css=&#8221;.vc_custom_1567424283830{margin-bottom: 50px !important;border-top-width: 50px !important;background-color: #f2f2f2 !important;}&#8221;][vc_column][vc_raw_html]JTNDZGl2JTIwc3R5bGUlM0QlMjJtYXJnaW4lM0ElMjAwJTIwYXV0byUzQiUyMHRleHQtYWxpZ24lM0ElMjBjZW50ZXIlMjIlM0UlMEElM0NhJTIwaHJlZiUzRCUyMiUyRmtvbnRha3QtenVtLWZsYWlybGFiLXRlYW0lMkYlMjIlM0UlM0NidXR0b24lMjBzdHlsZSUzRCUyMmJhY2tncm91bmQtY29sb3IlM0ElMjAlMjMwQUJFRTklM0IlMjB0ZXh0LWFsaWduJTNBJTIwY2VudGVyJTNCJTIwY29sb3IlM0ElMjB3aGl0ZSUzQiUyMGJvcmRlciUzQSUyMG5vbmUlM0IlMjBib3JkZXItcmFkaXVzJTNBJTIwNnB4JTNCJTIwcGFkZGluZyUzQSUyMDE1cHglM0IlMjBib3gtc2hhZG93JTNBJTIwMCUyMDNweCUyMDhweCUyMDAlMjByZ2JhJTI4MCUyQzAlMkMwJTJDMC4yJTI5JTJDJTIwMCUyMDFweCUyMDkwMHB4JTIwMCUyMHJnYmElMjgwJTJDMCUyQzAlMkMwLjE5JTI5JTNCJTIyJTNFJTBBJTIwJTIwJTNDc3BhbiUyMHN0eWxlJTNEJTIyZm9udC1zaXplJTNBJTIwMjJweCUzQiUyMiUzRSUyNiUyMzE4NyUzQiUyMEpFVFpUJTIwdW52ZXJiaW5kbGljaGUlMjBBbmZyYWdlJTIwc3RlbGxlbiUyMSUzQyUyRnNwYW4lM0UlMEElM0MlMkZidXR0b24lM0UlM0MlMkZhJTNFJTNDJTJGZGl2JTNF[\/vc_raw_html][\/vc_column][\/vc_row]\n","protected":false},"excerpt":{"rendered":"<p>[vc_row full_width=&#8221;stretch_row&#8221; content_placement=&#8221;middle&#8221; parallax=&#8221;content-moving&#8221; parallax_image=&#8221;964&#8243; parallax_speed_bg=&#8221;2&#8243;][vc_column][vc_empty_space height=&#8221;400px&#8221;][\/vc_column][\/vc_row][vc_row css=&#8221;.vc_custom_1523560127476{margin-top: 50px !important;margin-bottom: 50px !important;}&#8221;][vc_column][vc_column_text] Produkt-Promotion von Flairlab: F\u00fcr eine erfolgreiche Markteinf\u00fchrung [\/vc_column_text][\/vc_column][\/vc_row][vc_row css=&#8221;.vc_custom_1523560252602{margin-bottom: 30px !important;}&#8221;][vc_column width=&#8221;1\/4&#8243;][vc_single_image image=&#8221;291&#8243; img_size=&#8221;large&#8221; alignment=&#8221;center&#8221; style=&#8221;vc_box_shadow_border_circle_2&#8243; onclick=&#8221;zoom&#8221;][\/vc_column][vc_column width=&#8221;3\/4&#8243;][vc_column_text]Sie haben ein ganz neues Produkt, dass sie ihrer Zielgruppe pr\u00e4sentieren m\u00f6chten? Dann sind sie bei der \u201cFlairlab Produkt-Promotion\u201d genau richtig! Mit einer atemberaubenden Show ziehen [&hellip;]<\/p>\n","protected":false},"author":3,"featured_media":975,"parent":0,"menu_order":0,"comment_status":"closed","ping_status":"closed","template":"","meta":{"content-type":"","footnotes":""},"class_list":["post-4021","page","type-page","status-publish","has-post-thumbnail","hentry"],"yoast_head":"<!-- This site is optimized with the Yoast SEO Premium plugin v27.0 (Yoast SEO v27.1.1) - https:\/\/yoast.com\/product\/yoast-seo-premium-wordpress\/ -->\n<title>Flairlab Produkt-Promotion f\u00fcr eine gelungene Markteinf\u00fchrung!<\/title>\n<meta name=\"description\" content=\"Effektive Produkt-Promotion \u00bb Cocktailshow, professionelle Barkeeper oder Artisten \u2605 effiziente Verkaufsf\u00f6rderung gemischt mit kreativen Ideen!\" \/>\n<meta name=\"robots\" content=\"index, follow, max-snippet:-1, max-image-preview:large, max-video-preview:-1\" \/>\n<link rel=\"canonical\" href=\"https:\/\/softvenceomega.com\/?page_id=4021\" \/>\n<meta property=\"og:locale\" content=\"en_US\" \/>\n<meta property=\"og:type\" content=\"article\" \/>\n<meta property=\"og:title\" content=\"Promotion \u2013 Produkt Pr\u00e4sentation\" \/>\n<meta property=\"og:description\" content=\"Promotion \u2013 Produkt Pr\u00e4sentation - Sie wollen Ihre Produkte auf den Markt bringen? Ihr Image aufpolieren oder einfach Ihre Kunden begeistern?\" \/>\n<meta property=\"og:url\" content=\"https:\/\/softvenceomega.com\/?page_id=4021\" \/>\n<meta property=\"og:site_name\" content=\"FLAIRLAB\" \/>\n<meta property=\"article:publisher\" content=\"https:\/\/m.facebook.com\/flairlab\" \/>\n<meta property=\"article:modified_time\" content=\"2024-07-03T17:40:05+00:00\" \/>\n<meta property=\"og:image\" content=\"https:\/\/softvenceomega.com\/wp-content\/uploads\/2018\/04\/flairlab-promotion-1.jpg\" \/>\n\t<meta property=\"og:image:width\" content=\"2000\" \/>\n\t<meta property=\"og:image:height\" content=\"1335\" \/>\n\t<meta property=\"og:image:type\" content=\"image\/jpeg\" \/>\n<meta name=\"twitter:card\" content=\"summary_large_image\" \/>\n<meta name=\"twitter:title\" content=\"Promotion \u2013 Produkt Pr\u00e4sentation\" \/>\n<meta name=\"twitter:description\" content=\"Promotion \u2013 Produkt Pr\u00e4sentation - Sie wollen Ihre Produkte auf den Markt bringen? Ihr Image aufpolieren oder einfach Ihre Kunden begeistern?\" \/>\n<meta name=\"twitter:image\" content=\"https:\/\/softvenceomega.com\/wp-content\/uploads\/2018\/04\/flairlab-promotion-1.jpg\" \/>\n<meta name=\"twitter:label1\" content=\"Est. reading time\" \/>\n\t<meta name=\"twitter:data1\" content=\"7 minutes\" \/>\n<script type=\"application\/ld+json\" class=\"yoast-schema-graph\">{\"@context\":\"https:\/\/schema.org\",\"@graph\":[{\"@type\":\"WebPage\",\"@id\":\"https:\/\/softvenceomega.com\/?page_id=4021\",\"url\":\"https:\/\/softvenceomega.com\/?page_id=4021\",\"name\":\"Flairlab Produkt-Promotion f\u00fcr eine gelungene Markteinf\u00fchrung!\",\"isPartOf\":{\"@id\":\"https:\/\/softvenceomega.com\/#website\"},\"primaryImageOfPage\":{\"@id\":\"https:\/\/softvenceomega.com\/?page_id=4021#primaryimage\"},\"image\":{\"@id\":\"https:\/\/softvenceomega.com\/?page_id=4021#primaryimage\"},\"thumbnailUrl\":\"https:\/\/softvenceomega.com\/wp-content\/uploads\/2018\/04\/flairlab-promotion-1.jpg\",\"datePublished\":\"2019-09-02T09:52:57+00:00\",\"dateModified\":\"2024-07-03T17:40:05+00:00\",\"description\":\"Effektive Produkt-Promotion \u00bb Cocktailshow, professionelle Barkeeper oder Artisten \u2605 effiziente Verkaufsf\u00f6rderung gemischt mit kreativen Ideen!\",\"breadcrumb\":{\"@id\":\"https:\/\/softvenceomega.com\/?page_id=4021#breadcrumb\"},\"inLanguage\":\"en-US\",\"potentialAction\":[{\"@type\":\"ReadAction\",\"target\":[\"https:\/\/softvenceomega.com\/?page_id=4021\"]}]},{\"@type\":\"ImageObject\",\"inLanguage\":\"en-US\",\"@id\":\"https:\/\/softvenceomega.com\/?page_id=4021#primaryimage\",\"url\":\"https:\/\/softvenceomega.com\/wp-content\/uploads\/2018\/04\/flairlab-promotion-1.jpg\",\"contentUrl\":\"https:\/\/softvenceomega.com\/wp-content\/uploads\/2018\/04\/flairlab-promotion-1.jpg\",\"width\":2000,\"height\":1335,\"caption\":\"Promotion \u2013 Produkt Pr\u00e4sentation\"},{\"@type\":\"BreadcrumbList\",\"@id\":\"https:\/\/softvenceomega.com\/?page_id=4021#breadcrumb\",\"itemListElement\":[{\"@type\":\"ListItem\",\"position\":1,\"name\":\"Startseite\",\"item\":\"https:\/\/softvenceomega.com\/\"},{\"@type\":\"ListItem\",\"position\":2,\"name\":\"Produkt-Promotion f\u00fcr eine gelungene Markteinf\u00fchrung!\"}]},{\"@type\":\"WebSite\",\"@id\":\"https:\/\/softvenceomega.com\/#website\",\"url\":\"https:\/\/softvenceomega.com\/\",\"name\":\"FLAIRLAB\",\"description\":\"Cocktailshows &amp; Barcatering Berlin\",\"publisher\":{\"@id\":\"https:\/\/softvenceomega.com\/#organization\"},\"potentialAction\":[{\"@type\":\"SearchAction\",\"target\":{\"@type\":\"EntryPoint\",\"urlTemplate\":\"https:\/\/softvenceomega.com\/?s={search_term_string}\"},\"query-input\":{\"@type\":\"PropertyValueSpecification\",\"valueRequired\":true,\"valueName\":\"search_term_string\"}}],\"inLanguage\":\"en-US\"},{\"@type\":\"Organization\",\"@id\":\"https:\/\/softvenceomega.com\/#organization\",\"name\":\"FLAIRLAB\",\"url\":\"https:\/\/softvenceomega.com\/\",\"logo\":{\"@type\":\"ImageObject\",\"inLanguage\":\"en-US\",\"@id\":\"https:\/\/softvenceomega.com\/#\/schema\/logo\/image\/\",\"url\":\"https:\/\/softvenceomega.com\/wp-content\/uploads\/2018\/02\/flairlab_logo_footer.png\",\"contentUrl\":\"https:\/\/softvenceomega.com\/wp-content\/uploads\/2018\/02\/flairlab_logo_footer.png\",\"width\":140,\"height\":94,\"caption\":\"FLAIRLAB\"},\"image\":{\"@id\":\"https:\/\/softvenceomega.com\/#\/schema\/logo\/image\/\"},\"sameAs\":[\"https:\/\/m.facebook.com\/flairlab\",\"https:\/\/www.youtube.com\/channel\/UCbwwj0xCPRUalnWlgFs3l1A\"]}]}<\/script>\n<!-- \/ Yoast SEO Premium plugin. -->","yoast_head_json":{"title":"Flairlab Produkt-Promotion f\u00fcr eine gelungene Markteinf\u00fchrung!","description":"Effektive Produkt-Promotion \u00bb Cocktailshow, professionelle Barkeeper oder Artisten \u2605 effiziente Verkaufsf\u00f6rderung gemischt mit kreativen Ideen!","robots":{"index":"index","follow":"follow","max-snippet":"max-snippet:-1","max-image-preview":"max-image-preview:large","max-video-preview":"max-video-preview:-1"},"canonical":"https:\/\/softvenceomega.com\/?page_id=4021","og_locale":"en_US","og_type":"article","og_title":"Promotion \u2013 Produkt Pr\u00e4sentation","og_description":"Promotion \u2013 Produkt Pr\u00e4sentation - Sie wollen Ihre Produkte auf den Markt bringen? Ihr Image aufpolieren oder einfach Ihre Kunden begeistern?","og_url":"https:\/\/softvenceomega.com\/?page_id=4021","og_site_name":"FLAIRLAB","article_publisher":"https:\/\/m.facebook.com\/flairlab","article_modified_time":"2024-07-03T17:40:05+00:00","og_image":[{"width":2000,"height":1335,"url":"https:\/\/softvenceomega.com\/wp-content\/uploads\/2018\/04\/flairlab-promotion-1.jpg","type":"image\/jpeg"}],"twitter_card":"summary_large_image","twitter_title":"Promotion \u2013 Produkt Pr\u00e4sentation","twitter_description":"Promotion \u2013 Produkt Pr\u00e4sentation - Sie wollen Ihre Produkte auf den Markt bringen? Ihr Image aufpolieren oder einfach Ihre Kunden begeistern?","twitter_image":"https:\/\/softvenceomega.com\/wp-content\/uploads\/2018\/04\/flairlab-promotion-1.jpg","twitter_misc":{"Est. reading time":"7 minutes"},"schema":{"@context":"https:\/\/schema.org","@graph":[{"@type":"WebPage","@id":"https:\/\/softvenceomega.com\/?page_id=4021","url":"https:\/\/softvenceomega.com\/?page_id=4021","name":"Flairlab Produkt-Promotion f\u00fcr eine gelungene Markteinf\u00fchrung!","isPartOf":{"@id":"https:\/\/softvenceomega.com\/#website"},"primaryImageOfPage":{"@id":"https:\/\/softvenceomega.com\/?page_id=4021#primaryimage"},"image":{"@id":"https:\/\/softvenceomega.com\/?page_id=4021#primaryimage"},"thumbnailUrl":"https:\/\/softvenceomega.com\/wp-content\/uploads\/2018\/04\/flairlab-promotion-1.jpg","datePublished":"2019-09-02T09:52:57+00:00","dateModified":"2024-07-03T17:40:05+00:00","description":"Effektive Produkt-Promotion \u00bb Cocktailshow, professionelle Barkeeper oder Artisten \u2605 effiziente Verkaufsf\u00f6rderung gemischt mit kreativen Ideen!","breadcrumb":{"@id":"https:\/\/softvenceomega.com\/?page_id=4021#breadcrumb"},"inLanguage":"en-US","potentialAction":[{"@type":"ReadAction","target":["https:\/\/softvenceomega.com\/?page_id=4021"]}]},{"@type":"ImageObject","inLanguage":"en-US","@id":"https:\/\/softvenceomega.com\/?page_id=4021#primaryimage","url":"https:\/\/softvenceomega.com\/wp-content\/uploads\/2018\/04\/flairlab-promotion-1.jpg","contentUrl":"https:\/\/softvenceomega.com\/wp-content\/uploads\/2018\/04\/flairlab-promotion-1.jpg","width":2000,"height":1335,"caption":"Promotion \u2013 Produkt Pr\u00e4sentation"},{"@type":"BreadcrumbList","@id":"https:\/\/softvenceomega.com\/?page_id=4021#breadcrumb","itemListElement":[{"@type":"ListItem","position":1,"name":"Startseite","item":"https:\/\/softvenceomega.com\/"},{"@type":"ListItem","position":2,"name":"Produkt-Promotion f\u00fcr eine gelungene Markteinf\u00fchrung!"}]},{"@type":"WebSite","@id":"https:\/\/softvenceomega.com\/#website","url":"https:\/\/softvenceomega.com\/","name":"FLAIRLAB","description":"Cocktailshows &amp; Barcatering Berlin","publisher":{"@id":"https:\/\/softvenceomega.com\/#organization"},"potentialAction":[{"@type":"SearchAction","target":{"@type":"EntryPoint","urlTemplate":"https:\/\/softvenceomega.com\/?s={search_term_string}"},"query-input":{"@type":"PropertyValueSpecification","valueRequired":true,"valueName":"search_term_string"}}],"inLanguage":"en-US"},{"@type":"Organization","@id":"https:\/\/softvenceomega.com\/#organization","name":"FLAIRLAB","url":"https:\/\/softvenceomega.com\/","logo":{"@type":"ImageObject","inLanguage":"en-US","@id":"https:\/\/softvenceomega.com\/#\/schema\/logo\/image\/","url":"https:\/\/softvenceomega.com\/wp-content\/uploads\/2018\/02\/flairlab_logo_footer.png","contentUrl":"https:\/\/softvenceomega.com\/wp-content\/uploads\/2018\/02\/flairlab_logo_footer.png","width":140,"height":94,"caption":"FLAIRLAB"},"image":{"@id":"https:\/\/softvenceomega.com\/#\/schema\/logo\/image\/"},"sameAs":["https:\/\/m.facebook.com\/flairlab","https:\/\/www.youtube.com\/channel\/UCbwwj0xCPRUalnWlgFs3l1A"]}]}},"_links":{"self":[{"href":"https:\/\/softvenceomega.com\/index.php?rest_route=\/wp\/v2\/pages\/4021","targetHints":{"allow":["GET"]}}],"collection":[{"href":"https:\/\/softvenceomega.com\/index.php?rest_route=\/wp\/v2\/pages"}],"about":[{"href":"https:\/\/softvenceomega.com\/index.php?rest_route=\/wp\/v2\/types\/page"}],"author":[{"embeddable":true,"href":"https:\/\/softvenceomega.com\/index.php?rest_route=\/wp\/v2\/users\/3"}],"replies":[{"embeddable":true,"href":"https:\/\/softvenceomega.com\/index.php?rest_route=%2Fwp%2Fv2%2Fcomments&post=4021"}],"version-history":[{"count":0,"href":"https:\/\/softvenceomega.com\/index.php?rest_route=\/wp\/v2\/pages\/4021\/revisions"}],"wp:featuredmedia":[{"embeddable":true,"href":"https:\/\/softvenceomega.com\/index.php?rest_route=\/wp\/v2\/media\/975"}],"wp:attachment":[{"href":"https:\/\/softvenceomega.com\/index.php?rest_route=%2Fwp%2Fv2%2Fmedia&parent=4021"}],"curies":[{"name":"wp","href":"https:\/\/api.w.org\/{rel}","templated":true}]}}