{"id":98,"date":"2018-02-21T12:54:46","date_gmt":"2018-02-21T11:54:46","guid":{"rendered":"https:\/\/softvenceomega.com\/?page_id=98"},"modified":"2019-10-28T19:56:12","modified_gmt":"2019-10-28T18:56:12","slug":"corporate-events","status":"publish","type":"page","link":"https:\/\/softvenceomega.com\/?page_id=98","title":{"rendered":"Corporate Events"},"content":{"rendered":"[vc_row full_width=&#8221;stretch_row&#8221; parallax=&#8221;content-moving&#8221; parallax_image=&#8221;1175&#8243; parallax_speed_bg=&#8221;2&#8243; el_id=&#8221;catering&#8221;][vc_column][vc_empty_space height=&#8221;400px&#8221;][\/vc_column][\/vc_row][vc_row css=&#8221;.vc_custom_1523534886296{margin-top: 50px !important;margin-bottom: 50px !important;}&#8221;][vc_column][vc_column_text]\n<h1 style=\"text-align: center;\">Corporate Events<\/h1>\n[\/vc_column_text][\/vc_column][\/vc_row][vc_row css=&#8221;.vc_custom_1523534900138{margin-bottom: 50px !important;}&#8221;][vc_column][vc_column_text]Sie planen ein Event und brauchen daf\u00fcr einen Ansprechpartner der sich um die Getr\u00e4nke und Unterhaltung Ihrer G\u00e4ste k\u00fcmmert? Dann sind Sie bei uns richtig. Seit 5 Jahren k\u00fcmmern wir uns um Firmenfeiern im Raum Berlin und in ganz Deutschland. Weihnachtsfeiern, Sommerfeste, Get-Togehter oder Team building Events. Jedes Event ist anders, daf\u00fcr haben wir unsere Angebote angepasst um Ihren G\u00e4sten einen unvergesslichen Abend zu schenken.[\/vc_column_text][\/vc_column][\/vc_row][vc_row css=&#8221;.vc_custom_1523534910200{margin-bottom: 30px !important;}&#8221;][vc_column width=&#8221;1\/4&#8243;][vc_single_image image=&#8221;1177&#8243; img_size=&#8221;full&#8221; alignment=&#8221;center&#8221; style=&#8221;vc_box_shadow_border_circle_2&#8243; onclick=&#8221;zoom&#8221;][\/vc_column][vc_column width=&#8221;3\/4&#8243;][vc_column_text]\n<h2 style=\"text-align: center;\">klassisches Cocktail Catering<\/h2>\n<p>Ein guter Drink ist der perfekte Start f\u00fcr gute Gespr\u00e4che. Sie w\u00fcnschen sich Mixgetr\u00e4nke wie Longdrinks, frisch zubereitete Smoothies oder leckere Cocktails? Unsere professionellen <a href=\"\/barkeeper-mieten\/\">Barkeeper<\/a> werden eine f\u00fcr Sie angepasste Cocktailkarte f\u00fcr Ihre Veranstaltung kreieren, nach der sich dann auch unser <a href=\"\/cocktailcatering\/\">Cocktailcatering<\/a> richtet. Wir lieben Herausforderungen und unsere Kreativit\u00e4t kennt keine Grenzen. Fragen Sie uns &#8211; wir sind auf Ihr Event gespannt.<\/p>\n[\/vc_column_text][\/vc_column][\/vc_row][vc_row css=&#8221;.vc_custom_1523547419936{margin-bottom: 50px !important;}&#8221;][vc_column width=&#8221;1\/2&#8243;][vc_btn title=&#8221;Schauen Sie in unsere Cocktailkarte&#8221; style=&#8221;outline-custom&#8221; outline_custom_color=&#8221;#666666&#8243; outline_custom_hover_background=&#8221;#666666&#8243; outline_custom_hover_text=&#8221;#ffffff&#8221; shape=&#8221;square&#8221; align=&#8221;center&#8221; link=&#8221;url:https%3A%2F%2Fwww.flairlab.de%2Fflairlab-cocktailkarte%2F|||&#8221; css=&#8221;.vc_custom_1543876547761{margin-bottom: 30px !important;}&#8221;][\/vc_column][vc_column width=&#8221;1\/2&#8243;][vc_btn title=&#8221;zur Anfrage&#8221; style=&#8221;outline-custom&#8221; outline_custom_color=&#8221;#666666&#8243; outline_custom_hover_background=&#8221;#666666&#8243; outline_custom_hover_text=&#8221;#ffffff&#8221; shape=&#8221;square&#8221; align=&#8221;center&#8221; link=&#8221;url:https%3A%2F%2Fsoftvenceomega.com%2Fkontakt-zum-flairlab-team%2F|||&#8221; css=&#8221;.vc_custom_1566236958377{margin-bottom: 30px !important;}&#8221;][\/vc_column][\/vc_row][vc_row full_width=&#8221;stretch_row&#8221; css=&#8221;.vc_custom_1523549729988{padding-top: 30px !important;padding-bottom: 50px !important;background-color: #f2f2f2 !important;}&#8221;][vc_column][vc_column_text]\n<h2 style=\"text-align: center;\">Das besondere an FLAIRLAB<\/h2>\n<p>Wir bringen alles mit was wir brauchen. Buchen Sie das klassische FLAIRLAB &#8211; Cocktail Catering Paket und genie\u00dfen Sie.<br \/>\n<a href=\"\/mobile-cocktailbar\/\">Mobile Bars<\/a>, Gl\u00e4ser, Eis &#8230; wir \u00fcbernehmen die Bar Logistik was Ihnen mehr Zeit mit Ihren G\u00e4ste l\u00e4sst.\u00a0Wir sind professionelle Barkeeper\/Barmixer, Sie haben es bei uns nur mit Barkeepern vom Fach zu tun. Dadurch k\u00f6nnen wir an jedem Ort schnell und effektiv auf jede Situation reagieren.<\/p>\n<p>F\u00fcr Agenturen und Event-Locations:<br \/>\nSie wollen unsere professionellen Barkeeper buchen, aber Sie wollen Ihre eigenen Spirituosen und Cocktailzutaten verwenden. Kein Problem. Unsere St\u00e4rke ist unser Know-how. Wir erstellen entsprechende Drink-Konzepte, Bestellungs-Sheets und passen uns an Ihren Bedarf an.[\/vc_column_text][\/vc_column][\/vc_row][vc_row full_width=&#8221;stretch_row&#8221; parallax=&#8221;content-moving&#8221; parallax_image=&#8221;1184&#8243; parallax_speed_bg=&#8221;2&#8243; el_id=&#8221;show&#8221;][vc_column][vc_empty_space height=&#8221;400px&#8221;][\/vc_column][\/vc_row][vc_row css=&#8221;.vc_custom_1523535045560{margin-top: 50px !important;margin-bottom: 30px !important;}&#8221;][vc_column width=&#8221;1\/4&#8243;][vc_single_image image=&#8221;302&#8243; img_size=&#8221;full&#8221; alignment=&#8221;center&#8221; style=&#8221;vc_box_shadow_border_circle_2&#8243; onclick=&#8221;zoom&#8221;][\/vc_column][vc_column width=&#8221;3\/4&#8243;][vc_column_text]\n<h2 style=\"text-align: center;\">Showbarkeeper &amp; Entertainment Service<\/h2>\n<p>Leckere Cocktails sind nicht genug f\u00fcr Ihr Event? Sie wollen Ihre G\u00e4ste auch direkt am Tresen unterhalten? \u00a0Mit unseren <a href=\"\/showbarkeeper-mieten\/\">Showbarkeepern<\/a>, die mit Tricks und Zauberei Ihre Cocktails vorbereiten, \u00a0DJs &amp; Singer oder Akrobaten &amp; T\u00e4nzer die richtig Stimmung auf die Tranzfl\u00e4che bringen, liegen Sie immer richtig.<\/p>\n<p>Die Showbarkeeper und K\u00fcnstler von unserem FLAIRLAB Team kennen sich gut und k\u00f6nnen Ihrer Veranstaltung den passenden Flair verpassen.<\/p>\n[\/vc_column_text][\/vc_column][\/vc_row][vc_row css=&#8221;.vc_custom_1523535058136{margin-bottom: 50px !important;}&#8221;][vc_column width=&#8221;1\/2&#8243;][vc_btn title=&#8221;Mehr \u00fcber unsere Showbarkeeper und K\u00fcnstler&#8221; style=&#8221;outline-custom&#8221; outline_custom_color=&#8221;#666666&#8243; outline_custom_hover_background=&#8221;#666666&#8243; outline_custom_hover_text=&#8221;#ffffff&#8221; shape=&#8221;square&#8221; align=&#8221;center&#8221; link=&#8221;url:https%3A%2F%2Fwww.flairlab.de%2Fshowbarkeeper-cocktailshow%2F|||&#8221;][\/vc_column][vc_column width=&#8221;1\/2&#8243;][vc_btn title=&#8221;zur Anfrage&#8221; style=&#8221;outline-custom&#8221; outline_custom_color=&#8221;#666666&#8243; outline_custom_hover_background=&#8221;#666666&#8243; outline_custom_hover_text=&#8221;#ffffff&#8221; shape=&#8221;square&#8221; align=&#8221;center&#8221; link=&#8221;url:https%3A%2F%2Fsoftvenceomega.com%2Fkontakt-zum-flairlab-team%2F|||&#8221; css=&#8221;.vc_custom_1566237077708{margin-bottom: 30px !important;}&#8221;][\/vc_column][\/vc_row][vc_row full_width=&#8221;stretch_row&#8221; parallax=&#8221;content-moving&#8221; parallax_image=&#8221;1181&#8243; parallax_speed_bg=&#8221;2&#8243; el_id=&#8221;teambuilding&#8221;][vc_column][vc_empty_space height=&#8221;400px&#8221;][\/vc_column][\/vc_row][vc_row css=&#8221;.vc_custom_1523548703822{margin-top: 50px !important;margin-bottom: 50px !important;}&#8221;][vc_column][vc_column_text]\n<h2 style=\"text-align: center;\">Team Building &amp; Cocktailkurse<\/h2>\n<p>Sie wollen einen Corporate Event organisieren? Ihre G\u00e4ste sollen aber nicht nur feiern sondern auch miteinander agieren und sich kennenlernen? Mit unserem <a href=\"\/cocktailkurs-berlin\/\">Cocktailkurs<\/a> \u201cAround the Cocktailbar\u201c bieten wir Ihnen eine angenehme Mischung aus Bar-Catering und <a href=\"\/teambuilding-event\/\">Teambuilding-Event<\/a>. Die G\u00e4ste werden die Cocktails mithilfe unserer professionellen Barkeepern vorbereiten und anschlie\u00dfend genie\u00dfen. [\/vc_column_text][vc_btn title=&#8221;Weitere Informationen&#8221; style=&#8221;outline-custom&#8221; outline_custom_color=&#8221;#666666&#8243; outline_custom_hover_background=&#8221;#666666&#8243; outline_custom_hover_text=&#8221;#ffffff&#8221; shape=&#8221;square&#8221; align=&#8221;center&#8221; link=&#8221;url:https%3A%2F%2Fsoftvenceomega.com%2Fteambuilding-event%2F|||&#8221; css=&#8221;.vc_custom_1566237433694{margin-bottom: 50px !important;}&#8221;][\/vc_column][\/vc_row][vc_row full_width=&#8221;stretch_row&#8221; parallax=&#8221;content-moving&#8221; parallax_image=&#8221;634&#8243; parallax_speed_bg=&#8221;2&#8243; el_id=&#8221;leistungen&#8221;][vc_column][vc_empty_space height=&#8221;400px&#8221;][\/vc_column][\/vc_row][vc_row css=&#8221;.vc_custom_1523535098980{margin-top: 50px !important;margin-bottom: 50px !important;}&#8221;][vc_column][vc_column_text]\n<h2 style=\"text-align: center;\">Leistungen von FLAIRLAB:<\/h2>\n<p>Wir bringen alles mit was wir brauchen. Buchen Sie das klassische FLAIRLAB &#8211; Cocktail Catering Paket und genie\u00dfen Sie.<br \/>\nMobile Bars, Gl\u00e4ser, Eis &#8230; wir \u00fcbernehmen die Bar Logistik was Ihnen mehr Zeit mit Ihren G\u00e4ste l\u00e4sst.\u00a0Wir sind professionelle Barkeeper\/Barmixer. Sie haben es bei uns nur mit Barkeepern vom Fach zu tun. Dadurch k\u00f6nnen wir an jedem Ort schnell und effektiv auf jede Situation reagieren.<\/p>\n<p><strong>F\u00fcr Agenturen und Event-Locations:<\/strong><br \/>\nSie wollen unsere professionellen Barkeeper buchen, aber Sie wollen Ihre eigenen Spirituosen und Cocktailzutaten verwenden. Kein Problem, unsere St\u00e4rke ist unser Know-how. Wir erstellen entsprechende Drink-Konzepte, Bestellungs-Sheets und passen uns an Ihren Bedarf an.[\/vc_column_text][\/vc_column][\/vc_row]\n","protected":false},"excerpt":{"rendered":"<p>[vc_row full_width=&#8221;stretch_row&#8221; parallax=&#8221;content-moving&#8221; parallax_image=&#8221;1175&#8243; parallax_speed_bg=&#8221;2&#8243; el_id=&#8221;catering&#8221;][vc_column][vc_empty_space height=&#8221;400px&#8221;][\/vc_column][\/vc_row][vc_row css=&#8221;.vc_custom_1523534886296{margin-top: 50px !important;margin-bottom: 50px !important;}&#8221;][vc_column][vc_column_text] Corporate Events [\/vc_column_text][\/vc_column][\/vc_row][vc_row css=&#8221;.vc_custom_1523534900138{margin-bottom: 50px !important;}&#8221;][vc_column][vc_column_text]Sie planen ein Event und brauchen daf\u00fcr einen Ansprechpartner der sich um die Getr\u00e4nke und Unterhaltung Ihrer G\u00e4ste k\u00fcmmert? Dann sind Sie bei uns richtig. Seit 5 Jahren k\u00fcmmern wir uns um Firmenfeiern im Raum Berlin und in [&hellip;]<\/p>\n","protected":false},"author":3,"featured_media":0,"parent":0,"menu_order":0,"comment_status":"closed","ping_status":"closed","template":"","meta":{"content-type":"","footnotes":""},"class_list":["post-98","page","type-page","status-publish","hentry"],"yoast_head":"<!-- This site is optimized with the Yoast SEO Premium plugin v27.0 (Yoast SEO v27.1.1) - https:\/\/yoast.com\/product\/yoast-seo-premium-wordpress\/ -->\n<title>Corporate Events - FLAIRLAB<\/title>\n<meta name=\"description\" content=\"Corporate Events - Sie planen ein Event &amp; brauchen einen Ansprechpartner der sich um Getr\u00e4nke &amp; Unterhaltung k\u00fcmmert? Dann sind Sie bei uns richtig.\" \/>\n<meta name=\"robots\" content=\"index, follow, max-snippet:-1, max-image-preview:large, max-video-preview:-1\" \/>\n<link rel=\"canonical\" href=\"https:\/\/softvenceomega.com\/?page_id=98\" \/>\n<meta property=\"og:locale\" content=\"en_US\" \/>\n<meta property=\"og:type\" content=\"article\" \/>\n<meta property=\"og:title\" content=\"Corporate Events\" \/>\n<meta property=\"og:description\" content=\"Corporate Events - Sie planen ein Event &amp; brauchen einen Ansprechpartner der sich um Getr\u00e4nke &amp; Unterhaltung k\u00fcmmert? Dann sind Sie bei uns richtig.\" \/>\n<meta property=\"og:url\" content=\"https:\/\/softvenceomega.com\/?page_id=98\" \/>\n<meta property=\"og:site_name\" content=\"FLAIRLAB\" \/>\n<meta property=\"article:publisher\" content=\"https:\/\/m.facebook.com\/flairlab\" \/>\n<meta property=\"article:modified_time\" content=\"2019-10-28T18:56:12+00:00\" \/>\n<meta property=\"og:image\" content=\"https:\/\/softvenceomega.com\/wp-content\/uploads\/2018\/05\/Cocktailkurse-Firmenfeier-berlin.jpg\" \/>\n\t<meta property=\"og:image:width\" content=\"2560\" \/>\n\t<meta property=\"og:image:height\" content=\"1707\" \/>\n\t<meta property=\"og:image:type\" content=\"image\/jpeg\" \/>\n<meta name=\"twitter:card\" content=\"summary_large_image\" \/>\n<meta name=\"twitter:title\" content=\"Corporate Events\" \/>\n<meta name=\"twitter:description\" content=\"Corporate Events - Sie planen ein Event &amp; brauchen einen Ansprechpartner der sich um Getr\u00e4nke &amp; Unterhaltung k\u00fcmmert? Dann sind Sie bei uns richtig.\" \/>\n<meta name=\"twitter:image\" content=\"https:\/\/softvenceomega.com\/wp-content\/uploads\/2018\/05\/Cocktailkurse-Firmenfeier-berlin.jpg\" \/>\n<meta name=\"twitter:label1\" content=\"Est. reading time\" \/>\n\t<meta name=\"twitter:data1\" content=\"5 minutes\" \/>\n<script type=\"application\/ld+json\" class=\"yoast-schema-graph\">{\"@context\":\"https:\/\/schema.org\",\"@graph\":[{\"@type\":\"WebPage\",\"@id\":\"https:\/\/softvenceomega.com\/?page_id=98\",\"url\":\"https:\/\/softvenceomega.com\/?page_id=98\",\"name\":\"Corporate Events - FLAIRLAB\",\"isPartOf\":{\"@id\":\"https:\/\/softvenceomega.com\/#website\"},\"datePublished\":\"2018-02-21T11:54:46+00:00\",\"dateModified\":\"2019-10-28T18:56:12+00:00\",\"description\":\"Corporate Events - Sie planen ein Event & brauchen einen Ansprechpartner der sich um Getr\u00e4nke & Unterhaltung k\u00fcmmert? Dann sind Sie bei uns richtig.\",\"breadcrumb\":{\"@id\":\"https:\/\/softvenceomega.com\/?page_id=98#breadcrumb\"},\"inLanguage\":\"en-US\",\"potentialAction\":[{\"@type\":\"ReadAction\",\"target\":[\"https:\/\/softvenceomega.com\/?page_id=98\"]}]},{\"@type\":\"BreadcrumbList\",\"@id\":\"https:\/\/softvenceomega.com\/?page_id=98#breadcrumb\",\"itemListElement\":[{\"@type\":\"ListItem\",\"position\":1,\"name\":\"Startseite\",\"item\":\"https:\/\/softvenceomega.com\/\"},{\"@type\":\"ListItem\",\"position\":2,\"name\":\"Corporate Events\"}]},{\"@type\":\"WebSite\",\"@id\":\"https:\/\/softvenceomega.com\/#website\",\"url\":\"https:\/\/softvenceomega.com\/\",\"name\":\"FLAIRLAB\",\"description\":\"Cocktailshows &amp; Barcatering Berlin\",\"publisher\":{\"@id\":\"https:\/\/softvenceomega.com\/#organization\"},\"potentialAction\":[{\"@type\":\"SearchAction\",\"target\":{\"@type\":\"EntryPoint\",\"urlTemplate\":\"https:\/\/softvenceomega.com\/?s={search_term_string}\"},\"query-input\":{\"@type\":\"PropertyValueSpecification\",\"valueRequired\":true,\"valueName\":\"search_term_string\"}}],\"inLanguage\":\"en-US\"},{\"@type\":\"Organization\",\"@id\":\"https:\/\/softvenceomega.com\/#organization\",\"name\":\"FLAIRLAB\",\"url\":\"https:\/\/softvenceomega.com\/\",\"logo\":{\"@type\":\"ImageObject\",\"inLanguage\":\"en-US\",\"@id\":\"https:\/\/softvenceomega.com\/#\/schema\/logo\/image\/\",\"url\":\"https:\/\/softvenceomega.com\/wp-content\/uploads\/2018\/02\/flairlab_logo_footer.png\",\"contentUrl\":\"https:\/\/softvenceomega.com\/wp-content\/uploads\/2018\/02\/flairlab_logo_footer.png\",\"width\":140,\"height\":94,\"caption\":\"FLAIRLAB\"},\"image\":{\"@id\":\"https:\/\/softvenceomega.com\/#\/schema\/logo\/image\/\"},\"sameAs\":[\"https:\/\/m.facebook.com\/flairlab\",\"https:\/\/www.youtube.com\/channel\/UCbwwj0xCPRUalnWlgFs3l1A\"]}]}<\/script>\n<!-- \/ Yoast SEO Premium plugin. -->","yoast_head_json":{"title":"Corporate Events - FLAIRLAB","description":"Corporate Events - Sie planen ein Event & brauchen einen Ansprechpartner der sich um Getr\u00e4nke & Unterhaltung k\u00fcmmert? Dann sind Sie bei uns richtig.","robots":{"index":"index","follow":"follow","max-snippet":"max-snippet:-1","max-image-preview":"max-image-preview:large","max-video-preview":"max-video-preview:-1"},"canonical":"https:\/\/softvenceomega.com\/?page_id=98","og_locale":"en_US","og_type":"article","og_title":"Corporate Events","og_description":"Corporate Events - Sie planen ein Event & brauchen einen Ansprechpartner der sich um Getr\u00e4nke & Unterhaltung k\u00fcmmert? Dann sind Sie bei uns richtig.","og_url":"https:\/\/softvenceomega.com\/?page_id=98","og_site_name":"FLAIRLAB","article_publisher":"https:\/\/m.facebook.com\/flairlab","article_modified_time":"2019-10-28T18:56:12+00:00","og_image":[{"width":2560,"height":1707,"url":"https:\/\/softvenceomega.com\/wp-content\/uploads\/2018\/05\/Cocktailkurse-Firmenfeier-berlin.jpg","type":"image\/jpeg"}],"twitter_card":"summary_large_image","twitter_title":"Corporate Events","twitter_description":"Corporate Events - Sie planen ein Event & brauchen einen Ansprechpartner der sich um Getr\u00e4nke & Unterhaltung k\u00fcmmert? Dann sind Sie bei uns richtig.","twitter_image":"https:\/\/softvenceomega.com\/wp-content\/uploads\/2018\/05\/Cocktailkurse-Firmenfeier-berlin.jpg","twitter_misc":{"Est. reading time":"5 minutes"},"schema":{"@context":"https:\/\/schema.org","@graph":[{"@type":"WebPage","@id":"https:\/\/softvenceomega.com\/?page_id=98","url":"https:\/\/softvenceomega.com\/?page_id=98","name":"Corporate Events - FLAIRLAB","isPartOf":{"@id":"https:\/\/softvenceomega.com\/#website"},"datePublished":"2018-02-21T11:54:46+00:00","dateModified":"2019-10-28T18:56:12+00:00","description":"Corporate Events - Sie planen ein Event & brauchen einen Ansprechpartner der sich um Getr\u00e4nke & Unterhaltung k\u00fcmmert? Dann sind Sie bei uns richtig.","breadcrumb":{"@id":"https:\/\/softvenceomega.com\/?page_id=98#breadcrumb"},"inLanguage":"en-US","potentialAction":[{"@type":"ReadAction","target":["https:\/\/softvenceomega.com\/?page_id=98"]}]},{"@type":"BreadcrumbList","@id":"https:\/\/softvenceomega.com\/?page_id=98#breadcrumb","itemListElement":[{"@type":"ListItem","position":1,"name":"Startseite","item":"https:\/\/softvenceomega.com\/"},{"@type":"ListItem","position":2,"name":"Corporate Events"}]},{"@type":"WebSite","@id":"https:\/\/softvenceomega.com\/#website","url":"https:\/\/softvenceomega.com\/","name":"FLAIRLAB","description":"Cocktailshows &amp; Barcatering Berlin","publisher":{"@id":"https:\/\/softvenceomega.com\/#organization"},"potentialAction":[{"@type":"SearchAction","target":{"@type":"EntryPoint","urlTemplate":"https:\/\/softvenceomega.com\/?s={search_term_string}"},"query-input":{"@type":"PropertyValueSpecification","valueRequired":true,"valueName":"search_term_string"}}],"inLanguage":"en-US"},{"@type":"Organization","@id":"https:\/\/softvenceomega.com\/#organization","name":"FLAIRLAB","url":"https:\/\/softvenceomega.com\/","logo":{"@type":"ImageObject","inLanguage":"en-US","@id":"https:\/\/softvenceomega.com\/#\/schema\/logo\/image\/","url":"https:\/\/softvenceomega.com\/wp-content\/uploads\/2018\/02\/flairlab_logo_footer.png","contentUrl":"https:\/\/softvenceomega.com\/wp-content\/uploads\/2018\/02\/flairlab_logo_footer.png","width":140,"height":94,"caption":"FLAIRLAB"},"image":{"@id":"https:\/\/softvenceomega.com\/#\/schema\/logo\/image\/"},"sameAs":["https:\/\/m.facebook.com\/flairlab","https:\/\/www.youtube.com\/channel\/UCbwwj0xCPRUalnWlgFs3l1A"]}]}},"_links":{"self":[{"href":"https:\/\/softvenceomega.com\/index.php?rest_route=\/wp\/v2\/pages\/98","targetHints":{"allow":["GET"]}}],"collection":[{"href":"https:\/\/softvenceomega.com\/index.php?rest_route=\/wp\/v2\/pages"}],"about":[{"href":"https:\/\/softvenceomega.com\/index.php?rest_route=\/wp\/v2\/types\/page"}],"author":[{"embeddable":true,"href":"https:\/\/softvenceomega.com\/index.php?rest_route=\/wp\/v2\/users\/3"}],"replies":[{"embeddable":true,"href":"https:\/\/softvenceomega.com\/index.php?rest_route=%2Fwp%2Fv2%2Fcomments&post=98"}],"version-history":[{"count":0,"href":"https:\/\/softvenceomega.com\/index.php?rest_route=\/wp\/v2\/pages\/98\/revisions"}],"wp:attachment":[{"href":"https:\/\/softvenceomega.com\/index.php?rest_route=%2Fwp%2Fv2%2Fmedia&parent=98"}],"curies":[{"name":"wp","href":"https:\/\/api.w.org\/{rel}","templated":true}]}}